{"id":17472,"date":"2025-07-16T10:16:07","date_gmt":"2025-07-16T08:16:07","guid":{"rendered":"https:\/\/uj.adatbank.ro\/lexikon\/termek\/palosi-denes\/"},"modified":"2025-07-16T10:16:07","modified_gmt":"2025-07-16T08:16:07","slug":"palosi-denes","status":"publish","type":"product","link":"https:\/\/uj.adatbank.ro\/lexikon\/termek\/palosi-denes\/","title":{"rendered":"P\u00c1LOSI D\u00e9nes"},"content":{"rendered":"<p>Makfalva, 1863. m\u00e1rc. 5., \u2020 ?: fels\u0151-kereskedelmi iskolai tan\u00e1r. \u2013 Apja Makfalv\u00e1n evang ref. k\u00e1ntortan\u00edt\u00f3 volt, k\u00f6z\u00e9piskol\u00e1it a nagyenyedi ev. ref. kollegiumban v\u00e9gezte s ott szerzett tan\u00edt\u00f3i oklevelet. \u00dczleti gyakorlatra mint r\u00e9szv\u00e9nyt\u00e1rsulati fel\u00fcgyel\u0151 bizotts\u00e1gi tag tett szert. H\u00e1rom \u00e9vig a zilahi ev. ref. gimn\u00e1ziumban tan\u00edtott \u00e9s h\u00e1rom \u00e9vig Ilosv\u00e1n (Szil\u00e1gym.) volt paptan\u00edt\u00f3. Ezut\u00e1n a bp.-i Pedagogiumba iratkozott be, hol a matematikai \u00e9s term\u00e9szettudom\u00e1nyi szakb\u00f3l nyert polg\u00e1ri iskolai oklevelet; egy \u00e9vig Kaposv\u00e1rt vezetett egy mag\u00e1niskol\u00e1t; a temesv\u00e1ri Wiesner-f\u00e9le Fels\u0151 Kereskedelmi Iskol\u00e1ban mint rendes tan\u00e1r m\u0171k\u00f6di\u00f6tt (1890\u2013) tan\u00edtotta a mennyis\u00e9gtant, k\u00f6nyvviteltant \u00e9s irod. munk\u00e1latokat. Az \u00f6nk\u00e9pz\u0151k\u00f6r vezet\u0151je. Megalak\u00edtotta Temesv\u00e1rt a Mag\u00e1ntisztvisel\u0151k Orsz\u00e1gos Nyugd\u00edjegyes\u00fclet\u00e9nek v\u00e1lasztm\u00e1ny\u00e1t. Egyik szomsz\u00e9d k\u00f6zs\u00e9gben takar\u00e9k-egyletet l\u00e9tes\u00edtett \u00e9s azt vezette; ugyanott magyar t\u00e1rsask\u00f6rt szervezett. Kereskedelmi cikkeket \u00edrt a Keresked\u0151k Lapj\u00e1ba s a temesv\u00e1ri Polg\u00e1ri \u00e9s Keresk. Iskola \u00c9rtes\u00edt\u0151j\u00e9be, a Tisztvisel\u0151k Lapj\u00e1ba. \u2013 <strong>F. m.:<\/strong> Az egyszeres k\u00f6nyvvitel elm\u00e9lete \u00e9s gyakorlata. (Temesv\u00e1r, 1895.); Kett\u0151s k\u00f6nyvvitel elm\u00e9lete \u00e9s gyakorlata. (Temesv\u00e1r 1896). <br \/><strong>Irod.:<\/strong> Schack B\u00e9la: Kereskedelmi iskol\u00e1ink \u00e9s tan\u00e1raik a millenium esztendej\u00e9ben (Bp., 1896); Szinnyei; Todea\u2013F\u00fcl\u00f6p\u2013Avram<\/br><\/p>\n","protected":false},"excerpt":{"rendered":"<p>Makfalva, 1863. m\u00e1rc. 5., \u2020 ?: fels\u0151-kereskedelmi iskolai tan\u00e1r. \u2013 Apja Makfalv\u00e1n evang ref. k\u00e1ntortan\u00edt\u00f3 volt, k\u00f6z\u00e9piskol\u00e1it a nagyenyedi ev. ref. kollegiumban v\u00e9gezte s ott szerzett tan\u00edt\u00f3i oklevelet. \u00dczleti gyakorlatra mint r\u00e9szv\u00e9nyt\u00e1rsulati fel\u00fcgyel\u0151 bizotts\u00e1gi tag tett szert. H\u00e1rom \u00e9vig a zilahi ev. ref. gimn\u00e1ziumban tan\u00edtott \u00e9s h\u00e1rom \u00e9vig Ilosv\u00e1n (Szil\u00e1gym.) volt paptan\u00edt\u00f3. Ezut\u00e1n a bp.-i [&hellip;]<\/p>\n","protected":false},"featured_media":0,"comment_status":"open","ping_status":"closed","template":"","meta":[],"product_brand":[],"product_cat":[137],"product_tag":[],"class_list":{"0":"post-17472","1":"product","2":"type-product","3":"status-publish","5":"product_cat-maros-megyei-eletrajzi-lexikon","7":"first","8":"instock","9":"shipping-taxable","10":"product-type-simple"},"_links":{"self":[{"href":"https:\/\/uj.adatbank.ro\/lexikon\/wp-json\/wp\/v2\/product\/17472","targetHints":{"allow":["GET"]}}],"collection":[{"href":"https:\/\/uj.adatbank.ro\/lexikon\/wp-json\/wp\/v2\/product"}],"about":[{"href":"https:\/\/uj.adatbank.ro\/lexikon\/wp-json\/wp\/v2\/types\/product"}],"replies":[{"embeddable":true,"href":"https:\/\/uj.adatbank.ro\/lexikon\/wp-json\/wp\/v2\/comments?post=17472"}],"wp:attachment":[{"href":"https:\/\/uj.adatbank.ro\/lexikon\/wp-json\/wp\/v2\/media?parent=17472"}],"wp:term":[{"taxonomy":"product_brand","embeddable":true,"href":"https:\/\/uj.adatbank.ro\/lexikon\/wp-json\/wp\/v2\/product_brand?post=17472"},{"taxonomy":"product_cat","embeddable":true,"href":"https:\/\/uj.adatbank.ro\/lexikon\/wp-json\/wp\/v2\/product_cat?post=17472"},{"taxonomy":"product_tag","embeddable":true,"href":"https:\/\/uj.adatbank.ro\/lexikon\/wp-json\/wp\/v2\/product_tag?post=17472"}],"curies":[{"name":"wp","href":"https:\/\/api.w.org\/{rel}","templated":true}]}}