{"id":17473,"date":"2025-07-16T10:16:09","date_gmt":"2025-07-16T08:16:09","guid":{"rendered":"https:\/\/uj.adatbank.ro\/lexikon\/termek\/palosi-erno\/"},"modified":"2025-07-16T10:16:09","modified_gmt":"2025-07-16T08:16:09","slug":"palosi-erno","status":"publish","type":"product","link":"https:\/\/uj.adatbank.ro\/lexikon\/termek\/palosi-erno\/","title":{"rendered":"P\u00c1LOSI Ern\u0151"},"content":{"rendered":"<p>? \u2020\u00a02016: t\u00e1ncos. \u2013 Mv.-en a Maros M\u0171v\u00e9szegy\u00fcttes tagja, igazi szimpadi alkat\u00fa, j\u00f3 t\u00e1ncos. Az egy\u00fcttes jap\u00e1n turn\u00e9ja ut\u00e1n nem t\u00e9rt haza Erd\u00e9lybe. Ausztr\u00e1li\u00e1ba szeretett volna elj\u00fatni sikertelen\u00fcl, Magyarorsz\u00e1gon se tal\u00e1lta hely\u00e9t, \u00f6ngyilkos lett. &#8211;<br \/><strong>Irod.:<\/strong> Sz\u00e9kely Sz.Z.<\/br><\/p>\n","protected":false},"excerpt":{"rendered":"<p>? \u2020\u00a02016: t\u00e1ncos. \u2013 Mv.-en a Maros M\u0171v\u00e9szegy\u00fcttes tagja, igazi szimpadi alkat\u00fa, j\u00f3 t\u00e1ncos. Az egy\u00fcttes jap\u00e1n turn\u00e9ja ut\u00e1n nem t\u00e9rt haza Erd\u00e9lybe. Ausztr\u00e1li\u00e1ba szeretett volna elj\u00fatni sikertelen\u00fcl, Magyarorsz\u00e1gon se tal\u00e1lta hely\u00e9t, \u00f6ngyilkos lett. &#8211;Irod.: Sz\u00e9kely Sz.Z.<\/p>\n","protected":false},"featured_media":0,"comment_status":"open","ping_status":"closed","template":"","meta":[],"product_brand":[],"product_cat":[137],"product_tag":[],"class_list":{"0":"post-17473","1":"product","2":"type-product","3":"status-publish","5":"product_cat-maros-megyei-eletrajzi-lexikon","7":"first","8":"instock","9":"shipping-taxable","10":"product-type-simple"},"_links":{"self":[{"href":"https:\/\/uj.adatbank.ro\/lexikon\/wp-json\/wp\/v2\/product\/17473","targetHints":{"allow":["GET"]}}],"collection":[{"href":"https:\/\/uj.adatbank.ro\/lexikon\/wp-json\/wp\/v2\/product"}],"about":[{"href":"https:\/\/uj.adatbank.ro\/lexikon\/wp-json\/wp\/v2\/types\/product"}],"replies":[{"embeddable":true,"href":"https:\/\/uj.adatbank.ro\/lexikon\/wp-json\/wp\/v2\/comments?post=17473"}],"wp:attachment":[{"href":"https:\/\/uj.adatbank.ro\/lexikon\/wp-json\/wp\/v2\/media?parent=17473"}],"wp:term":[{"taxonomy":"product_brand","embeddable":true,"href":"https:\/\/uj.adatbank.ro\/lexikon\/wp-json\/wp\/v2\/product_brand?post=17473"},{"taxonomy":"product_cat","embeddable":true,"href":"https:\/\/uj.adatbank.ro\/lexikon\/wp-json\/wp\/v2\/product_cat?post=17473"},{"taxonomy":"product_tag","embeddable":true,"href":"https:\/\/uj.adatbank.ro\/lexikon\/wp-json\/wp\/v2\/product_tag?post=17473"}],"curies":[{"name":"wp","href":"https:\/\/api.w.org\/{rel}","templated":true}]}}