{"id":17474,"date":"2025-07-16T10:16:11","date_gmt":"2025-07-16T08:16:11","guid":{"rendered":"https:\/\/uj.adatbank.ro\/lexikon\/termek\/palosi-lajos\/"},"modified":"2025-07-16T10:16:11","modified_gmt":"2025-07-16T08:16:11","slug":"palosi-lajos","status":"publish","type":"product","link":"https:\/\/uj.adatbank.ro\/lexikon\/termek\/palosi-lajos\/","title":{"rendered":"P\u00c1LOSI Lajos"},"content":{"rendered":"<p>Backamadaras, 1910. j\u00fal. 24., \u2020\u00a0?: gazd\u00e1lkod\u00f3. \u2013 Letart\u00f3zatt\u00e1k (1958. aug. 13.) \u00e9s t\u00f6bb rendbeni rendszerellenes megnyilv\u00e1nul\u00e1s miatt \u00e1ll\u00edtott\u00e1k b\u00edr\u00f3s\u00e1g el\u00e9. <br \/><strong>Irod.:<\/strong> 1956 Erd\u00e9lyben<\/br><\/p>\n","protected":false},"excerpt":{"rendered":"<p>Backamadaras, 1910. j\u00fal. 24., \u2020\u00a0?: gazd\u00e1lkod\u00f3. \u2013 Letart\u00f3zatt\u00e1k (1958. aug. 13.) \u00e9s t\u00f6bb rendbeni rendszerellenes megnyilv\u00e1nul\u00e1s miatt \u00e1ll\u00edtott\u00e1k b\u00edr\u00f3s\u00e1g el\u00e9. Irod.: 1956 Erd\u00e9lyben<\/p>\n","protected":false},"featured_media":0,"comment_status":"open","ping_status":"closed","template":"","meta":[],"product_brand":[],"product_cat":[137],"product_tag":[],"class_list":{"0":"post-17474","1":"product","2":"type-product","3":"status-publish","5":"product_cat-maros-megyei-eletrajzi-lexikon","7":"first","8":"instock","9":"shipping-taxable","10":"product-type-simple"},"_links":{"self":[{"href":"https:\/\/uj.adatbank.ro\/lexikon\/wp-json\/wp\/v2\/product\/17474","targetHints":{"allow":["GET"]}}],"collection":[{"href":"https:\/\/uj.adatbank.ro\/lexikon\/wp-json\/wp\/v2\/product"}],"about":[{"href":"https:\/\/uj.adatbank.ro\/lexikon\/wp-json\/wp\/v2\/types\/product"}],"replies":[{"embeddable":true,"href":"https:\/\/uj.adatbank.ro\/lexikon\/wp-json\/wp\/v2\/comments?post=17474"}],"wp:attachment":[{"href":"https:\/\/uj.adatbank.ro\/lexikon\/wp-json\/wp\/v2\/media?parent=17474"}],"wp:term":[{"taxonomy":"product_brand","embeddable":true,"href":"https:\/\/uj.adatbank.ro\/lexikon\/wp-json\/wp\/v2\/product_brand?post=17474"},{"taxonomy":"product_cat","embeddable":true,"href":"https:\/\/uj.adatbank.ro\/lexikon\/wp-json\/wp\/v2\/product_cat?post=17474"},{"taxonomy":"product_tag","embeddable":true,"href":"https:\/\/uj.adatbank.ro\/lexikon\/wp-json\/wp\/v2\/product_tag?post=17474"}],"curies":[{"name":"wp","href":"https:\/\/api.w.org\/{rel}","templated":true}]}}