{"id":17477,"date":"2025-07-16T10:16:17","date_gmt":"2025-07-16T08:16:17","guid":{"rendered":"https:\/\/uj.adatbank.ro\/lexikon\/termek\/palur-istvan-alneve-timotheus\/"},"modified":"2025-07-16T10:16:17","modified_gmt":"2025-07-16T08:16:17","slug":"palur-istvan-alneve-timotheus","status":"publish","type":"product","link":"https:\/\/uj.adatbank.ro\/lexikon\/termek\/palur-istvan-alneve-timotheus\/","title":{"rendered":"P\u00c1L\u00daR Istv\u00e1n, \u00e1lneve Timotheus"},"content":{"rendered":"<p>Piskolt, 1884. nov. 17., \u2020 Hagym\u00e1sbodon, 1961. \u00e1pr. 12.: ref. pap, \u00edr\u00f3, publicista. \u2013 Feles\u00e9ge: Varga Eleonora (1898\u20131990). Teol\u00f3giai tanulm\u00e1nyait Debrecenben v\u00e9gezte (1911). Reform\u00e1tus lelk\u00e9sz Nagyk\u00e1rolyban, Hajd\u00fan\u00e1n\u00e1son, Mak\u00f3n, Aradon (1919\u201323), ahol betan\u00edt\u00f3 lelk\u00e9sz a R. K. F\u0151gimn.-ban, Lipp\u00e1n, Sz\u00e9kelyvaj\u00e1ban (1923\u201335), Piskolt, Asszonyv\u00e1s\u00e1ra, Hagym\u00e1sbodonban. Cikkei aradi, nagyv\u00e1radi \u00fajs\u00e1gokban \u00e9s a Brass\u00f3i Lapokban jelentek meg.- <strong>F. m.:<\/strong> Di\u00e1kkori eml\u00e9kek (Arad, 1923); Karcolat a n\u0151kr\u0151l (Arad-Lippa, 1924); Kar\u00e1csonyi gondolatok a szeg\u00e9ny gyerekek kar\u00e1csonyf\u00e1j\u00e1ra (Arad, 1924); Harc a s\u00e1t\u00e1nnal\u00a0: Reg\u00e9ny (Arad., 1927); Mag\u00e1nyban (Staraussmann Jakab f\u0151rabbi el\u0151szav\u00e1val Mv., 1936). <br \/><strong>Irod.:<\/strong> RMIL<\/br><\/p>\n","protected":false},"excerpt":{"rendered":"<p>Piskolt, 1884. nov. 17., \u2020 Hagym\u00e1sbodon, 1961. \u00e1pr. 12.: ref. pap, \u00edr\u00f3, publicista. \u2013 Feles\u00e9ge: Varga Eleonora (1898\u20131990). Teol\u00f3giai tanulm\u00e1nyait Debrecenben v\u00e9gezte (1911). Reform\u00e1tus lelk\u00e9sz Nagyk\u00e1rolyban, Hajd\u00fan\u00e1n\u00e1son, Mak\u00f3n, Aradon (1919\u201323), ahol betan\u00edt\u00f3 lelk\u00e9sz a R. K. F\u0151gimn.-ban, Lipp\u00e1n, Sz\u00e9kelyvaj\u00e1ban (1923\u201335), Piskolt, Asszonyv\u00e1s\u00e1ra, Hagym\u00e1sbodonban. Cikkei aradi, nagyv\u00e1radi \u00fajs\u00e1gokban \u00e9s a Brass\u00f3i Lapokban jelentek meg.- F. m.: [&hellip;]<\/p>\n","protected":false},"featured_media":0,"comment_status":"open","ping_status":"closed","template":"","meta":[],"product_brand":[],"product_cat":[137],"product_tag":[],"class_list":{"0":"post-17477","1":"product","2":"type-product","3":"status-publish","5":"product_cat-maros-megyei-eletrajzi-lexikon","7":"first","8":"instock","9":"shipping-taxable","10":"product-type-simple"},"_links":{"self":[{"href":"https:\/\/uj.adatbank.ro\/lexikon\/wp-json\/wp\/v2\/product\/17477","targetHints":{"allow":["GET"]}}],"collection":[{"href":"https:\/\/uj.adatbank.ro\/lexikon\/wp-json\/wp\/v2\/product"}],"about":[{"href":"https:\/\/uj.adatbank.ro\/lexikon\/wp-json\/wp\/v2\/types\/product"}],"replies":[{"embeddable":true,"href":"https:\/\/uj.adatbank.ro\/lexikon\/wp-json\/wp\/v2\/comments?post=17477"}],"wp:attachment":[{"href":"https:\/\/uj.adatbank.ro\/lexikon\/wp-json\/wp\/v2\/media?parent=17477"}],"wp:term":[{"taxonomy":"product_brand","embeddable":true,"href":"https:\/\/uj.adatbank.ro\/lexikon\/wp-json\/wp\/v2\/product_brand?post=17477"},{"taxonomy":"product_cat","embeddable":true,"href":"https:\/\/uj.adatbank.ro\/lexikon\/wp-json\/wp\/v2\/product_cat?post=17477"},{"taxonomy":"product_tag","embeddable":true,"href":"https:\/\/uj.adatbank.ro\/lexikon\/wp-json\/wp\/v2\/product_tag?post=17477"}],"curies":[{"name":"wp","href":"https:\/\/api.w.org\/{rel}","templated":true}]}}