{"id":17479,"date":"2025-07-16T10:16:21","date_gmt":"2025-07-16T08:16:21","guid":{"rendered":"https:\/\/uj.adatbank.ro\/lexikon\/termek\/palyi-bela-2\/"},"modified":"2025-07-16T10:16:21","modified_gmt":"2025-07-16T08:16:21","slug":"palyi-bela-2","status":"publish","type":"product","link":"https:\/\/uj.adatbank.ro\/lexikon\/termek\/palyi-bela-2\/","title":{"rendered":"P\u00c1LYI B\u00e9la"},"content":{"rendered":"<p>? \u2020\u00a0?: ref. lelk\u00e9sz Ny\u00e1r\u00e1dszentbenedeken h\u00e1rom \u00e9vt\u00edzedig. \u0150 faragta gr. Toldalagi Mih\u00e1ly (1889\u20131941) kopjaf\u00e1j\u00e1t (1970 k\u00f6r\u00fcl) valamint az imaterem sz\u00f3sz\u00e9k\u00e9t (1986), amelynek tervez\u0151je Kereresztes Gyula, d\u00edsz\u00edt\u0151 rajzait Miholcsa J\u00f3zsef. <br \/><strong>Irod.:<\/strong> Sepsisz\u00e9ki<\/br><\/p>\n","protected":false},"excerpt":{"rendered":"<p>? \u2020\u00a0?: ref. lelk\u00e9sz Ny\u00e1r\u00e1dszentbenedeken h\u00e1rom \u00e9vt\u00edzedig. \u0150 faragta gr. Toldalagi Mih\u00e1ly (1889\u20131941) kopjaf\u00e1j\u00e1t (1970 k\u00f6r\u00fcl) valamint az imaterem sz\u00f3sz\u00e9k\u00e9t (1986), amelynek tervez\u0151je Kereresztes Gyula, d\u00edsz\u00edt\u0151 rajzait Miholcsa J\u00f3zsef. Irod.: Sepsisz\u00e9ki<\/p>\n","protected":false},"featured_media":0,"comment_status":"open","ping_status":"closed","template":"","meta":[],"product_brand":[],"product_cat":[137],"product_tag":[],"class_list":{"0":"post-17479","1":"product","2":"type-product","3":"status-publish","5":"product_cat-maros-megyei-eletrajzi-lexikon","7":"first","8":"instock","9":"shipping-taxable","10":"product-type-simple"},"_links":{"self":[{"href":"https:\/\/uj.adatbank.ro\/lexikon\/wp-json\/wp\/v2\/product\/17479","targetHints":{"allow":["GET"]}}],"collection":[{"href":"https:\/\/uj.adatbank.ro\/lexikon\/wp-json\/wp\/v2\/product"}],"about":[{"href":"https:\/\/uj.adatbank.ro\/lexikon\/wp-json\/wp\/v2\/types\/product"}],"replies":[{"embeddable":true,"href":"https:\/\/uj.adatbank.ro\/lexikon\/wp-json\/wp\/v2\/comments?post=17479"}],"wp:attachment":[{"href":"https:\/\/uj.adatbank.ro\/lexikon\/wp-json\/wp\/v2\/media?parent=17479"}],"wp:term":[{"taxonomy":"product_brand","embeddable":true,"href":"https:\/\/uj.adatbank.ro\/lexikon\/wp-json\/wp\/v2\/product_brand?post=17479"},{"taxonomy":"product_cat","embeddable":true,"href":"https:\/\/uj.adatbank.ro\/lexikon\/wp-json\/wp\/v2\/product_cat?post=17479"},{"taxonomy":"product_tag","embeddable":true,"href":"https:\/\/uj.adatbank.ro\/lexikon\/wp-json\/wp\/v2\/product_tag?post=17479"}],"curies":[{"name":"wp","href":"https:\/\/api.w.org\/{rel}","templated":true}]}}