{"id":1748,"date":"2025-06-28T11:51:53","date_gmt":"2025-06-28T09:51:53","guid":{"rendered":"https:\/\/uj.adatbank.ro\/lexikon\/termek\/albu-iacob\/"},"modified":"2025-06-28T11:51:53","modified_gmt":"2025-06-28T09:51:53","slug":"albu-iacob","status":"publish","type":"product","link":"https:\/\/uj.adatbank.ro\/lexikon\/termek\/albu-iacob\/","title":{"rendered":"ALBU Iacob"},"content":{"rendered":"<p>? \u2020 ? : malomtulajdonos. \u2013 Mez\u0151pagocs\u00e1ban volt malma (alap\u00edtott\u00e1k 1910), ahol \u00f6t alkalmazottal dolgozott. Az \u00e1llamos\u00edt\u00e1skor kisaj\u00e1t\u00edtott\u00e1k a malmot, \u00e9s m\u00e9g a lak\u00f3h\u00e1z\u00e1t, f\u00f6ldjeit \u00e9s minden szem\u00e9lyes vagyon\u00e1t, \u00e1llatait is elvett\u00e9k. Az \u00e1llamos\u00edtott malom \u00e9l\u00e9re Sz\u00e1sz G\u00e1bort nevezt\u00e9k ki \u00fcgyint\u00e9z\u0151nek (1948. j\u00fan.17.). <br \/><strong>Irod.:<\/strong> Bartos Zolt\u00e1n<\/br><\/p>\n","protected":false},"excerpt":{"rendered":"<p>? \u2020 ? : malomtulajdonos. \u2013 Mez\u0151pagocs\u00e1ban volt malma (alap\u00edtott\u00e1k 1910), ahol \u00f6t alkalmazottal dolgozott. Az \u00e1llamos\u00edt\u00e1skor kisaj\u00e1t\u00edtott\u00e1k a malmot, \u00e9s m\u00e9g a lak\u00f3h\u00e1z\u00e1t, f\u00f6ldjeit \u00e9s minden szem\u00e9lyes vagyon\u00e1t, \u00e1llatait is elvett\u00e9k. Az \u00e1llamos\u00edtott malom \u00e9l\u00e9re Sz\u00e1sz G\u00e1bort nevezt\u00e9k ki \u00fcgyint\u00e9z\u0151nek (1948. j\u00fan.17.). Irod.: Bartos Zolt\u00e1n<\/p>\n","protected":false},"featured_media":0,"comment_status":"open","ping_status":"closed","template":"","meta":[],"product_brand":[],"product_cat":[137],"product_tag":[],"class_list":{"0":"post-1748","1":"product","2":"type-product","3":"status-publish","5":"product_cat-maros-megyei-eletrajzi-lexikon","7":"first","8":"instock","9":"shipping-taxable","10":"product-type-simple"},"_links":{"self":[{"href":"https:\/\/uj.adatbank.ro\/lexikon\/wp-json\/wp\/v2\/product\/1748","targetHints":{"allow":["GET"]}}],"collection":[{"href":"https:\/\/uj.adatbank.ro\/lexikon\/wp-json\/wp\/v2\/product"}],"about":[{"href":"https:\/\/uj.adatbank.ro\/lexikon\/wp-json\/wp\/v2\/types\/product"}],"replies":[{"embeddable":true,"href":"https:\/\/uj.adatbank.ro\/lexikon\/wp-json\/wp\/v2\/comments?post=1748"}],"wp:attachment":[{"href":"https:\/\/uj.adatbank.ro\/lexikon\/wp-json\/wp\/v2\/media?parent=1748"}],"wp:term":[{"taxonomy":"product_brand","embeddable":true,"href":"https:\/\/uj.adatbank.ro\/lexikon\/wp-json\/wp\/v2\/product_brand?post=1748"},{"taxonomy":"product_cat","embeddable":true,"href":"https:\/\/uj.adatbank.ro\/lexikon\/wp-json\/wp\/v2\/product_cat?post=1748"},{"taxonomy":"product_tag","embeddable":true,"href":"https:\/\/uj.adatbank.ro\/lexikon\/wp-json\/wp\/v2\/product_tag?post=1748"}],"curies":[{"name":"wp","href":"https:\/\/api.w.org\/{rel}","templated":true}]}}