{"id":17480,"date":"2025-07-16T10:16:23","date_gmt":"2025-07-16T08:16:23","guid":{"rendered":"https:\/\/uj.adatbank.ro\/lexikon\/termek\/palyi-elek\/"},"modified":"2025-07-16T10:16:23","modified_gmt":"2025-07-16T08:16:23","slug":"palyi-elek","status":"publish","type":"product","link":"https:\/\/uj.adatbank.ro\/lexikon\/termek\/palyi-elek\/","title":{"rendered":"P\u00c1LYI Elek"},"content":{"rendered":"<p>1796 \u2020\u00a01846: sz\u00edn\u00e9sz, a magyar opera egyik megalap\u00edt\u00f3ja. \u2013 El\u0151bb B\u00e9csben m\u0171k\u00f6d\u00f6tt, azt\u00e1n Kv.-ra j\u00f6tt (1822), a kv.-i t\u00e1rsulattal erd\u00e9lyszerte szerepeltek. M\u0171k\u00f6d\u00f6tt Kass\u00e9n, Temesv\u00e1ron, Nagyv\u00e1radon, Buk.-ben is j\u00e1tszott t\u00e1rsulat\u00e1val magyarul, rom\u00e1nul, n\u00e9met\u00fcl, franci\u00e1ul (1840) Ut\u00e1na ism\u00e9t Erd\u00e9lyben m\u0171k\u00f6d\u00f6tt : Brass\u00f3, K\u00e9zdiv\u00e1s\u00e1rhely, D\u00e9s, Enyed. Mv.-en t\u00e1rsulata felbomlott. Sikereit mint h\u0151sszerelmes \u00e9s komikus aratta. <br \/><strong>Irod.:<\/strong> Wass P\u00e1l<\/br><\/p>\n","protected":false},"excerpt":{"rendered":"<p>1796 \u2020\u00a01846: sz\u00edn\u00e9sz, a magyar opera egyik megalap\u00edt\u00f3ja. \u2013 El\u0151bb B\u00e9csben m\u0171k\u00f6d\u00f6tt, azt\u00e1n Kv.-ra j\u00f6tt (1822), a kv.-i t\u00e1rsulattal erd\u00e9lyszerte szerepeltek. M\u0171k\u00f6d\u00f6tt Kass\u00e9n, Temesv\u00e1ron, Nagyv\u00e1radon, Buk.-ben is j\u00e1tszott t\u00e1rsulat\u00e1val magyarul, rom\u00e1nul, n\u00e9met\u00fcl, franci\u00e1ul (1840) Ut\u00e1na ism\u00e9t Erd\u00e9lyben m\u0171k\u00f6d\u00f6tt : Brass\u00f3, K\u00e9zdiv\u00e1s\u00e1rhely, D\u00e9s, Enyed. Mv.-en t\u00e1rsulata felbomlott. Sikereit mint h\u0151sszerelmes \u00e9s komikus aratta. Irod.: Wass P\u00e1l<\/p>\n","protected":false},"featured_media":0,"comment_status":"open","ping_status":"closed","template":"","meta":[],"product_brand":[],"product_cat":[137],"product_tag":[],"class_list":{"0":"post-17480","1":"product","2":"type-product","3":"status-publish","5":"product_cat-maros-megyei-eletrajzi-lexikon","7":"first","8":"instock","9":"shipping-taxable","10":"product-type-simple"},"_links":{"self":[{"href":"https:\/\/uj.adatbank.ro\/lexikon\/wp-json\/wp\/v2\/product\/17480","targetHints":{"allow":["GET"]}}],"collection":[{"href":"https:\/\/uj.adatbank.ro\/lexikon\/wp-json\/wp\/v2\/product"}],"about":[{"href":"https:\/\/uj.adatbank.ro\/lexikon\/wp-json\/wp\/v2\/types\/product"}],"replies":[{"embeddable":true,"href":"https:\/\/uj.adatbank.ro\/lexikon\/wp-json\/wp\/v2\/comments?post=17480"}],"wp:attachment":[{"href":"https:\/\/uj.adatbank.ro\/lexikon\/wp-json\/wp\/v2\/media?parent=17480"}],"wp:term":[{"taxonomy":"product_brand","embeddable":true,"href":"https:\/\/uj.adatbank.ro\/lexikon\/wp-json\/wp\/v2\/product_brand?post=17480"},{"taxonomy":"product_cat","embeddable":true,"href":"https:\/\/uj.adatbank.ro\/lexikon\/wp-json\/wp\/v2\/product_cat?post=17480"},{"taxonomy":"product_tag","embeddable":true,"href":"https:\/\/uj.adatbank.ro\/lexikon\/wp-json\/wp\/v2\/product_tag?post=17480"}],"curies":[{"name":"wp","href":"https:\/\/api.w.org\/{rel}","templated":true}]}}