{"id":17482,"date":"2025-07-16T10:16:28","date_gmt":"2025-07-16T08:16:28","guid":{"rendered":"https:\/\/uj.adatbank.ro\/lexikon\/termek\/pamfilovits-joan-janos\/"},"modified":"2025-07-16T10:16:28","modified_gmt":"2025-07-16T08:16:28","slug":"pamfilovits-joan-janos","status":"publish","type":"product","link":"https:\/\/uj.adatbank.ro\/lexikon\/termek\/pamfilovits-joan-janos\/","title":{"rendered":"PAMFILOVITS, Joan \/ J\u00e1nos"},"content":{"rendered":"<p>1780., \u2020 Magyarr\u00e9gen, 1866. ian. 8.: k\u00e1ntor, g. kat. pap. \u2013 Ioan Bob p\u00fcsp\u00f6k Magyarr\u00e9gen faluba helyezte szolg\u00e1lni (1822. m\u00e1rc. 7.), azel\u0151tt k\u00e1ntor volt. <br \/><strong>Irod.:<\/strong> Dobozi<\/br><\/p>\n","protected":false},"excerpt":{"rendered":"<p>1780., \u2020 Magyarr\u00e9gen, 1866. ian. 8.: k\u00e1ntor, g. kat. pap. \u2013 Ioan Bob p\u00fcsp\u00f6k Magyarr\u00e9gen faluba helyezte szolg\u00e1lni (1822. m\u00e1rc. 7.), azel\u0151tt k\u00e1ntor volt. Irod.: Dobozi<\/p>\n","protected":false},"featured_media":0,"comment_status":"open","ping_status":"closed","template":"","meta":[],"product_brand":[],"product_cat":[137],"product_tag":[],"class_list":{"0":"post-17482","1":"product","2":"type-product","3":"status-publish","5":"product_cat-maros-megyei-eletrajzi-lexikon","7":"first","8":"instock","9":"shipping-taxable","10":"product-type-simple"},"_links":{"self":[{"href":"https:\/\/uj.adatbank.ro\/lexikon\/wp-json\/wp\/v2\/product\/17482","targetHints":{"allow":["GET"]}}],"collection":[{"href":"https:\/\/uj.adatbank.ro\/lexikon\/wp-json\/wp\/v2\/product"}],"about":[{"href":"https:\/\/uj.adatbank.ro\/lexikon\/wp-json\/wp\/v2\/types\/product"}],"replies":[{"embeddable":true,"href":"https:\/\/uj.adatbank.ro\/lexikon\/wp-json\/wp\/v2\/comments?post=17482"}],"wp:attachment":[{"href":"https:\/\/uj.adatbank.ro\/lexikon\/wp-json\/wp\/v2\/media?parent=17482"}],"wp:term":[{"taxonomy":"product_brand","embeddable":true,"href":"https:\/\/uj.adatbank.ro\/lexikon\/wp-json\/wp\/v2\/product_brand?post=17482"},{"taxonomy":"product_cat","embeddable":true,"href":"https:\/\/uj.adatbank.ro\/lexikon\/wp-json\/wp\/v2\/product_cat?post=17482"},{"taxonomy":"product_tag","embeddable":true,"href":"https:\/\/uj.adatbank.ro\/lexikon\/wp-json\/wp\/v2\/product_tag?post=17482"}],"curies":[{"name":"wp","href":"https:\/\/api.w.org\/{rel}","templated":true}]}}