{"id":17487,"date":"2025-07-16T10:16:39","date_gmt":"2025-07-16T08:16:39","guid":{"rendered":"https:\/\/uj.adatbank.ro\/lexikon\/termek\/panamarenco-radu\/"},"modified":"2025-07-16T10:16:39","modified_gmt":"2025-07-16T08:16:39","slug":"panamarenco-radu","status":"publish","type":"product","link":"https:\/\/uj.adatbank.ro\/lexikon\/termek\/panamarenco-radu\/","title":{"rendered":"PANAMARENCO, Radu"},"content":{"rendered":"<p>? \u2020 ?: sz\u00edn\u00e9sz. \u2013 A Mv. \u00c1llami Sz\u00ednh\u00e1z rom\u00e1n tagozat\u00e1n m\u0171k\u00f6d\u00f6tt (1963\u20131970). A sz\u00edni- akad\u00e9mi\u00e1t Bukarestben k\u00e9s\u0151bb v\u00e9gezte el (1968\u20131972).- <strong>F. sz.:<\/strong> Merriman (Oscar Wilde: Bunbury); Curio (Shakespeare: A dou\u0103sprezecea noapte); Servitorul (Carlo Goldoni: G\u00e2lcevile din Chioggia); Pascu (G.Mihail-Zamfirescu: Domni\u015foara Nastasia); Luna veseliei-variet\u0103\u0163i; Agen\u0163ii de poli\u0163ie(R.Thomas:Capcana pentru un om singur), Tony (Arthur Miller:Vedere depe pod), Garsonul (Carlo Goldoni: C\u0103s\u0103torie prin concurs), Fiodor (A.Moiseevici Volodin: Sora cea mare), Gavril\u0103 (Simion Macovei: Pe 40m. lungime de und\u0103), Agentul (Camil Perescu: Mitic\u0103 Popescu), Ciobanul (B.Petriceicu Ha\u015fdeu: R\u0103zvan \u015fi Vidra), Revista veseliei (1967), Al patrulea actor (Simion Macovei: Scaunul f\u0103r\u0103 picioare), Siro (Niccolo Machiavelli: M\u0103tr\u0103guna), Cine poate r\u00e2de-sp. de variet\u0103\u0163i-, Crainicul cu balonul \u00e9s Un \u0163\u0103ran (V.Alecsandri: S\u00e2nziana \u015fi Pepelea), Colin (Moliere: George Dandin sau so\u0163ul p\u0103c\u0103lit).-Irod: Fodor Zeno<\/br><\/p>\n","protected":false},"excerpt":{"rendered":"<p>? \u2020 ?: sz\u00edn\u00e9sz. \u2013 A Mv. \u00c1llami Sz\u00ednh\u00e1z rom\u00e1n tagozat\u00e1n m\u0171k\u00f6d\u00f6tt (1963\u20131970). A sz\u00edni- akad\u00e9mi\u00e1t Bukarestben k\u00e9s\u0151bb v\u00e9gezte el (1968\u20131972).- F. sz.: Merriman (Oscar Wilde: Bunbury); Curio (Shakespeare: A dou\u0103sprezecea noapte); Servitorul (Carlo Goldoni: G\u00e2lcevile din Chioggia); Pascu (G.Mihail-Zamfirescu: Domni\u015foara Nastasia); Luna veseliei-variet\u0103\u0163i; Agen\u0163ii de poli\u0163ie(R.Thomas:Capcana pentru un om singur), Tony (Arthur Miller:Vedere depe [&hellip;]<\/p>\n","protected":false},"featured_media":0,"comment_status":"open","ping_status":"closed","template":"","meta":[],"product_brand":[],"product_cat":[137],"product_tag":[],"class_list":{"0":"post-17487","1":"product","2":"type-product","3":"status-publish","5":"product_cat-maros-megyei-eletrajzi-lexikon","7":"first","8":"instock","9":"shipping-taxable","10":"product-type-simple"},"_links":{"self":[{"href":"https:\/\/uj.adatbank.ro\/lexikon\/wp-json\/wp\/v2\/product\/17487","targetHints":{"allow":["GET"]}}],"collection":[{"href":"https:\/\/uj.adatbank.ro\/lexikon\/wp-json\/wp\/v2\/product"}],"about":[{"href":"https:\/\/uj.adatbank.ro\/lexikon\/wp-json\/wp\/v2\/types\/product"}],"replies":[{"embeddable":true,"href":"https:\/\/uj.adatbank.ro\/lexikon\/wp-json\/wp\/v2\/comments?post=17487"}],"wp:attachment":[{"href":"https:\/\/uj.adatbank.ro\/lexikon\/wp-json\/wp\/v2\/media?parent=17487"}],"wp:term":[{"taxonomy":"product_brand","embeddable":true,"href":"https:\/\/uj.adatbank.ro\/lexikon\/wp-json\/wp\/v2\/product_brand?post=17487"},{"taxonomy":"product_cat","embeddable":true,"href":"https:\/\/uj.adatbank.ro\/lexikon\/wp-json\/wp\/v2\/product_cat?post=17487"},{"taxonomy":"product_tag","embeddable":true,"href":"https:\/\/uj.adatbank.ro\/lexikon\/wp-json\/wp\/v2\/product_tag?post=17487"}],"curies":[{"name":"wp","href":"https:\/\/api.w.org\/{rel}","templated":true}]}}