{"id":17489,"date":"2025-07-16T10:16:42","date_gmt":"2025-07-16T08:16:42","guid":{"rendered":"https:\/\/uj.adatbank.ro\/lexikon\/termek\/panczel-danes-panczel-denes\/"},"modified":"2025-07-16T10:16:42","modified_gmt":"2025-07-16T08:16:42","slug":"panczel-danes-panczel-denes","status":"publish","type":"product","link":"https:\/\/uj.adatbank.ro\/lexikon\/termek\/panczel-danes-panczel-denes\/","title":{"rendered":"P\u00c1NCZ\u00c9L D\u00e1nes, P\u00e1ncz\u00e9l D\u00e9nes"},"content":{"rendered":"<p>1902., \u2020\u00a01978.: ref. lelk\u00e9sz. \u2013 Feles\u00e9ge: Kelemen Olga (1908\u20131991). \u2013 Mv.-en seg\u00e9dlelk\u00e9sz (1927), majd a Madarasi-Feket\u00e9n lelk\u00e9sz (1930\u2013).-<br \/><strong>Irod.:<\/strong> Cs\u00e1ky<\/br><\/p>\n","protected":false},"excerpt":{"rendered":"<p>1902., \u2020\u00a01978.: ref. lelk\u00e9sz. \u2013 Feles\u00e9ge: Kelemen Olga (1908\u20131991). \u2013 Mv.-en seg\u00e9dlelk\u00e9sz (1927), majd a Madarasi-Feket\u00e9n lelk\u00e9sz (1930\u2013).-Irod.: Cs\u00e1ky<\/p>\n","protected":false},"featured_media":0,"comment_status":"open","ping_status":"closed","template":"","meta":[],"product_brand":[],"product_cat":[137],"product_tag":[],"class_list":{"0":"post-17489","1":"product","2":"type-product","3":"status-publish","5":"product_cat-maros-megyei-eletrajzi-lexikon","7":"first","8":"instock","9":"shipping-taxable","10":"product-type-simple"},"_links":{"self":[{"href":"https:\/\/uj.adatbank.ro\/lexikon\/wp-json\/wp\/v2\/product\/17489","targetHints":{"allow":["GET"]}}],"collection":[{"href":"https:\/\/uj.adatbank.ro\/lexikon\/wp-json\/wp\/v2\/product"}],"about":[{"href":"https:\/\/uj.adatbank.ro\/lexikon\/wp-json\/wp\/v2\/types\/product"}],"replies":[{"embeddable":true,"href":"https:\/\/uj.adatbank.ro\/lexikon\/wp-json\/wp\/v2\/comments?post=17489"}],"wp:attachment":[{"href":"https:\/\/uj.adatbank.ro\/lexikon\/wp-json\/wp\/v2\/media?parent=17489"}],"wp:term":[{"taxonomy":"product_brand","embeddable":true,"href":"https:\/\/uj.adatbank.ro\/lexikon\/wp-json\/wp\/v2\/product_brand?post=17489"},{"taxonomy":"product_cat","embeddable":true,"href":"https:\/\/uj.adatbank.ro\/lexikon\/wp-json\/wp\/v2\/product_cat?post=17489"},{"taxonomy":"product_tag","embeddable":true,"href":"https:\/\/uj.adatbank.ro\/lexikon\/wp-json\/wp\/v2\/product_tag?post=17489"}],"curies":[{"name":"wp","href":"https:\/\/api.w.org\/{rel}","templated":true}]}}