{"id":17490,"date":"2025-07-16T10:16:45","date_gmt":"2025-07-16T08:16:45","guid":{"rendered":"https:\/\/uj.adatbank.ro\/lexikon\/termek\/panczel-imre\/"},"modified":"2025-07-16T10:16:45","modified_gmt":"2025-07-16T08:16:45","slug":"panczel-imre","status":"publish","type":"product","link":"https:\/\/uj.adatbank.ro\/lexikon\/termek\/panczel-imre\/","title":{"rendered":"P\u00c1NCZ\u00c9L Imre"},"content":{"rendered":"<p>? \u2020\u00a0?: lapszerkeszt\u0151. \u2013 A Sz\u00e9kely Ellenz\u00e9k minkat\u00e1rsa, p\u00e1rbajozott Vargha Lajos rend\u0151rkapit\u00e1nnyal mert kiteregette kor\u00e1bbi kaposv\u00e1ri viselt dolgait a lapban (1910), megsebes\u00fclt. Bern\u00e1dy Gy\u00f6rgy v\u00e1ros\u00e9p\u00edt\u0151 c\u00e9ljainak t\u00e1mogat\u00e1s\u00e1ra Marosv\u00e1s\u00e1rhely c. f\u00e9lhivatalos hetipalot adott ki (1911). A Kulturtpalota adminisztr\u00e1tora \u00e9s a k\u00e9pt\u00e1r \u0151re volt (1913\u201317). \u0150 rendezte el a k\u00e9pt\u00e1r M. Nemzeti Gal\u00e9ri\u00e1t\u00f3l \u201emeg\u0151rz\u00e9sre\u201d kapott, adom\u00e1nyob\u00f3l, v\u00e1s\u00e1rl\u00e1sokb\u00f3l \u00f6sszegy\u0171lt anyag\u00e1t. \u2013 <br \/><strong>Irod.:<\/strong> Id\u0151t\u00e1r 2; Mv. m\u0171v. v\u00e1r.<\/br><\/p>\n","protected":false},"excerpt":{"rendered":"<p>? \u2020\u00a0?: lapszerkeszt\u0151. \u2013 A Sz\u00e9kely Ellenz\u00e9k minkat\u00e1rsa, p\u00e1rbajozott Vargha Lajos rend\u0151rkapit\u00e1nnyal mert kiteregette kor\u00e1bbi kaposv\u00e1ri viselt dolgait a lapban (1910), megsebes\u00fclt. Bern\u00e1dy Gy\u00f6rgy v\u00e1ros\u00e9p\u00edt\u0151 c\u00e9ljainak t\u00e1mogat\u00e1s\u00e1ra Marosv\u00e1s\u00e1rhely c. f\u00e9lhivatalos hetipalot adott ki (1911). A Kulturtpalota adminisztr\u00e1tora \u00e9s a k\u00e9pt\u00e1r \u0151re volt (1913\u201317). \u0150 rendezte el a k\u00e9pt\u00e1r M. Nemzeti Gal\u00e9ri\u00e1t\u00f3l \u201emeg\u0151rz\u00e9sre\u201d kapott, adom\u00e1nyob\u00f3l, v\u00e1s\u00e1rl\u00e1sokb\u00f3l [&hellip;]<\/p>\n","protected":false},"featured_media":0,"comment_status":"open","ping_status":"closed","template":"","meta":[],"product_brand":[],"product_cat":[137],"product_tag":[],"class_list":{"0":"post-17490","1":"product","2":"type-product","3":"status-publish","5":"product_cat-maros-megyei-eletrajzi-lexikon","7":"first","8":"instock","9":"shipping-taxable","10":"product-type-simple"},"_links":{"self":[{"href":"https:\/\/uj.adatbank.ro\/lexikon\/wp-json\/wp\/v2\/product\/17490","targetHints":{"allow":["GET"]}}],"collection":[{"href":"https:\/\/uj.adatbank.ro\/lexikon\/wp-json\/wp\/v2\/product"}],"about":[{"href":"https:\/\/uj.adatbank.ro\/lexikon\/wp-json\/wp\/v2\/types\/product"}],"replies":[{"embeddable":true,"href":"https:\/\/uj.adatbank.ro\/lexikon\/wp-json\/wp\/v2\/comments?post=17490"}],"wp:attachment":[{"href":"https:\/\/uj.adatbank.ro\/lexikon\/wp-json\/wp\/v2\/media?parent=17490"}],"wp:term":[{"taxonomy":"product_brand","embeddable":true,"href":"https:\/\/uj.adatbank.ro\/lexikon\/wp-json\/wp\/v2\/product_brand?post=17490"},{"taxonomy":"product_cat","embeddable":true,"href":"https:\/\/uj.adatbank.ro\/lexikon\/wp-json\/wp\/v2\/product_cat?post=17490"},{"taxonomy":"product_tag","embeddable":true,"href":"https:\/\/uj.adatbank.ro\/lexikon\/wp-json\/wp\/v2\/product_tag?post=17490"}],"curies":[{"name":"wp","href":"https:\/\/api.w.org\/{rel}","templated":true}]}}