{"id":17491,"date":"2025-07-16T10:16:49","date_gmt":"2025-07-16T08:16:49","guid":{"rendered":"https:\/\/uj.adatbank.ro\/lexikon\/termek\/panczel-janos\/"},"modified":"2025-07-16T10:16:49","modified_gmt":"2025-07-16T08:16:49","slug":"panczel-janos","status":"publish","type":"product","link":"https:\/\/uj.adatbank.ro\/lexikon\/termek\/panczel-janos\/","title":{"rendered":"P\u00c1NCZ\u00c9L J\u00e1nos"},"content":{"rendered":"<p>Mez\u0151s\u00e1msond, 1919. j\u00fan. 10. \u2020 Mez\u0151s\u00e1msond, 2007. j\u00fan. 30.: gazd\u00e1lkod\u00f3.- P. Istv\u00e1n \u00e9s Kiss P\u00f3li fia. \u2013 A mv.-i 23. Vad\u00e1sz Z\u00e1szl\u00f3aljhoz vonult be katon\u00e1nak (1940. dec. 3.\u2013). Sikeresen jelentkezett a M. Kir.-i Csend\u0151rs\u00e9ghez. Pr\u00f3bacsend\u0151r \u0151rvezet\u0151 a kv.-i Az \u00fcteg Zilahra k\u00fcldte tov\u00e1bbk\u00e9pz\u00e9sre, fokozati isk.-ba. Miut\u00e1n v\u00e9gzett, el\u0151bb r\u00f6vid ideig Tokajban, majd Bp.-en az I. sz\u00e1zadban teljes\u00edtett szolg\u00e1latot. A keleti front els\u0151 vonal\u00e1ban tizedesk\u00e9nt harcolt, szakaszvezet\u0151 volt, amikor Bp.-en fogs\u00e1gba esett \u00e9s a cegl\u00e9di gy\u0171jt\u0151l\u00e1gerbe vitt\u00e9k, majd onnan \u00e1tvitt\u00e9k Brass\u00f3ba a Fekete \u2013 kasz\u00e1rny\u00e1ba (1945. m\u00e1rc. ). Kiszabadult, de koholt v\u00e1dak alapj\u00e1n letart\u00f3ztatt\u00e1k, \u00e9s t\u00f6rv\u00e9nysz\u00e9k el\u00e9 \u00e1ll\u00edtott\u00e1k (1945. j\u00fan). Azzal v\u00e1dolt\u00e1k (alaptalanul), h. zsid\u00f3kat l\u0151tt agyon, \u00e9s 20 \u00e9v b\u00f6rt\u00f6nre \u00edt\u00e9lt\u00e9k. 10 \u00e9v b\u00f6rt\u00f6nb\u00fcntet\u00e9st Nagyenyeden t\u00f6lt\u00f6tt le. Kiszabadult \u00e9s hazat\u00e9rt Mez\u0151s\u00e1msondra (1955. j\u00fan.). <br \/><strong>Irod.:<\/strong> Mez\u0151s\u00e1msond; Nemes \u2013 Csend\u0151rs\u00e9g<\/br><\/p>\n","protected":false},"excerpt":{"rendered":"<p>Mez\u0151s\u00e1msond, 1919. j\u00fan. 10. \u2020 Mez\u0151s\u00e1msond, 2007. j\u00fan. 30.: gazd\u00e1lkod\u00f3.- P. Istv\u00e1n \u00e9s Kiss P\u00f3li fia. \u2013 A mv.-i 23. Vad\u00e1sz Z\u00e1szl\u00f3aljhoz vonult be katon\u00e1nak (1940. dec. 3.\u2013). Sikeresen jelentkezett a M. Kir.-i Csend\u0151rs\u00e9ghez. Pr\u00f3bacsend\u0151r \u0151rvezet\u0151 a kv.-i Az \u00fcteg Zilahra k\u00fcldte tov\u00e1bbk\u00e9pz\u00e9sre, fokozati isk.-ba. Miut\u00e1n v\u00e9gzett, el\u0151bb r\u00f6vid ideig Tokajban, majd Bp.-en az I. [&hellip;]<\/p>\n","protected":false},"featured_media":0,"comment_status":"open","ping_status":"closed","template":"","meta":[],"product_brand":[],"product_cat":[137],"product_tag":[],"class_list":{"0":"post-17491","1":"product","2":"type-product","3":"status-publish","5":"product_cat-maros-megyei-eletrajzi-lexikon","7":"first","8":"instock","9":"shipping-taxable","10":"product-type-simple"},"_links":{"self":[{"href":"https:\/\/uj.adatbank.ro\/lexikon\/wp-json\/wp\/v2\/product\/17491","targetHints":{"allow":["GET"]}}],"collection":[{"href":"https:\/\/uj.adatbank.ro\/lexikon\/wp-json\/wp\/v2\/product"}],"about":[{"href":"https:\/\/uj.adatbank.ro\/lexikon\/wp-json\/wp\/v2\/types\/product"}],"replies":[{"embeddable":true,"href":"https:\/\/uj.adatbank.ro\/lexikon\/wp-json\/wp\/v2\/comments?post=17491"}],"wp:attachment":[{"href":"https:\/\/uj.adatbank.ro\/lexikon\/wp-json\/wp\/v2\/media?parent=17491"}],"wp:term":[{"taxonomy":"product_brand","embeddable":true,"href":"https:\/\/uj.adatbank.ro\/lexikon\/wp-json\/wp\/v2\/product_brand?post=17491"},{"taxonomy":"product_cat","embeddable":true,"href":"https:\/\/uj.adatbank.ro\/lexikon\/wp-json\/wp\/v2\/product_cat?post=17491"},{"taxonomy":"product_tag","embeddable":true,"href":"https:\/\/uj.adatbank.ro\/lexikon\/wp-json\/wp\/v2\/product_tag?post=17491"}],"curies":[{"name":"wp","href":"https:\/\/api.w.org\/{rel}","templated":true}]}}