{"id":17492,"date":"2025-07-16T10:16:54","date_gmt":"2025-07-16T08:16:54","guid":{"rendered":"https:\/\/uj.adatbank.ro\/lexikon\/termek\/panczel-jozsef\/"},"modified":"2025-07-16T10:16:54","modified_gmt":"2025-07-16T08:16:54","slug":"panczel-jozsef","status":"publish","type":"product","link":"https:\/\/uj.adatbank.ro\/lexikon\/termek\/panczel-jozsef\/","title":{"rendered":"P\u00c1NCZ\u00c9L J\u00f3zsef"},"content":{"rendered":"<p>? , \u2020 ?: tan\u00edt\u00f3. \u2013 Feles\u00e9ge: Kov\u00e1cs Zsuzs\u00e1nna (1782), Kov\u00e1cs Mih\u00e1ly holtmarosi mester le\u00e1nya. \u2013 Kv.-on subsrib\u00e1lt (1775 k.). Disznaj\u00f3n (1782\u201385), k\u00f6zben katona (1784), mert nem szabadult fel a katonai st\u00e1tus al\u00f3l. Magyarf\u00fclp\u00f6s\u00f6n (1786\u201387), Erd\u0151csin\u00e1don (1787\u201393) \u00e9s Marosj\u00e1r\u00e1ban (1794\u201398\u20131815) volt mester. <br \/><strong>Irod.:<\/strong> Filep 2.; \u0150sz<\/br><\/p>\n","protected":false},"excerpt":{"rendered":"<p>? , \u2020 ?: tan\u00edt\u00f3. \u2013 Feles\u00e9ge: Kov\u00e1cs Zsuzs\u00e1nna (1782), Kov\u00e1cs Mih\u00e1ly holtmarosi mester le\u00e1nya. \u2013 Kv.-on subsrib\u00e1lt (1775 k.). Disznaj\u00f3n (1782\u201385), k\u00f6zben katona (1784), mert nem szabadult fel a katonai st\u00e1tus al\u00f3l. Magyarf\u00fclp\u00f6s\u00f6n (1786\u201387), Erd\u0151csin\u00e1don (1787\u201393) \u00e9s Marosj\u00e1r\u00e1ban (1794\u201398\u20131815) volt mester. Irod.: Filep 2.; \u0150sz<\/p>\n","protected":false},"featured_media":0,"comment_status":"open","ping_status":"closed","template":"","meta":[],"product_brand":[],"product_cat":[137],"product_tag":[],"class_list":{"0":"post-17492","1":"product","2":"type-product","3":"status-publish","5":"product_cat-maros-megyei-eletrajzi-lexikon","7":"first","8":"instock","9":"shipping-taxable","10":"product-type-simple"},"_links":{"self":[{"href":"https:\/\/uj.adatbank.ro\/lexikon\/wp-json\/wp\/v2\/product\/17492","targetHints":{"allow":["GET"]}}],"collection":[{"href":"https:\/\/uj.adatbank.ro\/lexikon\/wp-json\/wp\/v2\/product"}],"about":[{"href":"https:\/\/uj.adatbank.ro\/lexikon\/wp-json\/wp\/v2\/types\/product"}],"replies":[{"embeddable":true,"href":"https:\/\/uj.adatbank.ro\/lexikon\/wp-json\/wp\/v2\/comments?post=17492"}],"wp:attachment":[{"href":"https:\/\/uj.adatbank.ro\/lexikon\/wp-json\/wp\/v2\/media?parent=17492"}],"wp:term":[{"taxonomy":"product_brand","embeddable":true,"href":"https:\/\/uj.adatbank.ro\/lexikon\/wp-json\/wp\/v2\/product_brand?post=17492"},{"taxonomy":"product_cat","embeddable":true,"href":"https:\/\/uj.adatbank.ro\/lexikon\/wp-json\/wp\/v2\/product_cat?post=17492"},{"taxonomy":"product_tag","embeddable":true,"href":"https:\/\/uj.adatbank.ro\/lexikon\/wp-json\/wp\/v2\/product_tag?post=17492"}],"curies":[{"name":"wp","href":"https:\/\/api.w.org\/{rel}","templated":true}]}}