{"id":17494,"date":"2025-07-16T10:17:01","date_gmt":"2025-07-16T08:17:01","guid":{"rendered":"https:\/\/uj.adatbank.ro\/lexikon\/termek\/panczel-sandor\/"},"modified":"2025-07-16T10:17:01","modified_gmt":"2025-07-16T08:17:01","slug":"panczel-sandor","status":"publish","type":"product","link":"https:\/\/uj.adatbank.ro\/lexikon\/termek\/panczel-sandor\/","title":{"rendered":"P\u00c1NCZ\u00c9L S\u00e1ndor"},"content":{"rendered":"<p>Mez\u0151s\u00e1msond, 1895., \u2020 ?: gyalogos, gazd\u00e1lkod\u00f3. \u2013 Mv.-en a 62. k\u00f6z\u00f6s gyalogezredhez vonult be (1915). Az olasz \u00e9s az orosz frontokon k\u00fczd\u00f6tt. Doberd\u00f3n\u00e1l vit\u00e9z\u00fcl harcolt \u00e9s megsebes\u00fclt (1915. okt. 24.). Az \u00f6sszeoml\u00e1s ut\u00e1n szerelt le. <br \/><strong>Irod.:<\/strong> Mez\u0151s\u00e1msond<\/br><\/p>\n","protected":false},"excerpt":{"rendered":"<p>Mez\u0151s\u00e1msond, 1895., \u2020 ?: gyalogos, gazd\u00e1lkod\u00f3. \u2013 Mv.-en a 62. k\u00f6z\u00f6s gyalogezredhez vonult be (1915). Az olasz \u00e9s az orosz frontokon k\u00fczd\u00f6tt. Doberd\u00f3n\u00e1l vit\u00e9z\u00fcl harcolt \u00e9s megsebes\u00fclt (1915. okt. 24.). Az \u00f6sszeoml\u00e1s ut\u00e1n szerelt le. Irod.: Mez\u0151s\u00e1msond<\/p>\n","protected":false},"featured_media":0,"comment_status":"open","ping_status":"closed","template":"","meta":[],"product_brand":[],"product_cat":[137],"product_tag":[],"class_list":{"0":"post-17494","1":"product","2":"type-product","3":"status-publish","5":"product_cat-maros-megyei-eletrajzi-lexikon","7":"first","8":"instock","9":"shipping-taxable","10":"product-type-simple"},"_links":{"self":[{"href":"https:\/\/uj.adatbank.ro\/lexikon\/wp-json\/wp\/v2\/product\/17494","targetHints":{"allow":["GET"]}}],"collection":[{"href":"https:\/\/uj.adatbank.ro\/lexikon\/wp-json\/wp\/v2\/product"}],"about":[{"href":"https:\/\/uj.adatbank.ro\/lexikon\/wp-json\/wp\/v2\/types\/product"}],"replies":[{"embeddable":true,"href":"https:\/\/uj.adatbank.ro\/lexikon\/wp-json\/wp\/v2\/comments?post=17494"}],"wp:attachment":[{"href":"https:\/\/uj.adatbank.ro\/lexikon\/wp-json\/wp\/v2\/media?parent=17494"}],"wp:term":[{"taxonomy":"product_brand","embeddable":true,"href":"https:\/\/uj.adatbank.ro\/lexikon\/wp-json\/wp\/v2\/product_brand?post=17494"},{"taxonomy":"product_cat","embeddable":true,"href":"https:\/\/uj.adatbank.ro\/lexikon\/wp-json\/wp\/v2\/product_cat?post=17494"},{"taxonomy":"product_tag","embeddable":true,"href":"https:\/\/uj.adatbank.ro\/lexikon\/wp-json\/wp\/v2\/product_tag?post=17494"}],"curies":[{"name":"wp","href":"https:\/\/api.w.org\/{rel}","templated":true}]}}