{"id":17495,"date":"2025-07-16T10:17:04","date_gmt":"2025-07-16T08:17:04","guid":{"rendered":"https:\/\/uj.adatbank.ro\/lexikon\/termek\/panczel-zsuzsanna\/"},"modified":"2026-02-17T16:22:01","modified_gmt":"2026-02-17T15:22:01","slug":"panczel-zsuzsanna","status":"publish","type":"product","link":"https:\/\/uj.adatbank.ro\/lexikon\/termek\/panczel-zsuzsanna\/","title":{"rendered":"PANCZEL Zsuzsanna"},"content":{"rendered":"<p>Nagyernye, 1893. dec. 28., \u2020\u00a0Cs\u00edkszereda, ?\u00a0: ? Mv-en lakott. Letart\u00f3ztatt\u00e1k (1959. m\u00e1j. 26) \u00e9s egy \u00f6ttag\u00fa jehovista csoport tagjak\u00e9nt \u00e1ll\u00edtott\u00e1k b\u00edr\u00f3s\u00e1g el\u00e9. 20 \u00e9v b\u00f6rt\u00f6nre \u00edt\u00e9lt\u00e9k. A cs\u00edkszeredai b\u00f6rt\u00f6nben halt meg.<br \/>\n<strong>Irod.:<\/strong> 1956 Erd\u00e9lyben<\/p>\n","protected":false},"excerpt":{"rendered":"<p>Nagyernye, 1893. dec. 28., \u2020\u00a0Cs\u00edkszereda, ?\u00a0: ? Mv-en lakott. Letart\u00f3ztatt\u00e1k (1959. m\u00e1j. 26) \u00e9s egy \u00f6ttag\u00fa jehovista csoport tagjak\u00e9nt \u00e1ll\u00edtott\u00e1k b\u00edr\u00f3s\u00e1g el\u00e9. 20 \u00e9v b\u00f6rt\u00f6nre \u00edt\u00e9lt\u00e9k. A cs\u00edkszeredai b\u00f6rt\u00f6nben halt meg. Irod.: 1956 Erd\u00e9lyben<\/p>\n","protected":false},"featured_media":0,"comment_status":"open","ping_status":"closed","template":"","meta":[],"product_brand":[],"product_cat":[137],"product_tag":[],"class_list":{"0":"post-17495","1":"product","2":"type-product","3":"status-publish","5":"product_cat-maros-megyei-eletrajzi-lexikon","7":"first","8":"instock","9":"shipping-taxable","10":"product-type-simple"},"_links":{"self":[{"href":"https:\/\/uj.adatbank.ro\/lexikon\/wp-json\/wp\/v2\/product\/17495","targetHints":{"allow":["GET"]}}],"collection":[{"href":"https:\/\/uj.adatbank.ro\/lexikon\/wp-json\/wp\/v2\/product"}],"about":[{"href":"https:\/\/uj.adatbank.ro\/lexikon\/wp-json\/wp\/v2\/types\/product"}],"replies":[{"embeddable":true,"href":"https:\/\/uj.adatbank.ro\/lexikon\/wp-json\/wp\/v2\/comments?post=17495"}],"wp:attachment":[{"href":"https:\/\/uj.adatbank.ro\/lexikon\/wp-json\/wp\/v2\/media?parent=17495"}],"wp:term":[{"taxonomy":"product_brand","embeddable":true,"href":"https:\/\/uj.adatbank.ro\/lexikon\/wp-json\/wp\/v2\/product_brand?post=17495"},{"taxonomy":"product_cat","embeddable":true,"href":"https:\/\/uj.adatbank.ro\/lexikon\/wp-json\/wp\/v2\/product_cat?post=17495"},{"taxonomy":"product_tag","embeddable":true,"href":"https:\/\/uj.adatbank.ro\/lexikon\/wp-json\/wp\/v2\/product_tag?post=17495"}],"curies":[{"name":"wp","href":"https:\/\/api.w.org\/{rel}","templated":true}]}}