{"id":17497,"date":"2025-07-16T10:17:07","date_gmt":"2025-07-16T08:17:07","guid":{"rendered":"https:\/\/uj.adatbank.ro\/lexikon\/termek\/pandula-geza\/"},"modified":"2025-07-16T10:17:07","modified_gmt":"2025-07-16T08:17:07","slug":"pandula-geza","status":"publish","type":"product","link":"https:\/\/uj.adatbank.ro\/lexikon\/termek\/pandula-geza\/","title":{"rendered":"PANDULA G\u00e9za"},"content":{"rendered":"<p>K\u00e1szonalt\u00edz, 1910. dec. 15. vagy Mv., 1904. okt. 20., \u2020\u00a0Mv., 1987. aug. 13.Sepsiszentgy\u00f6rgy\u00f6n temett\u00e9k el: gy\u00f3gyszer\u00e9sz. \u2013 P. G\u00e9za \u00e9s Hajducsi M\u00e1ria fia.Feles\u00e9ge: Orb\u00e1n Ad\u00e9l. Hat gyerek\u00fck sz\u00fcletett. \u2013 Nagyenyeden a Ref. Koll.-ban tanult. Mv.-en, D\u00e1vid J\u00e1nos Szent L\u00e9lek gy\u00f3gyszert\u00e1r\u00e1ban volt gyakornok. Gy\u00f3gyszer\u00e9sz oklevelet a buk.-i Gy\u00f3gyszer\u00e9szeti Karon kapott (1934. m\u00e1rc. 10). Buk.-ben dolgozott (1937-ig). Visszat\u00e9rt Erd\u00e9lybe K\u00e1szonalt\u00edzen gy\u00f3gyszer\u00e9sz (1937\u201341), saj\u00e1t patik\u00e1t v\u00e1s\u00e1rolt Gyergy\u00f3salam\u00e1son, ami t\u00f6nkre ment (1944. szept. 14.), Gyergy\u00f3szentmikl\u00f3son az Arany Sas patik\u00e1t vezette (1945. j\u00fal. 20.\u2013), Tek\u00e9ben dolgozott nyugd\u00edjaz\u00e1s\u00e1ig (1953. j\u00fal. 20.- 1969. nov. 1.). T\u00f6bb helyen helyettes\u00edtett, K\u00e1szonalt\u00edzen huzamosan. Elk\u00e9sz\u00edtette saj\u00e1t ex libris metszet\u00e9t (1935), ami\u00e9rt a legr\u00e9gibb rom\u00e1niai gy\u00f3gyszer\u00e9sz ex libris d\u00edjat kapta post mortem a Rom\u00e1n Gy\u00f3gyszer\u00e9szeti T\u00e1rsas\u00e1g 10. \u00e9vfordul\u00f3j\u00e1ra ki\u00edrt p\u00e1ly\u00e1zaton (2001). <br \/><strong>Irod.:<\/strong> [Nekrol\u00f3g] (V. Z., 1987. aug. 15.); P\u00e9ter H. M.; P\u00e9ter H. M. 2013<\/br><\/p>\n","protected":false},"excerpt":{"rendered":"<p>K\u00e1szonalt\u00edz, 1910. dec. 15. vagy Mv., 1904. okt. 20., \u2020\u00a0Mv., 1987. aug. 13.Sepsiszentgy\u00f6rgy\u00f6n temett\u00e9k el: gy\u00f3gyszer\u00e9sz. \u2013 P. G\u00e9za \u00e9s Hajducsi M\u00e1ria fia.Feles\u00e9ge: Orb\u00e1n Ad\u00e9l. Hat gyerek\u00fck sz\u00fcletett. \u2013 Nagyenyeden a Ref. Koll.-ban tanult. Mv.-en, D\u00e1vid J\u00e1nos Szent L\u00e9lek gy\u00f3gyszert\u00e1r\u00e1ban volt gyakornok. Gy\u00f3gyszer\u00e9sz oklevelet a buk.-i Gy\u00f3gyszer\u00e9szeti Karon kapott (1934. m\u00e1rc. 10). Buk.-ben dolgozott (1937-ig). [&hellip;]<\/p>\n","protected":false},"featured_media":0,"comment_status":"open","ping_status":"closed","template":"","meta":[],"product_brand":[],"product_cat":[137],"product_tag":[],"class_list":{"0":"post-17497","1":"product","2":"type-product","3":"status-publish","5":"product_cat-maros-megyei-eletrajzi-lexikon","7":"first","8":"instock","9":"shipping-taxable","10":"product-type-simple"},"_links":{"self":[{"href":"https:\/\/uj.adatbank.ro\/lexikon\/wp-json\/wp\/v2\/product\/17497","targetHints":{"allow":["GET"]}}],"collection":[{"href":"https:\/\/uj.adatbank.ro\/lexikon\/wp-json\/wp\/v2\/product"}],"about":[{"href":"https:\/\/uj.adatbank.ro\/lexikon\/wp-json\/wp\/v2\/types\/product"}],"replies":[{"embeddable":true,"href":"https:\/\/uj.adatbank.ro\/lexikon\/wp-json\/wp\/v2\/comments?post=17497"}],"wp:attachment":[{"href":"https:\/\/uj.adatbank.ro\/lexikon\/wp-json\/wp\/v2\/media?parent=17497"}],"wp:term":[{"taxonomy":"product_brand","embeddable":true,"href":"https:\/\/uj.adatbank.ro\/lexikon\/wp-json\/wp\/v2\/product_brand?post=17497"},{"taxonomy":"product_cat","embeddable":true,"href":"https:\/\/uj.adatbank.ro\/lexikon\/wp-json\/wp\/v2\/product_cat?post=17497"},{"taxonomy":"product_tag","embeddable":true,"href":"https:\/\/uj.adatbank.ro\/lexikon\/wp-json\/wp\/v2\/product_tag?post=17497"}],"curies":[{"name":"wp","href":"https:\/\/api.w.org\/{rel}","templated":true}]}}