{"id":17500,"date":"2025-07-16T10:17:15","date_gmt":"2025-07-16T08:17:15","guid":{"rendered":"https:\/\/uj.adatbank.ro\/lexikon\/termek\/paneth-ferenc-francisc\/"},"modified":"2025-07-16T10:17:15","modified_gmt":"2025-07-16T08:17:15","slug":"paneth-ferenc-francisc","status":"publish","type":"product","link":"https:\/\/uj.adatbank.ro\/lexikon\/termek\/paneth-ferenc-francisc\/","title":{"rendered":"PANETH Ferenc Francisc"},"content":{"rendered":"<p>Nagyv\u00e1rad, 1907. \u00e1pr. 30., \u2020 Buk., 1941. nov. 7.: vegy\u00e9szm\u00e9rn\u00f6k, a rom\u00e1niai antifasiszta ellen\u00e1ll\u00e1s m\u00e1rt\u00edrja. \u2013 Mv.-en \u00e9lt, bekapcsol\u00f3dott a munk\u00e1smozgalomba, a KISZ keret\u00e9ben tev\u00e9kenykedett (1930\u201339), r\u00e9szt vett a mv.-i \u00daj Sz\u00f3 szerkeszt\u00e9s\u00e9ben. Buk.-ben kommunista tev\u00e9kenys\u00e9g\u00e9\u00e9rt feles\u00e9g\u00e9vel egy\u00fctt hal\u00e1lra \u00edt\u00e9lt\u00e9k \u00e9s kiv\u00e9gezt\u00e9k. <br \/><strong>Irod.:<\/strong> Ga\u00e1l Korn\u00e9lia: Maros-megyei munk\u00e1smozgalmi harcosok, akik nem \u00fcnnepelhettek vel\u00fcnk (V. Z., 1971. m\u00e1j. 9.)<\/br><\/p>\n","protected":false},"excerpt":{"rendered":"<p>Nagyv\u00e1rad, 1907. \u00e1pr. 30., \u2020 Buk., 1941. nov. 7.: vegy\u00e9szm\u00e9rn\u00f6k, a rom\u00e1niai antifasiszta ellen\u00e1ll\u00e1s m\u00e1rt\u00edrja. \u2013 Mv.-en \u00e9lt, bekapcsol\u00f3dott a munk\u00e1smozgalomba, a KISZ keret\u00e9ben tev\u00e9kenykedett (1930\u201339), r\u00e9szt vett a mv.-i \u00daj Sz\u00f3 szerkeszt\u00e9s\u00e9ben. Buk.-ben kommunista tev\u00e9kenys\u00e9g\u00e9\u00e9rt feles\u00e9g\u00e9vel egy\u00fctt hal\u00e1lra \u00edt\u00e9lt\u00e9k \u00e9s kiv\u00e9gezt\u00e9k. Irod.: Ga\u00e1l Korn\u00e9lia: Maros-megyei munk\u00e1smozgalmi harcosok, akik nem \u00fcnnepelhettek vel\u00fcnk (V. Z., 1971. [&hellip;]<\/p>\n","protected":false},"featured_media":0,"comment_status":"open","ping_status":"closed","template":"","meta":[],"product_brand":[],"product_cat":[137],"product_tag":[],"class_list":{"0":"post-17500","1":"product","2":"type-product","3":"status-publish","5":"product_cat-maros-megyei-eletrajzi-lexikon","7":"first","8":"instock","9":"shipping-taxable","10":"product-type-simple"},"_links":{"self":[{"href":"https:\/\/uj.adatbank.ro\/lexikon\/wp-json\/wp\/v2\/product\/17500","targetHints":{"allow":["GET"]}}],"collection":[{"href":"https:\/\/uj.adatbank.ro\/lexikon\/wp-json\/wp\/v2\/product"}],"about":[{"href":"https:\/\/uj.adatbank.ro\/lexikon\/wp-json\/wp\/v2\/types\/product"}],"replies":[{"embeddable":true,"href":"https:\/\/uj.adatbank.ro\/lexikon\/wp-json\/wp\/v2\/comments?post=17500"}],"wp:attachment":[{"href":"https:\/\/uj.adatbank.ro\/lexikon\/wp-json\/wp\/v2\/media?parent=17500"}],"wp:term":[{"taxonomy":"product_brand","embeddable":true,"href":"https:\/\/uj.adatbank.ro\/lexikon\/wp-json\/wp\/v2\/product_brand?post=17500"},{"taxonomy":"product_cat","embeddable":true,"href":"https:\/\/uj.adatbank.ro\/lexikon\/wp-json\/wp\/v2\/product_cat?post=17500"},{"taxonomy":"product_tag","embeddable":true,"href":"https:\/\/uj.adatbank.ro\/lexikon\/wp-json\/wp\/v2\/product_tag?post=17500"}],"curies":[{"name":"wp","href":"https:\/\/api.w.org\/{rel}","templated":true}]}}