{"id":17506,"date":"2025-07-16T10:17:26","date_gmt":"2025-07-16T08:17:26","guid":{"rendered":"https:\/\/uj.adatbank.ro\/lexikon\/termek\/panitz-antal-nagyiklodi\/"},"modified":"2025-07-16T10:17:26","modified_gmt":"2025-07-16T08:17:26","slug":"panitz-antal-nagyiklodi","status":"publish","type":"product","link":"https:\/\/uj.adatbank.ro\/lexikon\/termek\/panitz-antal-nagyiklodi\/","title":{"rendered":"P\u00c1NITZ Antal, nagyikl\u00f3di"},"content":{"rendered":"<p>Torda, 1896., \u2020\u00a0?: k\u00f6rjegyz\u0151. \u2013 A csal\u00e1d a nemess\u00e9get 1600 as \u00e9vekben szerezte. Tanulm\u00e1nyait Tord\u00e1n \u00e9s Fogarason v\u00e9gezte, oklevelet szerzett (1922). Als\u00f3f\u00fcl\u00e9n kezdte k\u00f6zig.-i p\u00e1lyafut\u00e1s\u00e1t, majd B\u00f6z\u00f6dre ker\u00fclt (1940) mint k\u00f6rjegyz\u0151. Az els\u0151 vh.-ban a 21. h. gy. ezredben az orosz fronton harcolt, megsebes\u00fclt, csaknem 5 \u00e9et t\u00f6lt\u00f6tt orosz fogs\u00e1gban, mint z\u00e1szl\u00f3s szerelt le. Minden hazafias \u00e9s kultur\u00e1lis egyes\u00fclet t\u00e1mogat\u00f3ja volt. <br \/><strong>Irod.:<\/strong> Sz\u00e9kelyf\u00f6ld \u00ed.k.<\/br><\/p>\n","protected":false},"excerpt":{"rendered":"<p>Torda, 1896., \u2020\u00a0?: k\u00f6rjegyz\u0151. \u2013 A csal\u00e1d a nemess\u00e9get 1600 as \u00e9vekben szerezte. Tanulm\u00e1nyait Tord\u00e1n \u00e9s Fogarason v\u00e9gezte, oklevelet szerzett (1922). Als\u00f3f\u00fcl\u00e9n kezdte k\u00f6zig.-i p\u00e1lyafut\u00e1s\u00e1t, majd B\u00f6z\u00f6dre ker\u00fclt (1940) mint k\u00f6rjegyz\u0151. Az els\u0151 vh.-ban a 21. h. gy. ezredben az orosz fronton harcolt, megsebes\u00fclt, csaknem 5 \u00e9et t\u00f6lt\u00f6tt orosz fogs\u00e1gban, mint z\u00e1szl\u00f3s szerelt le. Minden [&hellip;]<\/p>\n","protected":false},"featured_media":0,"comment_status":"open","ping_status":"closed","template":"","meta":[],"product_brand":[],"product_cat":[137],"product_tag":[],"class_list":{"0":"post-17506","1":"product","2":"type-product","3":"status-publish","5":"product_cat-maros-megyei-eletrajzi-lexikon","7":"first","8":"instock","9":"shipping-taxable","10":"product-type-simple"},"_links":{"self":[{"href":"https:\/\/uj.adatbank.ro\/lexikon\/wp-json\/wp\/v2\/product\/17506","targetHints":{"allow":["GET"]}}],"collection":[{"href":"https:\/\/uj.adatbank.ro\/lexikon\/wp-json\/wp\/v2\/product"}],"about":[{"href":"https:\/\/uj.adatbank.ro\/lexikon\/wp-json\/wp\/v2\/types\/product"}],"replies":[{"embeddable":true,"href":"https:\/\/uj.adatbank.ro\/lexikon\/wp-json\/wp\/v2\/comments?post=17506"}],"wp:attachment":[{"href":"https:\/\/uj.adatbank.ro\/lexikon\/wp-json\/wp\/v2\/media?parent=17506"}],"wp:term":[{"taxonomy":"product_brand","embeddable":true,"href":"https:\/\/uj.adatbank.ro\/lexikon\/wp-json\/wp\/v2\/product_brand?post=17506"},{"taxonomy":"product_cat","embeddable":true,"href":"https:\/\/uj.adatbank.ro\/lexikon\/wp-json\/wp\/v2\/product_cat?post=17506"},{"taxonomy":"product_tag","embeddable":true,"href":"https:\/\/uj.adatbank.ro\/lexikon\/wp-json\/wp\/v2\/product_tag?post=17506"}],"curies":[{"name":"wp","href":"https:\/\/api.w.org\/{rel}","templated":true}]}}