{"id":17507,"date":"2025-07-16T10:17:27","date_gmt":"2025-07-16T08:17:27","guid":{"rendered":"https:\/\/uj.adatbank.ro\/lexikon\/termek\/pankatrius\/"},"modified":"2025-07-16T10:17:27","modified_gmt":"2025-07-16T08:17:27","slug":"pankatrius","status":"publish","type":"product","link":"https:\/\/uj.adatbank.ro\/lexikon\/termek\/pankatrius\/","title":{"rendered":"PANKATRIUS"},"content":{"rendered":"<p>? \u2020 ?: orvos. \u2013 Segesv\u00e1ron orvos (1561), n\u00f6v\u00e9nyi kivonatokat haszn\u00e1lt gy\u00f3gyszerk\u00e9nt szembetegs\u00e9gek kezel\u00e9s\u00e9re. \u2013 Irod : Fodor Ferenc 2000<\/br><\/p>\n","protected":false},"excerpt":{"rendered":"<p>? \u2020 ?: orvos. \u2013 Segesv\u00e1ron orvos (1561), n\u00f6v\u00e9nyi kivonatokat haszn\u00e1lt gy\u00f3gyszerk\u00e9nt szembetegs\u00e9gek kezel\u00e9s\u00e9re. \u2013 Irod : Fodor Ferenc 2000<\/p>\n","protected":false},"featured_media":0,"comment_status":"open","ping_status":"closed","template":"","meta":[],"product_brand":[],"product_cat":[137],"product_tag":[],"class_list":{"0":"post-17507","1":"product","2":"type-product","3":"status-publish","5":"product_cat-maros-megyei-eletrajzi-lexikon","7":"first","8":"instock","9":"shipping-taxable","10":"product-type-simple"},"_links":{"self":[{"href":"https:\/\/uj.adatbank.ro\/lexikon\/wp-json\/wp\/v2\/product\/17507","targetHints":{"allow":["GET"]}}],"collection":[{"href":"https:\/\/uj.adatbank.ro\/lexikon\/wp-json\/wp\/v2\/product"}],"about":[{"href":"https:\/\/uj.adatbank.ro\/lexikon\/wp-json\/wp\/v2\/types\/product"}],"replies":[{"embeddable":true,"href":"https:\/\/uj.adatbank.ro\/lexikon\/wp-json\/wp\/v2\/comments?post=17507"}],"wp:attachment":[{"href":"https:\/\/uj.adatbank.ro\/lexikon\/wp-json\/wp\/v2\/media?parent=17507"}],"wp:term":[{"taxonomy":"product_brand","embeddable":true,"href":"https:\/\/uj.adatbank.ro\/lexikon\/wp-json\/wp\/v2\/product_brand?post=17507"},{"taxonomy":"product_cat","embeddable":true,"href":"https:\/\/uj.adatbank.ro\/lexikon\/wp-json\/wp\/v2\/product_cat?post=17507"},{"taxonomy":"product_tag","embeddable":true,"href":"https:\/\/uj.adatbank.ro\/lexikon\/wp-json\/wp\/v2\/product_tag?post=17507"}],"curies":[{"name":"wp","href":"https:\/\/api.w.org\/{rel}","templated":true}]}}