{"id":17508,"date":"2025-07-16T10:17:29","date_gmt":"2025-07-16T08:17:29","guid":{"rendered":"https:\/\/uj.adatbank.ro\/lexikon\/termek\/panovici-nicolae-panoviciu-nicolae\/"},"modified":"2025-07-16T10:17:29","modified_gmt":"2025-07-16T08:17:29","slug":"panovici-nicolae-panoviciu-nicolae","status":"publish","type":"product","link":"https:\/\/uj.adatbank.ro\/lexikon\/termek\/panovici-nicolae-panoviciu-nicolae\/","title":{"rendered":"PANOVICI, Nicolae, Panoviciu, Nicolae"},"content":{"rendered":"<p>? \u2020 Brass\u00f3, 1830.: keresked\u0151, tan\u00edt\u00f3, ort. pap. \u2013 Mv.-en keresked\u0151. Az ort. templom- \u00e9s iskola \u00e9p\u00edt\u00e9s\u00e9t seg\u00edtette \u00e9s a m\u00e1sodik rom\u00e1n elemi iskola tan\u00edt\u00f3ja volt (1794\u201396), ezut\u00e1n az ort. egyh\u00e1zk\u00f6zs\u00e9g papja. A Mihai Arkangyalnak aj\u00e1lott fatemplomban szolg\u00e1lt, mivel a rendszertelen\u00fcl kapott alacsony fizet\u00e9s\u00e9b\u0151l nem tudott meg\u00e9lni, elhagyta Mv.-t, \u00e9s Gyulafeh\u00e9rv\u00e1rra k\u00f6lt\u00f6z\u00f6tt (1804), majd Brass\u00f3ban lett esperes (1810- hal\u00e1l\u00e1ig). P\u00e1ly\u00e1zott az ort. p\u00fcsp\u00f6ki sz\u00e9kre, 12 t\u00e1rs\u00e1val egy\u00fctt. <br \/><strong>Irod.:<\/strong> Albu; B\u0103ciu\u0163, Nicolae-\u015eincan, Gheorghe Nicolae: Biserica de piatr\u0103 \u201e\u00cen\u0103l\u0163area Domnului\u201d T\u00e2rgu-Mure\u015f (Vatra veche, nr. 11., 2009); Criste\u015fti \u2013 Mure\u015f; Id\u0151t\u00e1r 1; Lupa\u015f, Ioan: Studii, conferin\u0163e \u015fi comunic\u0103ri istorice (Buc., 1927\u201341), P\u00e1l-Antal 2009; Popa, Traian: Tg.M.; \u015eincan 2006<\/br><\/p>\n","protected":false},"excerpt":{"rendered":"<p>? \u2020 Brass\u00f3, 1830.: keresked\u0151, tan\u00edt\u00f3, ort. pap. \u2013 Mv.-en keresked\u0151. Az ort. templom- \u00e9s iskola \u00e9p\u00edt\u00e9s\u00e9t seg\u00edtette \u00e9s a m\u00e1sodik rom\u00e1n elemi iskola tan\u00edt\u00f3ja volt (1794\u201396), ezut\u00e1n az ort. egyh\u00e1zk\u00f6zs\u00e9g papja. A Mihai Arkangyalnak aj\u00e1lott fatemplomban szolg\u00e1lt, mivel a rendszertelen\u00fcl kapott alacsony fizet\u00e9s\u00e9b\u0151l nem tudott meg\u00e9lni, elhagyta Mv.-t, \u00e9s Gyulafeh\u00e9rv\u00e1rra k\u00f6lt\u00f6z\u00f6tt (1804), majd Brass\u00f3ban [&hellip;]<\/p>\n","protected":false},"featured_media":0,"comment_status":"open","ping_status":"closed","template":"","meta":[],"product_brand":[],"product_cat":[137],"product_tag":[],"class_list":{"0":"post-17508","1":"product","2":"type-product","3":"status-publish","5":"product_cat-maros-megyei-eletrajzi-lexikon","7":"first","8":"instock","9":"shipping-taxable","10":"product-type-simple"},"_links":{"self":[{"href":"https:\/\/uj.adatbank.ro\/lexikon\/wp-json\/wp\/v2\/product\/17508","targetHints":{"allow":["GET"]}}],"collection":[{"href":"https:\/\/uj.adatbank.ro\/lexikon\/wp-json\/wp\/v2\/product"}],"about":[{"href":"https:\/\/uj.adatbank.ro\/lexikon\/wp-json\/wp\/v2\/types\/product"}],"replies":[{"embeddable":true,"href":"https:\/\/uj.adatbank.ro\/lexikon\/wp-json\/wp\/v2\/comments?post=17508"}],"wp:attachment":[{"href":"https:\/\/uj.adatbank.ro\/lexikon\/wp-json\/wp\/v2\/media?parent=17508"}],"wp:term":[{"taxonomy":"product_brand","embeddable":true,"href":"https:\/\/uj.adatbank.ro\/lexikon\/wp-json\/wp\/v2\/product_brand?post=17508"},{"taxonomy":"product_cat","embeddable":true,"href":"https:\/\/uj.adatbank.ro\/lexikon\/wp-json\/wp\/v2\/product_cat?post=17508"},{"taxonomy":"product_tag","embeddable":true,"href":"https:\/\/uj.adatbank.ro\/lexikon\/wp-json\/wp\/v2\/product_tag?post=17508"}],"curies":[{"name":"wp","href":"https:\/\/api.w.org\/{rel}","templated":true}]}}