{"id":17512,"date":"2025-07-16T10:17:39","date_gmt":"2025-07-16T08:17:39","guid":{"rendered":"https:\/\/uj.adatbank.ro\/lexikon\/termek\/pantea-eugen\/"},"modified":"2025-07-16T10:17:39","modified_gmt":"2025-07-16T08:17:39","slug":"pantea-eugen","status":"publish","type":"product","link":"https:\/\/uj.adatbank.ro\/lexikon\/termek\/pantea-eugen\/","title":{"rendered":"PANTEA, Eugen"},"content":{"rendered":"<p>Mez\u0151r\u00fccs, 1876., \u2020 ?: tan\u00e1r. \u2013 K\u00f6z\u00e9piskolai \u00e9s teol\u00f3gi tanulm\u00e1nyokat Bal\u00e1zsfalv\u00e1n, majd Kv.-on folytatott. Bal\u00e1zsfalv\u00e1n a Sf. Vasile Liceumban fizika \u00e9s matematika tan\u00e1r (1902\u201308), f\u0151k\u00f6nyvel\u0151 a kv.-i Consiliul Dirigentn\u00e9l a Vall\u00e1si \u00e9s m\u0171v\u00e9szeti oszt\u00e1lyon valamint a Kolozs egyei Tan\u00fcgyi (Inspectoratul) Bizotts\u00e1gn\u00e1l nyugd\u00edjaz\u00e1s\u00e1ig (1908\u20131936). <br \/><strong>Irod.:<\/strong> Com\u015fa; Com\u015fa-Seiceanu; Todea 2013<\/br><\/p>\n","protected":false},"excerpt":{"rendered":"<p>Mez\u0151r\u00fccs, 1876., \u2020 ?: tan\u00e1r. \u2013 K\u00f6z\u00e9piskolai \u00e9s teol\u00f3gi tanulm\u00e1nyokat Bal\u00e1zsfalv\u00e1n, majd Kv.-on folytatott. Bal\u00e1zsfalv\u00e1n a Sf. Vasile Liceumban fizika \u00e9s matematika tan\u00e1r (1902\u201308), f\u0151k\u00f6nyvel\u0151 a kv.-i Consiliul Dirigentn\u00e9l a Vall\u00e1si \u00e9s m\u0171v\u00e9szeti oszt\u00e1lyon valamint a Kolozs egyei Tan\u00fcgyi (Inspectoratul) Bizotts\u00e1gn\u00e1l nyugd\u00edjaz\u00e1s\u00e1ig (1908\u20131936). Irod.: Com\u015fa; Com\u015fa-Seiceanu; Todea 2013<\/p>\n","protected":false},"featured_media":0,"comment_status":"open","ping_status":"closed","template":"","meta":[],"product_brand":[],"product_cat":[137],"product_tag":[],"class_list":{"0":"post-17512","1":"product","2":"type-product","3":"status-publish","5":"product_cat-maros-megyei-eletrajzi-lexikon","7":"first","8":"instock","9":"shipping-taxable","10":"product-type-simple"},"_links":{"self":[{"href":"https:\/\/uj.adatbank.ro\/lexikon\/wp-json\/wp\/v2\/product\/17512","targetHints":{"allow":["GET"]}}],"collection":[{"href":"https:\/\/uj.adatbank.ro\/lexikon\/wp-json\/wp\/v2\/product"}],"about":[{"href":"https:\/\/uj.adatbank.ro\/lexikon\/wp-json\/wp\/v2\/types\/product"}],"replies":[{"embeddable":true,"href":"https:\/\/uj.adatbank.ro\/lexikon\/wp-json\/wp\/v2\/comments?post=17512"}],"wp:attachment":[{"href":"https:\/\/uj.adatbank.ro\/lexikon\/wp-json\/wp\/v2\/media?parent=17512"}],"wp:term":[{"taxonomy":"product_brand","embeddable":true,"href":"https:\/\/uj.adatbank.ro\/lexikon\/wp-json\/wp\/v2\/product_brand?post=17512"},{"taxonomy":"product_cat","embeddable":true,"href":"https:\/\/uj.adatbank.ro\/lexikon\/wp-json\/wp\/v2\/product_cat?post=17512"},{"taxonomy":"product_tag","embeddable":true,"href":"https:\/\/uj.adatbank.ro\/lexikon\/wp-json\/wp\/v2\/product_tag?post=17512"}],"curies":[{"name":"wp","href":"https:\/\/api.w.org\/{rel}","templated":true}]}}