{"id":17516,"date":"2025-07-16T10:17:47","date_gmt":"2025-07-16T08:17:47","guid":{"rendered":"https:\/\/uj.adatbank.ro\/lexikon\/termek\/pantea-ioan-pantea-ioan\/"},"modified":"2025-07-16T10:17:47","modified_gmt":"2025-07-16T08:17:47","slug":"pantea-ioan-pantea-ioan","status":"publish","type":"product","link":"https:\/\/uj.adatbank.ro\/lexikon\/termek\/pantea-ioan-pantea-ioan\/","title":{"rendered":"PANTEA, Ioan, P\u00e2ntea Ioan"},"content":{"rendered":"<p>Mez\u0151r\u00fccs, 1878. febr. 17., \u2020\u00a0Mv., 1934. szept. 3.: \u00fcgyv\u00e9d, f\u0151jegyz\u0151, polg\u00e1rmester, szen\u00e1tor. \u2013 Apja g\u00f6r.-kat. esperes volt. Testv\u00e9rei: Eugen, Florentina, Vasile, Mari\u0163a Bad \u015etefann\u00e9. \u2013 Bal\u00e1zsfalv\u00e1n v\u00e9gezte a k\u00f6z\u00e9piskol\u00e1t. Jogi egyetemet Kv.-on v\u00e9gzett (1898\u20131902), jogi doktor\u00e1tust szerzett (1908. szept. 26.) Mv.-en \u00fcgyv\u00e9d. R\u00e9szt vett az i. vh.-ban, orosz fogs\u00e1gba ker\u00fclt, Vlagyivosztokb\u00f3l t\u00e9rt haza (1920). Mv. f\u0151jegyz\u0151je (1922), alprefektus; szen\u00e1tor a Rom\u00e1n Parlamentben (1928), a megyei id\u0151k\u00f6zi bizotts\u00e1g tagja (1929); Mv. polg\u00e1rmestere (1930. okt.\u201331; 1932\u201333).A Maros megyei Nemzeti Paraszt P\u00e1rt aleln\u00f6ke. Tagja az Astra-, Agrulnak, a g. kat. egyh\u00e1z kur\u00e1tora. T\u00f6bb kit\u00fcntet\u00e9sben r\u00e9szes\u00fclt: Steaua Rom\u00e2niei \u00een gr. de ofi\u0163er; coroana Rom\u00e2niei \u00een gr. de ofi\u0163er. <br \/><strong>Irod.:<\/strong> Almanah Tg.M.; Bern\u00e1dy; Fodor J\u00e1nos; Fodor\u2013Bal\u00e1s; Gy\u00e1szjelent\u0151; Ki kicsoda\u00a0?; Lexiconul vie\u0163ii publice; \u00d6kr\u00f6s; Sigmirean; Suciu, Felician: Desp\u0103r\u0163\u0103m\u00e2ntul \u201eT\u00e2rgu-Mure\u015f\u201d al \u201eAstrei\u201d \u00eentre anii 1913\u20131922 (Marisia, 32\u201333, 2013)<\/br><\/p>\n","protected":false},"excerpt":{"rendered":"<p>Mez\u0151r\u00fccs, 1878. febr. 17., \u2020\u00a0Mv., 1934. szept. 3.: \u00fcgyv\u00e9d, f\u0151jegyz\u0151, polg\u00e1rmester, szen\u00e1tor. \u2013 Apja g\u00f6r.-kat. esperes volt. Testv\u00e9rei: Eugen, Florentina, Vasile, Mari\u0163a Bad \u015etefann\u00e9. \u2013 Bal\u00e1zsfalv\u00e1n v\u00e9gezte a k\u00f6z\u00e9piskol\u00e1t. Jogi egyetemet Kv.-on v\u00e9gzett (1898\u20131902), jogi doktor\u00e1tust szerzett (1908. szept. 26.) Mv.-en \u00fcgyv\u00e9d. R\u00e9szt vett az i. vh.-ban, orosz fogs\u00e1gba ker\u00fclt, Vlagyivosztokb\u00f3l t\u00e9rt haza (1920). Mv. [&hellip;]<\/p>\n","protected":false},"featured_media":0,"comment_status":"open","ping_status":"closed","template":"","meta":[],"product_brand":[],"product_cat":[137],"product_tag":[],"class_list":{"0":"post-17516","1":"product","2":"type-product","3":"status-publish","5":"product_cat-maros-megyei-eletrajzi-lexikon","7":"first","8":"instock","9":"shipping-taxable","10":"product-type-simple"},"_links":{"self":[{"href":"https:\/\/uj.adatbank.ro\/lexikon\/wp-json\/wp\/v2\/product\/17516","targetHints":{"allow":["GET"]}}],"collection":[{"href":"https:\/\/uj.adatbank.ro\/lexikon\/wp-json\/wp\/v2\/product"}],"about":[{"href":"https:\/\/uj.adatbank.ro\/lexikon\/wp-json\/wp\/v2\/types\/product"}],"replies":[{"embeddable":true,"href":"https:\/\/uj.adatbank.ro\/lexikon\/wp-json\/wp\/v2\/comments?post=17516"}],"wp:attachment":[{"href":"https:\/\/uj.adatbank.ro\/lexikon\/wp-json\/wp\/v2\/media?parent=17516"}],"wp:term":[{"taxonomy":"product_brand","embeddable":true,"href":"https:\/\/uj.adatbank.ro\/lexikon\/wp-json\/wp\/v2\/product_brand?post=17516"},{"taxonomy":"product_cat","embeddable":true,"href":"https:\/\/uj.adatbank.ro\/lexikon\/wp-json\/wp\/v2\/product_cat?post=17516"},{"taxonomy":"product_tag","embeddable":true,"href":"https:\/\/uj.adatbank.ro\/lexikon\/wp-json\/wp\/v2\/product_tag?post=17516"}],"curies":[{"name":"wp","href":"https:\/\/api.w.org\/{rel}","templated":true}]}}