{"id":17518,"date":"2025-07-16T10:17:49","date_gmt":"2025-07-16T08:17:49","guid":{"rendered":"https:\/\/uj.adatbank.ro\/lexikon\/termek\/pantea-jeno\/"},"modified":"2025-07-16T10:17:49","modified_gmt":"2025-07-16T08:17:49","slug":"pantea-jeno","status":"publish","type":"product","link":"https:\/\/uj.adatbank.ro\/lexikon\/termek\/pantea-jeno\/","title":{"rendered":"PANTEA Jen\u0151"},"content":{"rendered":"<p>Mez\u0151r\u00fccs, 1876. jan. 5., \u2020 ?: tan\u00e1r. \u2013 Nasz\u00f3don tanult a gimn.-ban, Kv.-on a FJTE matematika-termtud. Karon v\u00e9gzett (1899\u20131902). <br \/><strong>Irod.:<\/strong> Sigmirean<\/br><\/p>\n","protected":false},"excerpt":{"rendered":"<p>Mez\u0151r\u00fccs, 1876. jan. 5., \u2020 ?: tan\u00e1r. \u2013 Nasz\u00f3don tanult a gimn.-ban, Kv.-on a FJTE matematika-termtud. Karon v\u00e9gzett (1899\u20131902). Irod.: Sigmirean<\/p>\n","protected":false},"featured_media":0,"comment_status":"open","ping_status":"closed","template":"","meta":[],"product_brand":[],"product_cat":[137],"product_tag":[],"class_list":{"0":"post-17518","1":"product","2":"type-product","3":"status-publish","5":"product_cat-maros-megyei-eletrajzi-lexikon","7":"first","8":"instock","9":"shipping-taxable","10":"product-type-simple"},"_links":{"self":[{"href":"https:\/\/uj.adatbank.ro\/lexikon\/wp-json\/wp\/v2\/product\/17518","targetHints":{"allow":["GET"]}}],"collection":[{"href":"https:\/\/uj.adatbank.ro\/lexikon\/wp-json\/wp\/v2\/product"}],"about":[{"href":"https:\/\/uj.adatbank.ro\/lexikon\/wp-json\/wp\/v2\/types\/product"}],"replies":[{"embeddable":true,"href":"https:\/\/uj.adatbank.ro\/lexikon\/wp-json\/wp\/v2\/comments?post=17518"}],"wp:attachment":[{"href":"https:\/\/uj.adatbank.ro\/lexikon\/wp-json\/wp\/v2\/media?parent=17518"}],"wp:term":[{"taxonomy":"product_brand","embeddable":true,"href":"https:\/\/uj.adatbank.ro\/lexikon\/wp-json\/wp\/v2\/product_brand?post=17518"},{"taxonomy":"product_cat","embeddable":true,"href":"https:\/\/uj.adatbank.ro\/lexikon\/wp-json\/wp\/v2\/product_cat?post=17518"},{"taxonomy":"product_tag","embeddable":true,"href":"https:\/\/uj.adatbank.ro\/lexikon\/wp-json\/wp\/v2\/product_tag?post=17518"}],"curies":[{"name":"wp","href":"https:\/\/api.w.org\/{rel}","templated":true}]}}