{"id":17519,"date":"2025-07-16T10:17:52","date_gmt":"2025-07-16T08:17:52","guid":{"rendered":"https:\/\/uj.adatbank.ro\/lexikon\/termek\/pantea-nicolae\/"},"modified":"2025-07-16T10:17:52","modified_gmt":"2025-07-16T08:17:52","slug":"pantea-nicolae","status":"publish","type":"product","link":"https:\/\/uj.adatbank.ro\/lexikon\/termek\/pantea-nicolae\/","title":{"rendered":"PANTEA, Nicolae"},"content":{"rendered":"<p>Maroskece, 1921. dec. 7., \u2020 T\u00e1tra hegyek (Csehszlov\u00e1kia), 1945. jan. 15. v. febr. 12.: hadnagy, alezredes. \u2013 A rom\u00e1n hadsereggel Rom\u00e1nia \u00e9 \u2013 ny.-i r\u00e9sz\u00e9nek felszabad\u00edt\u00e1s\u00e1\u00e9rt harcolt. Kit\u00fcntett\u00e9k a Steaua Rom\u00e2niei, cl.a III.-a cu spade \u00e9remmel. Sz\u00fcl\u0151faluj\u00e1ban temett\u00e9k el m\u00e1s 152 bajt\u00e1rs\u00e1val egy\u00fctt. \u2013 Irod..: C.L. (1994. m\u00e1j. 11.); Loghin-Lupa\u015fcu: B\u0103rba\u0163i ai datoriei (Buc., 1985)<\/br><\/p>\n","protected":false},"excerpt":{"rendered":"<p>Maroskece, 1921. dec. 7., \u2020 T\u00e1tra hegyek (Csehszlov\u00e1kia), 1945. jan. 15. v. febr. 12.: hadnagy, alezredes. \u2013 A rom\u00e1n hadsereggel Rom\u00e1nia \u00e9 \u2013 ny.-i r\u00e9sz\u00e9nek felszabad\u00edt\u00e1s\u00e1\u00e9rt harcolt. Kit\u00fcntett\u00e9k a Steaua Rom\u00e2niei, cl.a III.-a cu spade \u00e9remmel. Sz\u00fcl\u0151faluj\u00e1ban temett\u00e9k el m\u00e1s 152 bajt\u00e1rs\u00e1val egy\u00fctt. \u2013 Irod..: C.L. (1994. m\u00e1j. 11.); Loghin-Lupa\u015fcu: B\u0103rba\u0163i ai datoriei (Buc., 1985)<\/p>\n","protected":false},"featured_media":0,"comment_status":"open","ping_status":"closed","template":"","meta":[],"product_brand":[],"product_cat":[137],"product_tag":[],"class_list":{"0":"post-17519","1":"product","2":"type-product","3":"status-publish","5":"product_cat-maros-megyei-eletrajzi-lexikon","7":"first","8":"instock","9":"shipping-taxable","10":"product-type-simple"},"_links":{"self":[{"href":"https:\/\/uj.adatbank.ro\/lexikon\/wp-json\/wp\/v2\/product\/17519","targetHints":{"allow":["GET"]}}],"collection":[{"href":"https:\/\/uj.adatbank.ro\/lexikon\/wp-json\/wp\/v2\/product"}],"about":[{"href":"https:\/\/uj.adatbank.ro\/lexikon\/wp-json\/wp\/v2\/types\/product"}],"replies":[{"embeddable":true,"href":"https:\/\/uj.adatbank.ro\/lexikon\/wp-json\/wp\/v2\/comments?post=17519"}],"wp:attachment":[{"href":"https:\/\/uj.adatbank.ro\/lexikon\/wp-json\/wp\/v2\/media?parent=17519"}],"wp:term":[{"taxonomy":"product_brand","embeddable":true,"href":"https:\/\/uj.adatbank.ro\/lexikon\/wp-json\/wp\/v2\/product_brand?post=17519"},{"taxonomy":"product_cat","embeddable":true,"href":"https:\/\/uj.adatbank.ro\/lexikon\/wp-json\/wp\/v2\/product_cat?post=17519"},{"taxonomy":"product_tag","embeddable":true,"href":"https:\/\/uj.adatbank.ro\/lexikon\/wp-json\/wp\/v2\/product_tag?post=17519"}],"curies":[{"name":"wp","href":"https:\/\/api.w.org\/{rel}","templated":true}]}}