{"id":1752,"date":"2025-06-28T11:52:01","date_gmt":"2025-06-28T09:52:01","guid":{"rendered":"https:\/\/uj.adatbank.ro\/lexikon\/termek\/albu-vasile\/"},"modified":"2025-06-28T11:52:01","modified_gmt":"2025-06-28T09:52:01","slug":"albu-vasile","status":"publish","type":"product","link":"https:\/\/uj.adatbank.ro\/lexikon\/termek\/albu-vasile\/","title":{"rendered":"ALBU Vasile"},"content":{"rendered":"<p>?, \u2020 ?: tan\u00edt\u00f3. \u2013 G\u00f6rg\u00e9nyorsov\u00e1n tan\u00edtott, s kezdem\u00e9nyez\u00e9s\u00e9re f\u00e1b\u00f3l egytantermes rom\u00e1n tannyelv\u0171 iskol\u00e1t \u00e9p\u00edtettek (1892).<\/br><\/p>\n","protected":false},"excerpt":{"rendered":"<p>?, \u2020 ?: tan\u00edt\u00f3. \u2013 G\u00f6rg\u00e9nyorsov\u00e1n tan\u00edtott, s kezdem\u00e9nyez\u00e9s\u00e9re f\u00e1b\u00f3l egytantermes rom\u00e1n tannyelv\u0171 iskol\u00e1t \u00e9p\u00edtettek (1892).<\/p>\n","protected":false},"featured_media":0,"comment_status":"open","ping_status":"closed","template":"","meta":[],"product_brand":[],"product_cat":[137],"product_tag":[],"class_list":{"0":"post-1752","1":"product","2":"type-product","3":"status-publish","5":"product_cat-maros-megyei-eletrajzi-lexikon","7":"first","8":"instock","9":"shipping-taxable","10":"product-type-simple"},"_links":{"self":[{"href":"https:\/\/uj.adatbank.ro\/lexikon\/wp-json\/wp\/v2\/product\/1752","targetHints":{"allow":["GET"]}}],"collection":[{"href":"https:\/\/uj.adatbank.ro\/lexikon\/wp-json\/wp\/v2\/product"}],"about":[{"href":"https:\/\/uj.adatbank.ro\/lexikon\/wp-json\/wp\/v2\/types\/product"}],"replies":[{"embeddable":true,"href":"https:\/\/uj.adatbank.ro\/lexikon\/wp-json\/wp\/v2\/comments?post=1752"}],"wp:attachment":[{"href":"https:\/\/uj.adatbank.ro\/lexikon\/wp-json\/wp\/v2\/media?parent=1752"}],"wp:term":[{"taxonomy":"product_brand","embeddable":true,"href":"https:\/\/uj.adatbank.ro\/lexikon\/wp-json\/wp\/v2\/product_brand?post=1752"},{"taxonomy":"product_cat","embeddable":true,"href":"https:\/\/uj.adatbank.ro\/lexikon\/wp-json\/wp\/v2\/product_cat?post=1752"},{"taxonomy":"product_tag","embeddable":true,"href":"https:\/\/uj.adatbank.ro\/lexikon\/wp-json\/wp\/v2\/product_tag?post=1752"}],"curies":[{"name":"wp","href":"https:\/\/api.w.org\/{rel}","templated":true}]}}