{"id":17520,"date":"2025-07-16T10:17:55","date_gmt":"2025-07-16T08:17:55","guid":{"rendered":"https:\/\/uj.adatbank.ro\/lexikon\/termek\/pantea-simion\/"},"modified":"2025-07-16T10:17:55","modified_gmt":"2025-07-16T08:17:55","slug":"pantea-simion","status":"publish","type":"product","link":"https:\/\/uj.adatbank.ro\/lexikon\/termek\/pantea-simion\/","title":{"rendered":"PANTEA, Simion"},"content":{"rendered":"<p>Bik\u00e1cfalva, 1898. aug. 25., \u2020\u00a0?\u00a0: \u00fcgyv\u00e9d. \u2013 Bal\u00e1zsfalv\u00e1n \u00e9retts\u00e9gizett, az egyetem jogi fakult\u00e1s\u00e1t Kv.-on v\u00e9gezte (1922). A kv.-i v\u00e1r\u00e1sh\u00e1z\u00e1n\u00e1l dolgozott (1920\u2013), ahol joggyakornok is volt. Mv.-en \u00fcgyv\u00e9deskedett (1923), majd a v\u00e1ros f\u0151jegyz\u0151je lett (1926\u2013). az id\u0151k\u00f6zi bizotts\u00e1g titk\u00e1ra (1931), alpolg\u00e1rmester Tagja volt az Astra-nak, sz\u00e1mos t\u00e1rsadalmi, kultur\u00e1lis \u00e9s j\u00f3t\u00e9kony egyes\u00fclet m\u0171k\u00f6d\u00e9s\u00e9ben vett r\u00e9szt. \u00c9rdemeit a Rom\u00e1n Koronarend keresztj\u00e9vel t\u00fcntett\u00e9k ki. Szabadidej\u00e9ben turisztik\u00e1val foglalkozott. \u2013 <strong>F. m.:<\/strong> Regulament pentru organizarea \u015fi func\u0163ionarea serviciilor municipiului Tg. Mure\u015f (Tg. M., 1934).Irod.: F\u00fcl\u00f6p\u2013Ferencz; Id\u0151t\u00e1r 3; Ki kicsoda\u00a0?; Lexiconul vie\u0163ii publice<\/br><\/p>\n","protected":false},"excerpt":{"rendered":"<p>Bik\u00e1cfalva, 1898. aug. 25., \u2020\u00a0?\u00a0: \u00fcgyv\u00e9d. \u2013 Bal\u00e1zsfalv\u00e1n \u00e9retts\u00e9gizett, az egyetem jogi fakult\u00e1s\u00e1t Kv.-on v\u00e9gezte (1922). A kv.-i v\u00e1r\u00e1sh\u00e1z\u00e1n\u00e1l dolgozott (1920\u2013), ahol joggyakornok is volt. Mv.-en \u00fcgyv\u00e9deskedett (1923), majd a v\u00e1ros f\u0151jegyz\u0151je lett (1926\u2013). az id\u0151k\u00f6zi bizotts\u00e1g titk\u00e1ra (1931), alpolg\u00e1rmester Tagja volt az Astra-nak, sz\u00e1mos t\u00e1rsadalmi, kultur\u00e1lis \u00e9s j\u00f3t\u00e9kony egyes\u00fclet m\u0171k\u00f6d\u00e9s\u00e9ben vett r\u00e9szt. \u00c9rdemeit a [&hellip;]<\/p>\n","protected":false},"featured_media":0,"comment_status":"open","ping_status":"closed","template":"","meta":[],"product_brand":[],"product_cat":[137],"product_tag":[],"class_list":{"0":"post-17520","1":"product","2":"type-product","3":"status-publish","5":"product_cat-maros-megyei-eletrajzi-lexikon","7":"first","8":"instock","9":"shipping-taxable","10":"product-type-simple"},"_links":{"self":[{"href":"https:\/\/uj.adatbank.ro\/lexikon\/wp-json\/wp\/v2\/product\/17520","targetHints":{"allow":["GET"]}}],"collection":[{"href":"https:\/\/uj.adatbank.ro\/lexikon\/wp-json\/wp\/v2\/product"}],"about":[{"href":"https:\/\/uj.adatbank.ro\/lexikon\/wp-json\/wp\/v2\/types\/product"}],"replies":[{"embeddable":true,"href":"https:\/\/uj.adatbank.ro\/lexikon\/wp-json\/wp\/v2\/comments?post=17520"}],"wp:attachment":[{"href":"https:\/\/uj.adatbank.ro\/lexikon\/wp-json\/wp\/v2\/media?parent=17520"}],"wp:term":[{"taxonomy":"product_brand","embeddable":true,"href":"https:\/\/uj.adatbank.ro\/lexikon\/wp-json\/wp\/v2\/product_brand?post=17520"},{"taxonomy":"product_cat","embeddable":true,"href":"https:\/\/uj.adatbank.ro\/lexikon\/wp-json\/wp\/v2\/product_cat?post=17520"},{"taxonomy":"product_tag","embeddable":true,"href":"https:\/\/uj.adatbank.ro\/lexikon\/wp-json\/wp\/v2\/product_tag?post=17520"}],"curies":[{"name":"wp","href":"https:\/\/api.w.org\/{rel}","templated":true}]}}