{"id":17522,"date":"2025-07-16T10:18:03","date_gmt":"2025-07-16T08:18:03","guid":{"rendered":"https:\/\/uj.adatbank.ro\/lexikon\/termek\/pantea-vasilie\/"},"modified":"2025-07-16T10:18:03","modified_gmt":"2025-07-16T08:18:03","slug":"pantea-vasilie","status":"publish","type":"product","link":"https:\/\/uj.adatbank.ro\/lexikon\/termek\/pantea-vasilie\/","title":{"rendered":"PANTEA, Vasilie"},"content":{"rendered":"<p>? \u2020\u00a0?: ort. pap, tan\u00edt\u00f3. \u2013 A paniti \u00e1llami iskola tan\u00edt\u00f3ja (1787), majd Erd\u0151szentgy\u00f6rgy\u00f6n volt pap \u00e9s esperes (1809\u2013). Nicolae Panoviciot k\u00f6vette Mv.-en az ort. templomban \u00e9s iskol\u00e1ban (1804\u2013). Mv.-en l\u00e9tes\u00edtett\u00e9k Maros Sz\u00e9k Ort. Esperesi Hivatal\u00e1t, \u00e9s itt esperesk\u00e9nt szolg\u00e1lt a Mih\u00e1ly Arkangyalnak aj\u00e1lott fatemplomban (1814. \u00e1pr. 26.\u2013). Esperesk\u00e9nt \u00f6ssze\u00edrta Mv. \u00e9s Maros Sz\u00e9k g. kat. h\u00edveit (41 faluban, 1425 csal\u00e1dot \u00e9s kb. 7096 lelket) (1829). Megv\u00e1s\u00e1rolt a templomnak egy liturgiak\u00f6nyvet, amelyet Szebenben nyomtattak (1809). Az \u0151 szolg\u00e1lata ideje alatt \u00e9p\u00edtett\u00e9k a ma is \u00e1ll\u00f3, els\u0151 ort. k\u0151templomot, amelynek telket C.-tin Stoian, gazdag keresked\u0151 (1739\u20131811), v\u00e1s\u00e1rolt (1794). A mv.-i ort. templom falfestm\u00e9ny\u00e9t az \u0151 idej\u00e9ben k\u00e9sz\u00edtett\u00e9k vagy \u0151 maga saj\u00e1t kez\u00fcleg k\u00e9sz\u00edtette (1814). A templom k\u00f6r\u00e9 alak\u00edtott\u00e1k ki Mv. els\u0151, ma is haszn\u00e1latos, ort. temet\u0151j\u00e9t is, ahova C.Stoiant is temett\u00e9k. <br \/><strong>Irod.:<\/strong> Albu; B\u0103ciu\u0163-\u015eincan; B\u0103ciu\u0163, Nicolae-\u015eincan, Gheorghe Nicolae: Biserica de piatr\u0103 \u201e\u00cen\u0103l\u0163area Domnului\u201d T\u00e2rgu-Mure\u015f (Vatra veche, nr. 11., 2009); Criste\u015fti \u2013 Mure\u015f; Id\u0151t\u00e1r 1; P\u00e1l-Antal 2009; Popa, Traian: Tg.M.; \u015eincan 2006<\/br><\/p>\n","protected":false},"excerpt":{"rendered":"<p>? \u2020\u00a0?: ort. pap, tan\u00edt\u00f3. \u2013 A paniti \u00e1llami iskola tan\u00edt\u00f3ja (1787), majd Erd\u0151szentgy\u00f6rgy\u00f6n volt pap \u00e9s esperes (1809\u2013). Nicolae Panoviciot k\u00f6vette Mv.-en az ort. templomban \u00e9s iskol\u00e1ban (1804\u2013). Mv.-en l\u00e9tes\u00edtett\u00e9k Maros Sz\u00e9k Ort. Esperesi Hivatal\u00e1t, \u00e9s itt esperesk\u00e9nt szolg\u00e1lt a Mih\u00e1ly Arkangyalnak aj\u00e1lott fatemplomban (1814. \u00e1pr. 26.\u2013). Esperesk\u00e9nt \u00f6ssze\u00edrta Mv. \u00e9s Maros Sz\u00e9k g. [&hellip;]<\/p>\n","protected":false},"featured_media":0,"comment_status":"open","ping_status":"closed","template":"","meta":[],"product_brand":[],"product_cat":[137],"product_tag":[],"class_list":{"0":"post-17522","1":"product","2":"type-product","3":"status-publish","5":"product_cat-maros-megyei-eletrajzi-lexikon","7":"first","8":"instock","9":"shipping-taxable","10":"product-type-simple"},"_links":{"self":[{"href":"https:\/\/uj.adatbank.ro\/lexikon\/wp-json\/wp\/v2\/product\/17522","targetHints":{"allow":["GET"]}}],"collection":[{"href":"https:\/\/uj.adatbank.ro\/lexikon\/wp-json\/wp\/v2\/product"}],"about":[{"href":"https:\/\/uj.adatbank.ro\/lexikon\/wp-json\/wp\/v2\/types\/product"}],"replies":[{"embeddable":true,"href":"https:\/\/uj.adatbank.ro\/lexikon\/wp-json\/wp\/v2\/comments?post=17522"}],"wp:attachment":[{"href":"https:\/\/uj.adatbank.ro\/lexikon\/wp-json\/wp\/v2\/media?parent=17522"}],"wp:term":[{"taxonomy":"product_brand","embeddable":true,"href":"https:\/\/uj.adatbank.ro\/lexikon\/wp-json\/wp\/v2\/product_brand?post=17522"},{"taxonomy":"product_cat","embeddable":true,"href":"https:\/\/uj.adatbank.ro\/lexikon\/wp-json\/wp\/v2\/product_cat?post=17522"},{"taxonomy":"product_tag","embeddable":true,"href":"https:\/\/uj.adatbank.ro\/lexikon\/wp-json\/wp\/v2\/product_tag?post=17522"}],"curies":[{"name":"wp","href":"https:\/\/api.w.org\/{rel}","templated":true}]}}