{"id":17525,"date":"2025-07-16T10:18:08","date_gmt":"2025-07-16T08:18:08","guid":{"rendered":"https:\/\/uj.adatbank.ro\/lexikon\/termek\/pantiu-constantin-p\/"},"modified":"2025-07-16T10:18:08","modified_gmt":"2025-07-16T08:18:08","slug":"pantiu-constantin-p","status":"publish","type":"product","link":"https:\/\/uj.adatbank.ro\/lexikon\/termek\/pantiu-constantin-p\/","title":{"rendered":"PAN\u0162IU, Constantin, P."},"content":{"rendered":"<p>T\u00fcrk\u00f6s, 1824 v. 1829, \u2020 1885\u00a0: \u00fcgyv\u00e9d. \u2013 Pesten \u00e9s Kv.-on tanult. Mv.-en a kir\u00e1lyi t\u00e1bl\u00e1n\u00e1l volt kancellista (1847\u201348), majd Brass\u00f3ban lett gyakornok. R\u00e9szt vett a bal\u00e1zsfalvi nagygy\u0171l\u00e9sen (1848. m\u00e1j. 3\/15). A szebeni zsinatok k\u00fcld\u00f6tte volt az erd\u00e9lyi orsz\u00e1ggy\u0171l\u00e9seken (1863\u201365). \u00c1llami alkalmazott volt, majd Mv.-en b\u00edr\u00f3, accesor a mv.-i t\u00f6rv\u00e9nysz\u00e9ken (1867-ig), \u00fcgyv\u00e9d Brass\u00f3ban hal\u00e1l\u00e1ig (1868\u201385). <br \/><strong>Irod.:<\/strong> Actele Sinodului Bisericesc Greco reseritene in Ardealu (Sibiu, 1864); Predescu<\/br><\/p>\n","protected":false},"excerpt":{"rendered":"<p>T\u00fcrk\u00f6s, 1824 v. 1829, \u2020 1885\u00a0: \u00fcgyv\u00e9d. \u2013 Pesten \u00e9s Kv.-on tanult. Mv.-en a kir\u00e1lyi t\u00e1bl\u00e1n\u00e1l volt kancellista (1847\u201348), majd Brass\u00f3ban lett gyakornok. R\u00e9szt vett a bal\u00e1zsfalvi nagygy\u0171l\u00e9sen (1848. m\u00e1j. 3\/15). A szebeni zsinatok k\u00fcld\u00f6tte volt az erd\u00e9lyi orsz\u00e1ggy\u0171l\u00e9seken (1863\u201365). \u00c1llami alkalmazott volt, majd Mv.-en b\u00edr\u00f3, accesor a mv.-i t\u00f6rv\u00e9nysz\u00e9ken (1867-ig), \u00fcgyv\u00e9d Brass\u00f3ban hal\u00e1l\u00e1ig (1868\u201385). [&hellip;]<\/p>\n","protected":false},"featured_media":0,"comment_status":"open","ping_status":"closed","template":"","meta":[],"product_brand":[],"product_cat":[137],"product_tag":[],"class_list":{"0":"post-17525","1":"product","2":"type-product","3":"status-publish","5":"product_cat-maros-megyei-eletrajzi-lexikon","7":"first","8":"instock","9":"shipping-taxable","10":"product-type-simple"},"_links":{"self":[{"href":"https:\/\/uj.adatbank.ro\/lexikon\/wp-json\/wp\/v2\/product\/17525","targetHints":{"allow":["GET"]}}],"collection":[{"href":"https:\/\/uj.adatbank.ro\/lexikon\/wp-json\/wp\/v2\/product"}],"about":[{"href":"https:\/\/uj.adatbank.ro\/lexikon\/wp-json\/wp\/v2\/types\/product"}],"replies":[{"embeddable":true,"href":"https:\/\/uj.adatbank.ro\/lexikon\/wp-json\/wp\/v2\/comments?post=17525"}],"wp:attachment":[{"href":"https:\/\/uj.adatbank.ro\/lexikon\/wp-json\/wp\/v2\/media?parent=17525"}],"wp:term":[{"taxonomy":"product_brand","embeddable":true,"href":"https:\/\/uj.adatbank.ro\/lexikon\/wp-json\/wp\/v2\/product_brand?post=17525"},{"taxonomy":"product_cat","embeddable":true,"href":"https:\/\/uj.adatbank.ro\/lexikon\/wp-json\/wp\/v2\/product_cat?post=17525"},{"taxonomy":"product_tag","embeddable":true,"href":"https:\/\/uj.adatbank.ro\/lexikon\/wp-json\/wp\/v2\/product_tag?post=17525"}],"curies":[{"name":"wp","href":"https:\/\/api.w.org\/{rel}","templated":true}]}}