{"id":17526,"date":"2025-07-16T10:18:11","date_gmt":"2025-07-16T08:18:11","guid":{"rendered":"https:\/\/uj.adatbank.ro\/lexikon\/termek\/pantu-zaharia-c-zacharias\/"},"modified":"2025-07-16T10:18:11","modified_gmt":"2025-07-16T08:18:11","slug":"pantu-zaharia-c-zacharias","status":"publish","type":"product","link":"https:\/\/uj.adatbank.ro\/lexikon\/termek\/pantu-zaharia-c-zacharias\/","title":{"rendered":"PAN\u0162U, Zaharia C., Zacharias"},"content":{"rendered":"<p>Mv., 1866. j\u00fal. 31., \u2020 Buk., 1934. m\u00e1rc. 19.: botanikus. \u2013 Pan\u0163u, Constantin fia. Iskol\u00e1it Brass\u00f3ban v\u00e9gezte (1885), Buk.-ben term\u00e9szettudom\u00e1nyi karon diplom\u00e1zott (1885\u201390). Tan\u00e1rseg\u00e9d (1890\u201391), prepar\u00e1tor, konzerv\u00e1tor- \u00e9s k\u00f6nyvt\u00e1ros a Buk.-i Egyetem Botanikus Int\u00e9zet\u00e9ben (1891\u201334), tan\u00e1r is volt ugyanott hal\u00e1l\u00e1ig (1931\u201334). Hozz\u00e1j\u00e1rult a Bucegi, a Dobrodzsai hegys\u00e9g \u00e9s a Duna-delta n\u00f6v\u00e9nyvil\u00e1g\u00e1nak megismer\u00e9s\u00e9hez. Lexikont \u00e1ll\u00edtott \u00f6ssze: Plantele cunoscute de poporul rom\u00e2n c\u00edmmel, tartalmazta a gy\u00f3gyn\u00f6v\u00e9nyek n\u00e9pi elnevez\u00e9s\u00e9t is. Ez\u00e9rt a m\u0171v\u00e9\u00e9rt a Rom\u00e1n Akad\u00e9mia \u201eN\u0103sturel Herescu\u201d d\u00edjjal t\u00fcntette ki (1907). \u2013 <strong>F. m.:<\/strong> Najas marina \u015fi Najas minor \u00een Rom\u00e2nia (Buc., 1901); Plante vasculare din Dobrogea (1902); Vocabular botanic (1902); Aronicum barcense \u015fi Goodyera repens \u00een Rom\u00e2nia (1904); Plantele cunoscute de poporul rom\u00e2n: vocabular botanic cuprinz\u00e2nd numirile rom\u00e2ne, franceze, germane \u015fi \u015ftiin\u0163ifice (Buc., 1906; 1929); Vallisneria spiralis \u015fi wolffia arrhiza \u00een Rom\u00e2nia (1906); Contribu\u0163iuni la flora Bucegilor (1907); Contribu\u0163iuni la flora Bucucre\u015ftilor. 4. k. (1908\u201312); Contribu\u0163iuni la flora Ceahl\u0103uilui (1911); Tei-leg\u0103nat : Poveste (Bra\u015fov, 1911); Asplenium germanicum \u015fi archis gennarii \u00een Rom\u00e2nia (Buc., 1913, 1914); Flora Ceahl\u0103ului (1913); Orchidaceele din Rom\u00e2nia: studiu monografic cu 50 de tabele (Buc., 1915); Deux plantes nouvelles (1916); Omphalodes scorpioides Scrank en Roumanie.(1916); Speciile de Geranium \u2026 (1920); A. Procopianu-Procopovici (1922); Contribu\u0163iuni la flora Dobrogei Nou\u0103 (1925); Despre Silene pontica Br\u00e2ndz\u0103 (1925); Geraniaceele din Rom\u00e2nia (1931); Contribu\u0163iuni nou\u0103 la Orhidaceele din Rom\u00e2nia (1934); Contribu\u0163iuni nou\u0103 la flora Bucure\u015ftilor (s.a); <strong>t\u00e1rssz.:<\/strong> Enciclopedia rom\u00e2n\u0103 publicat\u0103 din \u00eens\u0103rcinarea \u015fi sub auspiciile Astra (Nic. Manegu\u0163, Flavia \u015eulu\u0163iu, Sibiu, 1898); Contribu\u0163iuni.. 1\u20132 vol.( A. Procopeanu-Procopovici-al, 1901\u201302); Ophrys Cornuta Stev. forma Banatica Rchb.( A. Procopeanu-Procopovici-al, 1901); Excursie botanic\u0103 \u00een jud. Caliacra (Th. Solacolu-val, 1925); Dou\u0103 plante nou\u0103 descoperite \u00een Rom\u00e2nia (Th. Solacolu-val1925); Das Botanische Institut in Bukarest (C. Popescu-val, Cluj, 1931). <br \/><strong>Irod.:<\/strong> Cosma; F\u00fcl\u00f6p\u2013Ferencz; Istoria biologiei \u00een date (1996); Istoria \u015ftiin\u0163ei \u015fi tehnicii \u00een Rom.:date cronologice (Buc., 1985); A Magyar tudom\u00e1nyos irodalom bibliogr\u00e1fi\u00e1ja 1901\u20131921( Bp., 1929\u201336); Personalit\u0103\u0163i rom; Predescu; Todea\u2013F\u00fcl\u00f6p\u2013Avram; Transilvania; La vie cientifique en Roumanie (Buc., 1937)<\/br><\/p>\n","protected":false},"excerpt":{"rendered":"<p>Mv., 1866. j\u00fal. 31., \u2020 Buk., 1934. m\u00e1rc. 19.: botanikus. \u2013 Pan\u0163u, Constantin fia. Iskol\u00e1it Brass\u00f3ban v\u00e9gezte (1885), Buk.-ben term\u00e9szettudom\u00e1nyi karon diplom\u00e1zott (1885\u201390). Tan\u00e1rseg\u00e9d (1890\u201391), prepar\u00e1tor, konzerv\u00e1tor- \u00e9s k\u00f6nyvt\u00e1ros a Buk.-i Egyetem Botanikus Int\u00e9zet\u00e9ben (1891\u201334), tan\u00e1r is volt ugyanott hal\u00e1l\u00e1ig (1931\u201334). Hozz\u00e1j\u00e1rult a Bucegi, a Dobrodzsai hegys\u00e9g \u00e9s a Duna-delta n\u00f6v\u00e9nyvil\u00e1g\u00e1nak megismer\u00e9s\u00e9hez. Lexikont \u00e1ll\u00edtott \u00f6ssze: [&hellip;]<\/p>\n","protected":false},"featured_media":0,"comment_status":"open","ping_status":"closed","template":"","meta":[],"product_brand":[],"product_cat":[137],"product_tag":[],"class_list":{"0":"post-17526","1":"product","2":"type-product","3":"status-publish","5":"product_cat-maros-megyei-eletrajzi-lexikon","7":"first","8":"instock","9":"shipping-taxable","10":"product-type-simple"},"_links":{"self":[{"href":"https:\/\/uj.adatbank.ro\/lexikon\/wp-json\/wp\/v2\/product\/17526","targetHints":{"allow":["GET"]}}],"collection":[{"href":"https:\/\/uj.adatbank.ro\/lexikon\/wp-json\/wp\/v2\/product"}],"about":[{"href":"https:\/\/uj.adatbank.ro\/lexikon\/wp-json\/wp\/v2\/types\/product"}],"replies":[{"embeddable":true,"href":"https:\/\/uj.adatbank.ro\/lexikon\/wp-json\/wp\/v2\/comments?post=17526"}],"wp:attachment":[{"href":"https:\/\/uj.adatbank.ro\/lexikon\/wp-json\/wp\/v2\/media?parent=17526"}],"wp:term":[{"taxonomy":"product_brand","embeddable":true,"href":"https:\/\/uj.adatbank.ro\/lexikon\/wp-json\/wp\/v2\/product_brand?post=17526"},{"taxonomy":"product_cat","embeddable":true,"href":"https:\/\/uj.adatbank.ro\/lexikon\/wp-json\/wp\/v2\/product_cat?post=17526"},{"taxonomy":"product_tag","embeddable":true,"href":"https:\/\/uj.adatbank.ro\/lexikon\/wp-json\/wp\/v2\/product_tag?post=17526"}],"curies":[{"name":"wp","href":"https:\/\/api.w.org\/{rel}","templated":true}]}}