{"id":17530,"date":"2025-07-16T10:18:18","date_gmt":"2025-07-16T08:18:18","guid":{"rendered":"https:\/\/uj.adatbank.ro\/lexikon\/termek\/pap-antal-szekelyudvarhelyi\/"},"modified":"2025-07-16T10:18:18","modified_gmt":"2025-07-16T08:18:18","slug":"pap-antal-szekelyudvarhelyi","status":"publish","type":"product","link":"https:\/\/uj.adatbank.ro\/lexikon\/termek\/pap-antal-szekelyudvarhelyi\/","title":{"rendered":"PAP Antal, sz\u00e9kelyudvarhelyi"},"content":{"rendered":"<p>1801. nov. 1., \u2020 1864. m\u00e1j. 28.: r. k. pap. \u2013 Papp\u00e1 szentelt\u00e9k (1826. \u00e1pr. 10.). K\u00e1pl\u00e1n Cs\u00edknagyboldogasszony, Cs\u00edkmenas\u00e1gon. Pl\u00e9b\u00e1nos Egrest\u0151n (1828\u201335), Atyh\u00e1ban, Szentegyh\u00e1zasfaluban, Bar\u00f3ton (1854\u2013). <br \/><strong>Irod.:<\/strong> Ferenczi S\u00e1ndor 2009<\/br><\/p>\n","protected":false},"excerpt":{"rendered":"<p>1801. nov. 1., \u2020 1864. m\u00e1j. 28.: r. k. pap. \u2013 Papp\u00e1 szentelt\u00e9k (1826. \u00e1pr. 10.). K\u00e1pl\u00e1n Cs\u00edknagyboldogasszony, Cs\u00edkmenas\u00e1gon. Pl\u00e9b\u00e1nos Egrest\u0151n (1828\u201335), Atyh\u00e1ban, Szentegyh\u00e1zasfaluban, Bar\u00f3ton (1854\u2013). Irod.: Ferenczi S\u00e1ndor 2009<\/p>\n","protected":false},"featured_media":0,"comment_status":"open","ping_status":"closed","template":"","meta":[],"product_brand":[],"product_cat":[137],"product_tag":[],"class_list":{"0":"post-17530","1":"product","2":"type-product","3":"status-publish","5":"product_cat-maros-megyei-eletrajzi-lexikon","7":"first","8":"instock","9":"shipping-taxable","10":"product-type-simple"},"_links":{"self":[{"href":"https:\/\/uj.adatbank.ro\/lexikon\/wp-json\/wp\/v2\/product\/17530","targetHints":{"allow":["GET"]}}],"collection":[{"href":"https:\/\/uj.adatbank.ro\/lexikon\/wp-json\/wp\/v2\/product"}],"about":[{"href":"https:\/\/uj.adatbank.ro\/lexikon\/wp-json\/wp\/v2\/types\/product"}],"replies":[{"embeddable":true,"href":"https:\/\/uj.adatbank.ro\/lexikon\/wp-json\/wp\/v2\/comments?post=17530"}],"wp:attachment":[{"href":"https:\/\/uj.adatbank.ro\/lexikon\/wp-json\/wp\/v2\/media?parent=17530"}],"wp:term":[{"taxonomy":"product_brand","embeddable":true,"href":"https:\/\/uj.adatbank.ro\/lexikon\/wp-json\/wp\/v2\/product_brand?post=17530"},{"taxonomy":"product_cat","embeddable":true,"href":"https:\/\/uj.adatbank.ro\/lexikon\/wp-json\/wp\/v2\/product_cat?post=17530"},{"taxonomy":"product_tag","embeddable":true,"href":"https:\/\/uj.adatbank.ro\/lexikon\/wp-json\/wp\/v2\/product_tag?post=17530"}],"curies":[{"name":"wp","href":"https:\/\/api.w.org\/{rel}","templated":true}]}}