{"id":17531,"date":"2025-07-16T10:18:23","date_gmt":"2025-07-16T08:18:23","guid":{"rendered":"https:\/\/uj.adatbank.ro\/lexikon\/termek\/pap-arpad\/"},"modified":"2025-07-16T10:18:23","modified_gmt":"2025-07-16T08:18:23","slug":"pap-arpad","status":"publish","type":"product","link":"https:\/\/uj.adatbank.ro\/lexikon\/termek\/pap-arpad\/","title":{"rendered":"PAP \u00c1rp\u00e1d"},"content":{"rendered":"<p>Borb\u00e1tv\u00edz, 1870, \u2020\u00a0?: tan\u00edt\u00f3 Mv.-en. \u2013 R\u00e9szt vett az I. vh.-ban (1915\u201318), a 22. h. gy. e-el harct\u00e9ri szolg\u00e1latot teljes\u00edtett, mint hadnagy kit\u00fcntet\u00e9sekkel szerelt le. <br \/><strong>Irod.:<\/strong> Erd\u00e9lyi ezredek<\/br><\/p>\n","protected":false},"excerpt":{"rendered":"<p>Borb\u00e1tv\u00edz, 1870, \u2020\u00a0?: tan\u00edt\u00f3 Mv.-en. \u2013 R\u00e9szt vett az I. vh.-ban (1915\u201318), a 22. h. gy. e-el harct\u00e9ri szolg\u00e1latot teljes\u00edtett, mint hadnagy kit\u00fcntet\u00e9sekkel szerelt le. Irod.: Erd\u00e9lyi ezredek<\/p>\n","protected":false},"featured_media":0,"comment_status":"open","ping_status":"closed","template":"","meta":[],"product_brand":[],"product_cat":[137],"product_tag":[],"class_list":{"0":"post-17531","1":"product","2":"type-product","3":"status-publish","5":"product_cat-maros-megyei-eletrajzi-lexikon","7":"first","8":"instock","9":"shipping-taxable","10":"product-type-simple"},"_links":{"self":[{"href":"https:\/\/uj.adatbank.ro\/lexikon\/wp-json\/wp\/v2\/product\/17531","targetHints":{"allow":["GET"]}}],"collection":[{"href":"https:\/\/uj.adatbank.ro\/lexikon\/wp-json\/wp\/v2\/product"}],"about":[{"href":"https:\/\/uj.adatbank.ro\/lexikon\/wp-json\/wp\/v2\/types\/product"}],"replies":[{"embeddable":true,"href":"https:\/\/uj.adatbank.ro\/lexikon\/wp-json\/wp\/v2\/comments?post=17531"}],"wp:attachment":[{"href":"https:\/\/uj.adatbank.ro\/lexikon\/wp-json\/wp\/v2\/media?parent=17531"}],"wp:term":[{"taxonomy":"product_brand","embeddable":true,"href":"https:\/\/uj.adatbank.ro\/lexikon\/wp-json\/wp\/v2\/product_brand?post=17531"},{"taxonomy":"product_cat","embeddable":true,"href":"https:\/\/uj.adatbank.ro\/lexikon\/wp-json\/wp\/v2\/product_cat?post=17531"},{"taxonomy":"product_tag","embeddable":true,"href":"https:\/\/uj.adatbank.ro\/lexikon\/wp-json\/wp\/v2\/product_tag?post=17531"}],"curies":[{"name":"wp","href":"https:\/\/api.w.org\/{rel}","templated":true}]}}