{"id":17534,"date":"2025-07-16T10:18:29","date_gmt":"2025-07-16T08:18:29","guid":{"rendered":"https:\/\/uj.adatbank.ro\/lexikon\/termek\/pap-domokos\/"},"modified":"2025-07-16T10:18:29","modified_gmt":"2025-07-16T08:18:29","slug":"pap-domokos","status":"publish","type":"product","link":"https:\/\/uj.adatbank.ro\/lexikon\/termek\/pap-domokos\/","title":{"rendered":"PAP Domokos"},"content":{"rendered":"<p>? \u2020\u00a0?: \u00fcgyv\u00e9d. \u2013 Pap L\u00e1szl\u00f3 birtokos (1823.? \u2013 Mv., 1911. m\u00e1j. 11.) \u00e9s Petri Lidia (1822.? \u2013 1887. aug. 7.) fia. Feles\u00e9ge: Gomb\u00e1s Anna. Testv\u00e9rei: P. Elek, kir. torv\u00e9nysz\u00e9ki jegyz\u0151, feles\u00e9ge Gorov\u00e9 Korn\u00e9lia; P. Zsigmond, keresked\u0151, feles\u00e9ge Nagy Irma. \u2013 Mv.-en kir. al\u00fcgy\u00e9sz \u00e9s t\u00f6rv\u00e9nysz\u00e9ki eln\u00f6k. <br \/><strong>Irod.:<\/strong> Gy\u00e1szjelent\u0151<\/br><\/p>\n","protected":false},"excerpt":{"rendered":"<p>? \u2020\u00a0?: \u00fcgyv\u00e9d. \u2013 Pap L\u00e1szl\u00f3 birtokos (1823.? \u2013 Mv., 1911. m\u00e1j. 11.) \u00e9s Petri Lidia (1822.? \u2013 1887. aug. 7.) fia. Feles\u00e9ge: Gomb\u00e1s Anna. Testv\u00e9rei: P. Elek, kir. torv\u00e9nysz\u00e9ki jegyz\u0151, feles\u00e9ge Gorov\u00e9 Korn\u00e9lia; P. Zsigmond, keresked\u0151, feles\u00e9ge Nagy Irma. \u2013 Mv.-en kir. al\u00fcgy\u00e9sz \u00e9s t\u00f6rv\u00e9nysz\u00e9ki eln\u00f6k. Irod.: Gy\u00e1szjelent\u0151<\/p>\n","protected":false},"featured_media":0,"comment_status":"open","ping_status":"closed","template":"","meta":[],"product_brand":[],"product_cat":[137],"product_tag":[],"class_list":{"0":"post-17534","1":"product","2":"type-product","3":"status-publish","5":"product_cat-maros-megyei-eletrajzi-lexikon","7":"first","8":"instock","9":"shipping-taxable","10":"product-type-simple"},"_links":{"self":[{"href":"https:\/\/uj.adatbank.ro\/lexikon\/wp-json\/wp\/v2\/product\/17534","targetHints":{"allow":["GET"]}}],"collection":[{"href":"https:\/\/uj.adatbank.ro\/lexikon\/wp-json\/wp\/v2\/product"}],"about":[{"href":"https:\/\/uj.adatbank.ro\/lexikon\/wp-json\/wp\/v2\/types\/product"}],"replies":[{"embeddable":true,"href":"https:\/\/uj.adatbank.ro\/lexikon\/wp-json\/wp\/v2\/comments?post=17534"}],"wp:attachment":[{"href":"https:\/\/uj.adatbank.ro\/lexikon\/wp-json\/wp\/v2\/media?parent=17534"}],"wp:term":[{"taxonomy":"product_brand","embeddable":true,"href":"https:\/\/uj.adatbank.ro\/lexikon\/wp-json\/wp\/v2\/product_brand?post=17534"},{"taxonomy":"product_cat","embeddable":true,"href":"https:\/\/uj.adatbank.ro\/lexikon\/wp-json\/wp\/v2\/product_cat?post=17534"},{"taxonomy":"product_tag","embeddable":true,"href":"https:\/\/uj.adatbank.ro\/lexikon\/wp-json\/wp\/v2\/product_tag?post=17534"}],"curies":[{"name":"wp","href":"https:\/\/api.w.org\/{rel}","templated":true}]}}