{"id":17536,"date":"2025-07-16T10:18:34","date_gmt":"2025-07-16T08:18:34","guid":{"rendered":"https:\/\/uj.adatbank.ro\/lexikon\/termek\/pap-endre\/"},"modified":"2025-07-16T10:18:34","modified_gmt":"2025-07-16T08:18:34","slug":"pap-endre","status":"publish","type":"product","link":"https:\/\/uj.adatbank.ro\/lexikon\/termek\/pap-endre\/","title":{"rendered":"PAP Endre"},"content":{"rendered":"<p>Zilah, ? \u2020\u00a0Mez\u0151s\u00e1msond, 1998, : tan\u00edt\u00f3. Mez\u0151s\u00e1msondon tan\u00edtott. <br \/><strong>Irod.:<\/strong> Derzsi<\/br><\/p>\n","protected":false},"excerpt":{"rendered":"<p>Zilah, ? \u2020\u00a0Mez\u0151s\u00e1msond, 1998, : tan\u00edt\u00f3. Mez\u0151s\u00e1msondon tan\u00edtott. Irod.: Derzsi<\/p>\n","protected":false},"featured_media":0,"comment_status":"open","ping_status":"closed","template":"","meta":[],"product_brand":[],"product_cat":[137],"product_tag":[],"class_list":{"0":"post-17536","1":"product","2":"type-product","3":"status-publish","5":"product_cat-maros-megyei-eletrajzi-lexikon","7":"first","8":"instock","9":"shipping-taxable","10":"product-type-simple"},"_links":{"self":[{"href":"https:\/\/uj.adatbank.ro\/lexikon\/wp-json\/wp\/v2\/product\/17536","targetHints":{"allow":["GET"]}}],"collection":[{"href":"https:\/\/uj.adatbank.ro\/lexikon\/wp-json\/wp\/v2\/product"}],"about":[{"href":"https:\/\/uj.adatbank.ro\/lexikon\/wp-json\/wp\/v2\/types\/product"}],"replies":[{"embeddable":true,"href":"https:\/\/uj.adatbank.ro\/lexikon\/wp-json\/wp\/v2\/comments?post=17536"}],"wp:attachment":[{"href":"https:\/\/uj.adatbank.ro\/lexikon\/wp-json\/wp\/v2\/media?parent=17536"}],"wp:term":[{"taxonomy":"product_brand","embeddable":true,"href":"https:\/\/uj.adatbank.ro\/lexikon\/wp-json\/wp\/v2\/product_brand?post=17536"},{"taxonomy":"product_cat","embeddable":true,"href":"https:\/\/uj.adatbank.ro\/lexikon\/wp-json\/wp\/v2\/product_cat?post=17536"},{"taxonomy":"product_tag","embeddable":true,"href":"https:\/\/uj.adatbank.ro\/lexikon\/wp-json\/wp\/v2\/product_tag?post=17536"}],"curies":[{"name":"wp","href":"https:\/\/api.w.org\/{rel}","templated":true}]}}