{"id":17539,"date":"2025-07-16T10:18:42","date_gmt":"2025-07-16T08:18:42","guid":{"rendered":"https:\/\/uj.adatbank.ro\/lexikon\/termek\/pap-ferenc-2\/"},"modified":"2025-07-16T10:18:42","modified_gmt":"2025-07-16T08:18:42","slug":"pap-ferenc-2","status":"publish","type":"product","link":"https:\/\/uj.adatbank.ro\/lexikon\/termek\/pap-ferenc-2\/","title":{"rendered":"PAP Ferenc"},"content":{"rendered":"<p>Holtmaros, 1854. m\u00e1j. 3., \u2020 ? : tan\u00edt\u00f3. \u2013 Feles\u00e9ge: borosjen\u0151i Z\u00f6ldy \u00c1gnes, \u00f6t gyermek\u00fck volt. \u2013 Tanulm\u00e1nyait Holtmaroso, Nagyenyeden, D\u00e9v\u00e1n a tan\u00edt\u00f3k\u00e9pz\u0151ben v\u00e9gezte (1875). Marosszentkir\u00e1lyra nevezt\u00e9k ki tan\u00edt\u00f3nak (1875\u201377), ahol addig m\u00e9g soha nem volt iskola. \u00c1thelyezt\u00e9k G\u00f6demesterh\u00e1z\u00e1ra (1878), ahol szint\u00e9n addig m\u00e9g soha nem volt iskola. Az iskola\u00e9p\u00fclet egy leromlott korcsmahelyis\u00e9g volt. Akad\u00e1lyozta tev\u00e9kenys\u00e9g\u00e9t a nemzetis\u00e9gi f\u00e9lt\u00e9kenys\u00e9g \u00e9s a felekezeti sz\u00fckkebl\u0171s\u00e9g, h\u00e9tf\u00e9le nemzetis\u00e9g\u0171 gyermeket oktatott. A faluban meghonos0totta a gy\u00fcm\u00f6lcstermeszt\u00e9st \u00e9s a m\u00e9h\u00e9szetet. Cikkei megjelentek a lapokban. <br \/><strong>Irod.:<\/strong> Vaday<\/br><\/p>\n","protected":false},"excerpt":{"rendered":"<p>Holtmaros, 1854. m\u00e1j. 3., \u2020 ? : tan\u00edt\u00f3. \u2013 Feles\u00e9ge: borosjen\u0151i Z\u00f6ldy \u00c1gnes, \u00f6t gyermek\u00fck volt. \u2013 Tanulm\u00e1nyait Holtmaroso, Nagyenyeden, D\u00e9v\u00e1n a tan\u00edt\u00f3k\u00e9pz\u0151ben v\u00e9gezte (1875). Marosszentkir\u00e1lyra nevezt\u00e9k ki tan\u00edt\u00f3nak (1875\u201377), ahol addig m\u00e9g soha nem volt iskola. \u00c1thelyezt\u00e9k G\u00f6demesterh\u00e1z\u00e1ra (1878), ahol szint\u00e9n addig m\u00e9g soha nem volt iskola. Az iskola\u00e9p\u00fclet egy leromlott korcsmahelyis\u00e9g volt. Akad\u00e1lyozta [&hellip;]<\/p>\n","protected":false},"featured_media":0,"comment_status":"open","ping_status":"closed","template":"","meta":[],"product_brand":[],"product_cat":[137],"product_tag":[],"class_list":{"0":"post-17539","1":"product","2":"type-product","3":"status-publish","5":"product_cat-maros-megyei-eletrajzi-lexikon","7":"first","8":"instock","9":"shipping-taxable","10":"product-type-simple"},"_links":{"self":[{"href":"https:\/\/uj.adatbank.ro\/lexikon\/wp-json\/wp\/v2\/product\/17539","targetHints":{"allow":["GET"]}}],"collection":[{"href":"https:\/\/uj.adatbank.ro\/lexikon\/wp-json\/wp\/v2\/product"}],"about":[{"href":"https:\/\/uj.adatbank.ro\/lexikon\/wp-json\/wp\/v2\/types\/product"}],"replies":[{"embeddable":true,"href":"https:\/\/uj.adatbank.ro\/lexikon\/wp-json\/wp\/v2\/comments?post=17539"}],"wp:attachment":[{"href":"https:\/\/uj.adatbank.ro\/lexikon\/wp-json\/wp\/v2\/media?parent=17539"}],"wp:term":[{"taxonomy":"product_brand","embeddable":true,"href":"https:\/\/uj.adatbank.ro\/lexikon\/wp-json\/wp\/v2\/product_brand?post=17539"},{"taxonomy":"product_cat","embeddable":true,"href":"https:\/\/uj.adatbank.ro\/lexikon\/wp-json\/wp\/v2\/product_cat?post=17539"},{"taxonomy":"product_tag","embeddable":true,"href":"https:\/\/uj.adatbank.ro\/lexikon\/wp-json\/wp\/v2\/product_tag?post=17539"}],"curies":[{"name":"wp","href":"https:\/\/api.w.org\/{rel}","templated":true}]}}