{"id":17540,"date":"2025-07-16T10:18:46","date_gmt":"2025-07-16T08:18:46","guid":{"rendered":"https:\/\/uj.adatbank.ro\/lexikon\/termek\/pap-ferenc-3\/"},"modified":"2025-07-16T10:18:46","modified_gmt":"2025-07-16T08:18:46","slug":"pap-ferenc-3","status":"publish","type":"product","link":"https:\/\/uj.adatbank.ro\/lexikon\/termek\/pap-ferenc-3\/","title":{"rendered":"PAP Ferenc"},"content":{"rendered":"<p>Nemesmagasi, 1871. dec. 12., \u2020\u00a0?\u00a0: b\u00f6lcseleti doktor, f\u0151gimn\u00e1ziumi tan\u00e1r. \u2013 9 \u00e9ves kor\u00e1ban Sopronban kezdte tanul\u00e1s\u00e1t az \u00e1g. ev. liceumban, hol k\u00e9t \u00e9vig volt a magyar t\u00e1rsas\u00e1g f\u0151jegyz\u0151je; a bp.-i egyetem b\u00f6lcs\u00e9szeti kar\u00e1n diplom\u00e1t szerzett (1893); b\u00f6lcseleti doktor (1895) s ekkor felolvasta Tacitus \u00e9s Mad\u00e1ch c. \u00e9rtekez\u00e9s\u00e9t. M\u00e1r el\u0151bb mint nevel\u0151 m\u0171k\u00f6d\u00f6tt Gernyeszegen, Erd\u00e9lyben, hol b\u00e1r\u00f3 B\u00e1nffy Gy\u00f6rgyn\u00e9 csal\u00e1dj\u00e1ba ker\u00fclt mint Teleki Domokos \u00e9s G\u00e9za nevel\u0151je, kikkel k\u00fclf\u00f6ld\u00f6n, nevezetesen Bajororsz\u00e1gban is j\u00e1rt \u00e9s beutazta Erd\u00e9lyt. 1897 szept.-t\u0151l az orsz\u00e1gos n\u0151k\u00e9pz\u0151-egyes\u00fclet le\u00e1nygimn\u00e1zium\u00e1ban tan\u00e1rkodott, hol a latin \u00e9s magyar nyelvet tan\u00edtotta, majd a budapesti I. ker\u00fcleti m. kir. \u00e1llami f\u0151gimn\u00e1zium tan\u00e1ra (1900\u2013). Munk\u00e1lkod\u00e1s\u00e1nak ter\u00e9\u00fcl az irodalomt\u00f6rt\u00e9netet \u00e9s esthetik\u00e1t v\u00e1lasztotta. Cikkei a T\u00f6rekv\u00e9sben, a Nyelvtudom\u00e1nyi K\u00f6zlem\u00e9nyekben , az Egyetemes Philologiai K\u00f6zl\u00f6nyben; a Pesti Napl\u00f3ban a Budapesti Szeml\u00e9ben a Nemzeti N\u0151nevel\u00e9sben , a budapesti I. ker. f\u0151gymnasium \u00c9rtes\u00edt\u0151j\u00e9ben. \u2013 <strong>F. m.:<\/strong> A val\u00f3szer\u0171s\u00e9g \u00e9s hat\u00e1rai a m\u0171v\u00e9szetben. (Bp., 1894) <br \/><strong>Irod.:<\/strong> Szinnyei<\/br><\/p>\n","protected":false},"excerpt":{"rendered":"<p>Nemesmagasi, 1871. dec. 12., \u2020\u00a0?\u00a0: b\u00f6lcseleti doktor, f\u0151gimn\u00e1ziumi tan\u00e1r. \u2013 9 \u00e9ves kor\u00e1ban Sopronban kezdte tanul\u00e1s\u00e1t az \u00e1g. ev. liceumban, hol k\u00e9t \u00e9vig volt a magyar t\u00e1rsas\u00e1g f\u0151jegyz\u0151je; a bp.-i egyetem b\u00f6lcs\u00e9szeti kar\u00e1n diplom\u00e1t szerzett (1893); b\u00f6lcseleti doktor (1895) s ekkor felolvasta Tacitus \u00e9s Mad\u00e1ch c. \u00e9rtekez\u00e9s\u00e9t. M\u00e1r el\u0151bb mint nevel\u0151 m\u0171k\u00f6d\u00f6tt Gernyeszegen, Erd\u00e9lyben, hol [&hellip;]<\/p>\n","protected":false},"featured_media":0,"comment_status":"open","ping_status":"closed","template":"","meta":[],"product_brand":[],"product_cat":[137],"product_tag":[],"class_list":{"0":"post-17540","1":"product","2":"type-product","3":"status-publish","5":"product_cat-maros-megyei-eletrajzi-lexikon","7":"first","8":"instock","9":"shipping-taxable","10":"product-type-simple"},"_links":{"self":[{"href":"https:\/\/uj.adatbank.ro\/lexikon\/wp-json\/wp\/v2\/product\/17540","targetHints":{"allow":["GET"]}}],"collection":[{"href":"https:\/\/uj.adatbank.ro\/lexikon\/wp-json\/wp\/v2\/product"}],"about":[{"href":"https:\/\/uj.adatbank.ro\/lexikon\/wp-json\/wp\/v2\/types\/product"}],"replies":[{"embeddable":true,"href":"https:\/\/uj.adatbank.ro\/lexikon\/wp-json\/wp\/v2\/comments?post=17540"}],"wp:attachment":[{"href":"https:\/\/uj.adatbank.ro\/lexikon\/wp-json\/wp\/v2\/media?parent=17540"}],"wp:term":[{"taxonomy":"product_brand","embeddable":true,"href":"https:\/\/uj.adatbank.ro\/lexikon\/wp-json\/wp\/v2\/product_brand?post=17540"},{"taxonomy":"product_cat","embeddable":true,"href":"https:\/\/uj.adatbank.ro\/lexikon\/wp-json\/wp\/v2\/product_cat?post=17540"},{"taxonomy":"product_tag","embeddable":true,"href":"https:\/\/uj.adatbank.ro\/lexikon\/wp-json\/wp\/v2\/product_tag?post=17540"}],"curies":[{"name":"wp","href":"https:\/\/api.w.org\/{rel}","templated":true}]}}