{"id":17541,"date":"2025-07-16T10:18:48","date_gmt":"2025-07-16T08:18:48","guid":{"rendered":"https:\/\/uj.adatbank.ro\/lexikon\/termek\/pap-gabor\/"},"modified":"2025-07-16T10:18:48","modified_gmt":"2025-07-16T08:18:48","slug":"pap-gabor","status":"publish","type":"product","link":"https:\/\/uj.adatbank.ro\/lexikon\/termek\/pap-gabor\/","title":{"rendered":"PAP G\u00e1bor"},"content":{"rendered":"<p>Holtmaros, 1854, m\u00e1j. 3., \u2020 ?: tan\u00edt\u00f3. \u2013 Tanulm\u00e1nyait Nagy-Enyeden kezdte (1867\u2013) s a d\u00e9vai tan\u00edt\u00f3k\u00e9pz\u0151ben folytatta (1872\u201375). Tan\u00edtott : Maros-Szentkir\u00e1lyon, majd G\u00f6demesterh\u00e1z\u00e1ra helyezt\u00e9k \u00e1t (1878). Mint a megyei tan\u00edt\u00f3-egylet jegyz\u0151je h\u00e1rom \u00e9vig m\u0171k\u00f6d\u00f6tt. Egy eg\u00e9szen vad vid\u00e9ken meghonos\u00edtotta a gy\u00fcm\u00f6lcstermeszt\u00e9st \u00e9s a m\u00e9h\u00e9szete is vir\u00e1gz\u00f3 volt. T\u00f6bb tan\u00fcgyi \u00e9s t\u00e1rsadalmi lapba \u00edrt cikkeket. \u2013 <strong>F. m.:<\/strong> A m\u00e9h\u00e9szet mint gazdas\u00e1gi t\u00e9nyez\u0151 a kupos kezel\u00e9s\u0171 rendszer mellett. (Dics\u0151szent\u00e1rton, 1899). <br \/><strong>Irod.:<\/strong> Rugonfalvi Kiss; Szinnyei; Todea\u2013F\u00fcl\u00f6p\u2013Avram<\/br><\/p>\n","protected":false},"excerpt":{"rendered":"<p>Holtmaros, 1854, m\u00e1j. 3., \u2020 ?: tan\u00edt\u00f3. \u2013 Tanulm\u00e1nyait Nagy-Enyeden kezdte (1867\u2013) s a d\u00e9vai tan\u00edt\u00f3k\u00e9pz\u0151ben folytatta (1872\u201375). Tan\u00edtott : Maros-Szentkir\u00e1lyon, majd G\u00f6demesterh\u00e1z\u00e1ra helyezt\u00e9k \u00e1t (1878). Mint a megyei tan\u00edt\u00f3-egylet jegyz\u0151je h\u00e1rom \u00e9vig m\u0171k\u00f6d\u00f6tt. Egy eg\u00e9szen vad vid\u00e9ken meghonos\u00edtotta a gy\u00fcm\u00f6lcstermeszt\u00e9st \u00e9s a m\u00e9h\u00e9szete is vir\u00e1gz\u00f3 volt. T\u00f6bb tan\u00fcgyi \u00e9s t\u00e1rsadalmi lapba \u00edrt cikkeket. \u2013 [&hellip;]<\/p>\n","protected":false},"featured_media":0,"comment_status":"open","ping_status":"closed","template":"","meta":[],"product_brand":[],"product_cat":[137],"product_tag":[],"class_list":{"0":"post-17541","1":"product","2":"type-product","3":"status-publish","5":"product_cat-maros-megyei-eletrajzi-lexikon","7":"first","8":"instock","9":"shipping-taxable","10":"product-type-simple"},"_links":{"self":[{"href":"https:\/\/uj.adatbank.ro\/lexikon\/wp-json\/wp\/v2\/product\/17541","targetHints":{"allow":["GET"]}}],"collection":[{"href":"https:\/\/uj.adatbank.ro\/lexikon\/wp-json\/wp\/v2\/product"}],"about":[{"href":"https:\/\/uj.adatbank.ro\/lexikon\/wp-json\/wp\/v2\/types\/product"}],"replies":[{"embeddable":true,"href":"https:\/\/uj.adatbank.ro\/lexikon\/wp-json\/wp\/v2\/comments?post=17541"}],"wp:attachment":[{"href":"https:\/\/uj.adatbank.ro\/lexikon\/wp-json\/wp\/v2\/media?parent=17541"}],"wp:term":[{"taxonomy":"product_brand","embeddable":true,"href":"https:\/\/uj.adatbank.ro\/lexikon\/wp-json\/wp\/v2\/product_brand?post=17541"},{"taxonomy":"product_cat","embeddable":true,"href":"https:\/\/uj.adatbank.ro\/lexikon\/wp-json\/wp\/v2\/product_cat?post=17541"},{"taxonomy":"product_tag","embeddable":true,"href":"https:\/\/uj.adatbank.ro\/lexikon\/wp-json\/wp\/v2\/product_tag?post=17541"}],"curies":[{"name":"wp","href":"https:\/\/api.w.org\/{rel}","templated":true}]}}