{"id":17544,"date":"2025-07-16T10:18:54","date_gmt":"2025-07-16T08:18:54","guid":{"rendered":"https:\/\/uj.adatbank.ro\/lexikon\/termek\/pap-gyorgy\/"},"modified":"2025-07-16T10:18:54","modified_gmt":"2025-07-16T08:18:54","slug":"pap-gyorgy","status":"publish","type":"product","link":"https:\/\/uj.adatbank.ro\/lexikon\/termek\/pap-gyorgy\/","title":{"rendered":"PAP Gy\u00f6rgy"},"content":{"rendered":"<p>Marosludas, \u2020 ?: jog\u00e1sz. \u2013 Bp.-en tanult a MKE jogi \u00e9s politikatudom\u00e1nyi kar\u00e1n (1887), <br \/><strong>Irod.:<\/strong> Sigmirean<\/br><\/p>\n","protected":false},"excerpt":{"rendered":"<p>Marosludas, \u2020 ?: jog\u00e1sz. \u2013 Bp.-en tanult a MKE jogi \u00e9s politikatudom\u00e1nyi kar\u00e1n (1887), Irod.: Sigmirean<\/p>\n","protected":false},"featured_media":0,"comment_status":"open","ping_status":"closed","template":"","meta":[],"product_brand":[],"product_cat":[137],"product_tag":[],"class_list":{"0":"post-17544","1":"product","2":"type-product","3":"status-publish","5":"product_cat-maros-megyei-eletrajzi-lexikon","7":"first","8":"instock","9":"shipping-taxable","10":"product-type-simple"},"_links":{"self":[{"href":"https:\/\/uj.adatbank.ro\/lexikon\/wp-json\/wp\/v2\/product\/17544","targetHints":{"allow":["GET"]}}],"collection":[{"href":"https:\/\/uj.adatbank.ro\/lexikon\/wp-json\/wp\/v2\/product"}],"about":[{"href":"https:\/\/uj.adatbank.ro\/lexikon\/wp-json\/wp\/v2\/types\/product"}],"replies":[{"embeddable":true,"href":"https:\/\/uj.adatbank.ro\/lexikon\/wp-json\/wp\/v2\/comments?post=17544"}],"wp:attachment":[{"href":"https:\/\/uj.adatbank.ro\/lexikon\/wp-json\/wp\/v2\/media?parent=17544"}],"wp:term":[{"taxonomy":"product_brand","embeddable":true,"href":"https:\/\/uj.adatbank.ro\/lexikon\/wp-json\/wp\/v2\/product_brand?post=17544"},{"taxonomy":"product_cat","embeddable":true,"href":"https:\/\/uj.adatbank.ro\/lexikon\/wp-json\/wp\/v2\/product_cat?post=17544"},{"taxonomy":"product_tag","embeddable":true,"href":"https:\/\/uj.adatbank.ro\/lexikon\/wp-json\/wp\/v2\/product_tag?post=17544"}],"curies":[{"name":"wp","href":"https:\/\/api.w.org\/{rel}","templated":true}]}}