{"id":17550,"date":"2025-07-16T10:19:12","date_gmt":"2025-07-16T08:19:12","guid":{"rendered":"https:\/\/uj.adatbank.ro\/lexikon\/termek\/pap-istvan-2\/"},"modified":"2025-07-16T10:19:12","modified_gmt":"2025-07-16T08:19:12","slug":"pap-istvan-2","status":"publish","type":"product","link":"https:\/\/uj.adatbank.ro\/lexikon\/termek\/pap-istvan-2\/","title":{"rendered":"PAP Istv\u00e1n"},"content":{"rendered":"<p>1874., \u2020\u00a0?: csend\u00f6ralhadnagy. \u2013 Iskol\u00e1i elv\u00e9gz\u00e9se ut\u00e1n katona lett, majd 22 \u00e9vet t\u00f6lt\u00f6tt a csend\u0151rs\u00e9gn\u00e9l Erd\u0151szentgy\u00f6rgy\u00f6n, mint alhadnagy ment nyugd\u00edjba, sz\u00e1mos elismer\u00e9sben \u00e9s kit\u00fcntet\u00e9sben volt r\u00e9sze. <br \/><strong>Irod.:<\/strong> Sz\u00e9kelyf\u00f6ld \u00ed.k.<\/br><\/p>\n","protected":false},"excerpt":{"rendered":"<p>1874., \u2020\u00a0?: csend\u00f6ralhadnagy. \u2013 Iskol\u00e1i elv\u00e9gz\u00e9se ut\u00e1n katona lett, majd 22 \u00e9vet t\u00f6lt\u00f6tt a csend\u0151rs\u00e9gn\u00e9l Erd\u0151szentgy\u00f6rgy\u00f6n, mint alhadnagy ment nyugd\u00edjba, sz\u00e1mos elismer\u00e9sben \u00e9s kit\u00fcntet\u00e9sben volt r\u00e9sze. Irod.: Sz\u00e9kelyf\u00f6ld \u00ed.k.<\/p>\n","protected":false},"featured_media":0,"comment_status":"open","ping_status":"closed","template":"","meta":[],"product_brand":[],"product_cat":[137],"product_tag":[],"class_list":{"0":"post-17550","1":"product","2":"type-product","3":"status-publish","5":"product_cat-maros-megyei-eletrajzi-lexikon","7":"first","8":"instock","9":"shipping-taxable","10":"product-type-simple"},"_links":{"self":[{"href":"https:\/\/uj.adatbank.ro\/lexikon\/wp-json\/wp\/v2\/product\/17550","targetHints":{"allow":["GET"]}}],"collection":[{"href":"https:\/\/uj.adatbank.ro\/lexikon\/wp-json\/wp\/v2\/product"}],"about":[{"href":"https:\/\/uj.adatbank.ro\/lexikon\/wp-json\/wp\/v2\/types\/product"}],"replies":[{"embeddable":true,"href":"https:\/\/uj.adatbank.ro\/lexikon\/wp-json\/wp\/v2\/comments?post=17550"}],"wp:attachment":[{"href":"https:\/\/uj.adatbank.ro\/lexikon\/wp-json\/wp\/v2\/media?parent=17550"}],"wp:term":[{"taxonomy":"product_brand","embeddable":true,"href":"https:\/\/uj.adatbank.ro\/lexikon\/wp-json\/wp\/v2\/product_brand?post=17550"},{"taxonomy":"product_cat","embeddable":true,"href":"https:\/\/uj.adatbank.ro\/lexikon\/wp-json\/wp\/v2\/product_cat?post=17550"},{"taxonomy":"product_tag","embeddable":true,"href":"https:\/\/uj.adatbank.ro\/lexikon\/wp-json\/wp\/v2\/product_tag?post=17550"}],"curies":[{"name":"wp","href":"https:\/\/api.w.org\/{rel}","templated":true}]}}