{"id":17551,"date":"2025-07-16T10:19:15","date_gmt":"2025-07-16T08:19:15","guid":{"rendered":"https:\/\/uj.adatbank.ro\/lexikon\/termek\/pap-istvan-3\/"},"modified":"2025-07-16T10:19:15","modified_gmt":"2025-07-16T08:19:15","slug":"pap-istvan-3","status":"publish","type":"product","link":"https:\/\/uj.adatbank.ro\/lexikon\/termek\/pap-istvan-3\/","title":{"rendered":"PAP Istv\u00e1n"},"content":{"rendered":"<p>Zernyest, 1908. febr. 2., \u2020\u00a0?: gazd\u00e1lkod\u00f3. \u2013 Sz\u00e1szr\u00e9genben tart\u00f3ztatt\u00e1k le (1958. j\u00fal. 24.). B\u00edr\u00f3s\u00e1g el\u00e9 \u00e1ll\u00edtott\u00e1k azzal a v\u00e1ddal, hogy nyilv\u00e1nosan izgatott a rendszer ellen \u00e9s nacionalista dalokat dalolt. Szabadul\u00e1sa ut\u00e1n Sz\u00e1szr\u00e9genben lakott. <br \/><strong>Irod.:<\/strong>1956 Erd\u00e9lyben<\/br><\/p>\n","protected":false},"excerpt":{"rendered":"<p>Zernyest, 1908. febr. 2., \u2020\u00a0?: gazd\u00e1lkod\u00f3. \u2013 Sz\u00e1szr\u00e9genben tart\u00f3ztatt\u00e1k le (1958. j\u00fal. 24.). B\u00edr\u00f3s\u00e1g el\u00e9 \u00e1ll\u00edtott\u00e1k azzal a v\u00e1ddal, hogy nyilv\u00e1nosan izgatott a rendszer ellen \u00e9s nacionalista dalokat dalolt. Szabadul\u00e1sa ut\u00e1n Sz\u00e1szr\u00e9genben lakott. Irod.:1956 Erd\u00e9lyben<\/p>\n","protected":false},"featured_media":0,"comment_status":"open","ping_status":"closed","template":"","meta":[],"product_brand":[],"product_cat":[137],"product_tag":[],"class_list":{"0":"post-17551","1":"product","2":"type-product","3":"status-publish","5":"product_cat-maros-megyei-eletrajzi-lexikon","7":"first","8":"instock","9":"shipping-taxable","10":"product-type-simple"},"_links":{"self":[{"href":"https:\/\/uj.adatbank.ro\/lexikon\/wp-json\/wp\/v2\/product\/17551","targetHints":{"allow":["GET"]}}],"collection":[{"href":"https:\/\/uj.adatbank.ro\/lexikon\/wp-json\/wp\/v2\/product"}],"about":[{"href":"https:\/\/uj.adatbank.ro\/lexikon\/wp-json\/wp\/v2\/types\/product"}],"replies":[{"embeddable":true,"href":"https:\/\/uj.adatbank.ro\/lexikon\/wp-json\/wp\/v2\/comments?post=17551"}],"wp:attachment":[{"href":"https:\/\/uj.adatbank.ro\/lexikon\/wp-json\/wp\/v2\/media?parent=17551"}],"wp:term":[{"taxonomy":"product_brand","embeddable":true,"href":"https:\/\/uj.adatbank.ro\/lexikon\/wp-json\/wp\/v2\/product_brand?post=17551"},{"taxonomy":"product_cat","embeddable":true,"href":"https:\/\/uj.adatbank.ro\/lexikon\/wp-json\/wp\/v2\/product_cat?post=17551"},{"taxonomy":"product_tag","embeddable":true,"href":"https:\/\/uj.adatbank.ro\/lexikon\/wp-json\/wp\/v2\/product_tag?post=17551"}],"curies":[{"name":"wp","href":"https:\/\/api.w.org\/{rel}","templated":true}]}}