{"id":17554,"date":"2025-07-16T10:19:19","date_gmt":"2025-07-16T08:19:19","guid":{"rendered":"https:\/\/uj.adatbank.ro\/lexikon\/termek\/pap-janos\/"},"modified":"2025-07-16T10:19:19","modified_gmt":"2025-07-16T08:19:19","slug":"pap-janos","status":"publish","type":"product","link":"https:\/\/uj.adatbank.ro\/lexikon\/termek\/pap-janos\/","title":{"rendered":"PAP J\u00e1nos"},"content":{"rendered":"<p>? \u2020\u00a0? : kir\u00e1lyb\u00edr\u00f3. \u2013 It\u00e9lete k\u00f6vetkezt\u00e9ben Sz\u00e9kelyszentistv\u00e1nban elevenen eltemett\u00e9k Szab\u00f3 Orsik hajadont (18. sz. k\u00f6zep\u00e9n). <br \/><strong>Irod.:<\/strong> Pesty 2014<\/br><\/p>\n","protected":false},"excerpt":{"rendered":"<p>? \u2020\u00a0? : kir\u00e1lyb\u00edr\u00f3. \u2013 It\u00e9lete k\u00f6vetkezt\u00e9ben Sz\u00e9kelyszentistv\u00e1nban elevenen eltemett\u00e9k Szab\u00f3 Orsik hajadont (18. sz. k\u00f6zep\u00e9n). Irod.: Pesty 2014<\/p>\n","protected":false},"featured_media":0,"comment_status":"open","ping_status":"closed","template":"","meta":[],"product_brand":[],"product_cat":[137],"product_tag":[],"class_list":{"0":"post-17554","1":"product","2":"type-product","3":"status-publish","5":"product_cat-maros-megyei-eletrajzi-lexikon","7":"first","8":"instock","9":"shipping-taxable","10":"product-type-simple"},"_links":{"self":[{"href":"https:\/\/uj.adatbank.ro\/lexikon\/wp-json\/wp\/v2\/product\/17554","targetHints":{"allow":["GET"]}}],"collection":[{"href":"https:\/\/uj.adatbank.ro\/lexikon\/wp-json\/wp\/v2\/product"}],"about":[{"href":"https:\/\/uj.adatbank.ro\/lexikon\/wp-json\/wp\/v2\/types\/product"}],"replies":[{"embeddable":true,"href":"https:\/\/uj.adatbank.ro\/lexikon\/wp-json\/wp\/v2\/comments?post=17554"}],"wp:attachment":[{"href":"https:\/\/uj.adatbank.ro\/lexikon\/wp-json\/wp\/v2\/media?parent=17554"}],"wp:term":[{"taxonomy":"product_brand","embeddable":true,"href":"https:\/\/uj.adatbank.ro\/lexikon\/wp-json\/wp\/v2\/product_brand?post=17554"},{"taxonomy":"product_cat","embeddable":true,"href":"https:\/\/uj.adatbank.ro\/lexikon\/wp-json\/wp\/v2\/product_cat?post=17554"},{"taxonomy":"product_tag","embeddable":true,"href":"https:\/\/uj.adatbank.ro\/lexikon\/wp-json\/wp\/v2\/product_tag?post=17554"}],"curies":[{"name":"wp","href":"https:\/\/api.w.org\/{rel}","templated":true}]}}