{"id":17555,"date":"2025-07-16T10:19:21","date_gmt":"2025-07-16T08:19:21","guid":{"rendered":"https:\/\/uj.adatbank.ro\/lexikon\/termek\/pap-janos-2\/"},"modified":"2025-07-16T10:19:21","modified_gmt":"2025-07-16T08:19:21","slug":"pap-janos-2","status":"publish","type":"product","link":"https:\/\/uj.adatbank.ro\/lexikon\/termek\/pap-janos-2\/","title":{"rendered":"PAP J\u00e1nos"},"content":{"rendered":"<p>1827.? \u2020\u00a0Mv., 1908. \u00e1pr. 29.: v\u00e1rosi polg\u00e1r. \u2013 Feles\u00e9ge: Solt\u00e9sz R\u00e1khel. Testv\u00e9rei: P. L\u00e1szl\u00f3; P. Domokos; P. Zsigmond; P.J\u00f3zsi\u00e1s, feles\u00e9ge K\u00e1d\u00e1r Zsuzs\u00e1nna; P.Eszter Ambrus K\u00e1rolyn\u00e9; P. J\u00e1nos; P. Nina Pak\u00f3 J\u00f3zsefn\u00e9; P. Elek; P. J\u00f3zsef; P. Zsigmond. \u2013 Mv.-i v\u00e1rosi polg\u00e1r, a mv.-i ref. egyh\u00e1zk\u00f6zs\u00e9g tan\u00e1csosa, 1848\u201349.M\u00e1ty\u00e1s-husz\u00e1r \u00e9s a mv.-i f\u00fcggetlens\u00e9gi p\u00e1rt diszeln\u00f6ke. <br \/><strong>Irod.:<\/strong> Gy\u00e1szjelent\u0151<\/br><\/p>\n","protected":false},"excerpt":{"rendered":"<p>1827.? \u2020\u00a0Mv., 1908. \u00e1pr. 29.: v\u00e1rosi polg\u00e1r. \u2013 Feles\u00e9ge: Solt\u00e9sz R\u00e1khel. Testv\u00e9rei: P. L\u00e1szl\u00f3; P. Domokos; P. Zsigmond; P.J\u00f3zsi\u00e1s, feles\u00e9ge K\u00e1d\u00e1r Zsuzs\u00e1nna; P.Eszter Ambrus K\u00e1rolyn\u00e9; P. J\u00e1nos; P. Nina Pak\u00f3 J\u00f3zsefn\u00e9; P. Elek; P. J\u00f3zsef; P. Zsigmond. \u2013 Mv.-i v\u00e1rosi polg\u00e1r, a mv.-i ref. egyh\u00e1zk\u00f6zs\u00e9g tan\u00e1csosa, 1848\u201349.M\u00e1ty\u00e1s-husz\u00e1r \u00e9s a mv.-i f\u00fcggetlens\u00e9gi p\u00e1rt diszeln\u00f6ke. Irod.: Gy\u00e1szjelent\u0151<\/p>\n","protected":false},"featured_media":0,"comment_status":"open","ping_status":"closed","template":"","meta":[],"product_brand":[],"product_cat":[137],"product_tag":[],"class_list":{"0":"post-17555","1":"product","2":"type-product","3":"status-publish","5":"product_cat-maros-megyei-eletrajzi-lexikon","7":"first","8":"instock","9":"shipping-taxable","10":"product-type-simple"},"_links":{"self":[{"href":"https:\/\/uj.adatbank.ro\/lexikon\/wp-json\/wp\/v2\/product\/17555","targetHints":{"allow":["GET"]}}],"collection":[{"href":"https:\/\/uj.adatbank.ro\/lexikon\/wp-json\/wp\/v2\/product"}],"about":[{"href":"https:\/\/uj.adatbank.ro\/lexikon\/wp-json\/wp\/v2\/types\/product"}],"replies":[{"embeddable":true,"href":"https:\/\/uj.adatbank.ro\/lexikon\/wp-json\/wp\/v2\/comments?post=17555"}],"wp:attachment":[{"href":"https:\/\/uj.adatbank.ro\/lexikon\/wp-json\/wp\/v2\/media?parent=17555"}],"wp:term":[{"taxonomy":"product_brand","embeddable":true,"href":"https:\/\/uj.adatbank.ro\/lexikon\/wp-json\/wp\/v2\/product_brand?post=17555"},{"taxonomy":"product_cat","embeddable":true,"href":"https:\/\/uj.adatbank.ro\/lexikon\/wp-json\/wp\/v2\/product_cat?post=17555"},{"taxonomy":"product_tag","embeddable":true,"href":"https:\/\/uj.adatbank.ro\/lexikon\/wp-json\/wp\/v2\/product_tag?post=17555"}],"curies":[{"name":"wp","href":"https:\/\/api.w.org\/{rel}","templated":true}]}}