{"id":17556,"date":"2025-07-16T10:19:23","date_gmt":"2025-07-16T08:19:23","guid":{"rendered":"https:\/\/uj.adatbank.ro\/lexikon\/termek\/pap-janos-3\/"},"modified":"2025-07-16T10:19:23","modified_gmt":"2025-07-16T08:19:23","slug":"pap-janos-3","status":"publish","type":"product","link":"https:\/\/uj.adatbank.ro\/lexikon\/termek\/pap-janos-3\/","title":{"rendered":"PAP J\u00e1nos"},"content":{"rendered":"<p>? \u2020\u00a0?: r. k. pap. \u2013 Ny\u00e1r\u00e1dremet\u00e9n szolg\u00e1lt (1894\u20131908), ebben az id\u0151ben \u00e9p\u00fclt fel az iskola. Ny\u00e1r\u00e1dk\u00f6szv\u00e9nyesen alesperes-pl\u00e9b\u00e1nos (\u20131921. m\u00e1j. ), majd Farkaslak\u00e1ra helyezt\u00e9k. <br \/><strong>Irod.:<\/strong> F\u00fcl\u00f6p\u2013Ferencz; Maros-k\u00fck\u00fcll\u0151i f\u0151esp.; Moln\u00e1r Mikl\u00f3s: Eremitu-Ny\u00e1r\u00e1dremete k\u00f6zs\u00e9g keletkez\u00e9s\u00e9nek \u00e9s fejl\u0151d\u00e9s\u00e9nek t\u00f6rt\u00e9nete (Mv., 1931), A Szent Istv\u00e1n T\u00e1rsulat tagjainak n\u00e9vsora (Bp., 1898)<\/br><\/p>\n","protected":false},"excerpt":{"rendered":"<p>? \u2020\u00a0?: r. k. pap. \u2013 Ny\u00e1r\u00e1dremet\u00e9n szolg\u00e1lt (1894\u20131908), ebben az id\u0151ben \u00e9p\u00fclt fel az iskola. Ny\u00e1r\u00e1dk\u00f6szv\u00e9nyesen alesperes-pl\u00e9b\u00e1nos (\u20131921. m\u00e1j. ), majd Farkaslak\u00e1ra helyezt\u00e9k. Irod.: F\u00fcl\u00f6p\u2013Ferencz; Maros-k\u00fck\u00fcll\u0151i f\u0151esp.; Moln\u00e1r Mikl\u00f3s: Eremitu-Ny\u00e1r\u00e1dremete k\u00f6zs\u00e9g keletkez\u00e9s\u00e9nek \u00e9s fejl\u0151d\u00e9s\u00e9nek t\u00f6rt\u00e9nete (Mv., 1931), A Szent Istv\u00e1n T\u00e1rsulat tagjainak n\u00e9vsora (Bp., 1898)<\/p>\n","protected":false},"featured_media":0,"comment_status":"open","ping_status":"closed","template":"","meta":[],"product_brand":[],"product_cat":[137],"product_tag":[],"class_list":{"0":"post-17556","1":"product","2":"type-product","3":"status-publish","5":"product_cat-maros-megyei-eletrajzi-lexikon","7":"first","8":"instock","9":"shipping-taxable","10":"product-type-simple"},"_links":{"self":[{"href":"https:\/\/uj.adatbank.ro\/lexikon\/wp-json\/wp\/v2\/product\/17556","targetHints":{"allow":["GET"]}}],"collection":[{"href":"https:\/\/uj.adatbank.ro\/lexikon\/wp-json\/wp\/v2\/product"}],"about":[{"href":"https:\/\/uj.adatbank.ro\/lexikon\/wp-json\/wp\/v2\/types\/product"}],"replies":[{"embeddable":true,"href":"https:\/\/uj.adatbank.ro\/lexikon\/wp-json\/wp\/v2\/comments?post=17556"}],"wp:attachment":[{"href":"https:\/\/uj.adatbank.ro\/lexikon\/wp-json\/wp\/v2\/media?parent=17556"}],"wp:term":[{"taxonomy":"product_brand","embeddable":true,"href":"https:\/\/uj.adatbank.ro\/lexikon\/wp-json\/wp\/v2\/product_brand?post=17556"},{"taxonomy":"product_cat","embeddable":true,"href":"https:\/\/uj.adatbank.ro\/lexikon\/wp-json\/wp\/v2\/product_cat?post=17556"},{"taxonomy":"product_tag","embeddable":true,"href":"https:\/\/uj.adatbank.ro\/lexikon\/wp-json\/wp\/v2\/product_tag?post=17556"}],"curies":[{"name":"wp","href":"https:\/\/api.w.org\/{rel}","templated":true}]}}