{"id":17557,"date":"2025-07-16T10:19:26","date_gmt":"2025-07-16T08:19:26","guid":{"rendered":"https:\/\/uj.adatbank.ro\/lexikon\/termek\/pap-janos-4\/"},"modified":"2025-07-16T10:19:26","modified_gmt":"2025-07-16T08:19:26","slug":"pap-janos-4","status":"publish","type":"product","link":"https:\/\/uj.adatbank.ro\/lexikon\/termek\/pap-janos-4\/","title":{"rendered":"PAP J\u00e1nos"},"content":{"rendered":"<p>Radn\u00f3t, 1862, \u2020 ?: tan\u00edt\u00f3: Az enyedi k\u00e9pz\u0151 elv\u00e9gz\u00e9se ut\u00e1n ment Sely\u00e9be. J\u00f3 tan\u00edt\u00f3 \u00e9s mintagazda is volt. (1899\u20131909). <br \/><strong>Irod.:<\/strong> Ny\u00e1r\u00e1dselye \u00e9s egyh\u00e1za<\/br><\/p>\n","protected":false},"excerpt":{"rendered":"<p>Radn\u00f3t, 1862, \u2020 ?: tan\u00edt\u00f3: Az enyedi k\u00e9pz\u0151 elv\u00e9gz\u00e9se ut\u00e1n ment Sely\u00e9be. J\u00f3 tan\u00edt\u00f3 \u00e9s mintagazda is volt. (1899\u20131909). Irod.: Ny\u00e1r\u00e1dselye \u00e9s egyh\u00e1za<\/p>\n","protected":false},"featured_media":0,"comment_status":"open","ping_status":"closed","template":"","meta":[],"product_brand":[],"product_cat":[137],"product_tag":[],"class_list":{"0":"post-17557","1":"product","2":"type-product","3":"status-publish","5":"product_cat-maros-megyei-eletrajzi-lexikon","7":"first","8":"instock","9":"shipping-taxable","10":"product-type-simple"},"_links":{"self":[{"href":"https:\/\/uj.adatbank.ro\/lexikon\/wp-json\/wp\/v2\/product\/17557","targetHints":{"allow":["GET"]}}],"collection":[{"href":"https:\/\/uj.adatbank.ro\/lexikon\/wp-json\/wp\/v2\/product"}],"about":[{"href":"https:\/\/uj.adatbank.ro\/lexikon\/wp-json\/wp\/v2\/types\/product"}],"replies":[{"embeddable":true,"href":"https:\/\/uj.adatbank.ro\/lexikon\/wp-json\/wp\/v2\/comments?post=17557"}],"wp:attachment":[{"href":"https:\/\/uj.adatbank.ro\/lexikon\/wp-json\/wp\/v2\/media?parent=17557"}],"wp:term":[{"taxonomy":"product_brand","embeddable":true,"href":"https:\/\/uj.adatbank.ro\/lexikon\/wp-json\/wp\/v2\/product_brand?post=17557"},{"taxonomy":"product_cat","embeddable":true,"href":"https:\/\/uj.adatbank.ro\/lexikon\/wp-json\/wp\/v2\/product_cat?post=17557"},{"taxonomy":"product_tag","embeddable":true,"href":"https:\/\/uj.adatbank.ro\/lexikon\/wp-json\/wp\/v2\/product_tag?post=17557"}],"curies":[{"name":"wp","href":"https:\/\/api.w.org\/{rel}","templated":true}]}}