{"id":17559,"date":"2025-07-16T10:19:31","date_gmt":"2025-07-16T08:19:31","guid":{"rendered":"https:\/\/uj.adatbank.ro\/lexikon\/termek\/pap-janossy-bela-p-janossy-bela-janossi-bela-alneve-igric\/"},"modified":"2025-07-16T10:19:31","modified_gmt":"2025-07-16T08:19:31","slug":"pap-janossy-bela-p-janossy-bela-janossi-bela-alneve-igric","status":"publish","type":"product","link":"https:\/\/uj.adatbank.ro\/lexikon\/termek\/pap-janossy-bela-p-janossy-bela-janossi-bela-alneve-igric\/","title":{"rendered":"PAP J\u00c1NOSSY B\u00e9la; P. J\u00e1nossy B\u00e9la; J\u00e1nossi B\u00e9la; \u00c1lneve: Igric"},"content":{"rendered":"<p>Erd\u0151szentgy\u00f6rgy, 1883. okt. 20., \u2020 Kv., 1945. \u00e1pr. 23.a h\u00e1zsong\u00e1rdi temet\u0151ben nyugszik\u00a0: \u00edr\u00f3, k\u00f6lt\u0151, kritikus, szerkeszt\u0151. \u2013 K\u00f6z\u00e9piskol\u00e1it a sz\u00e9kelyudvarhelyi R. K. Gimn\u00e1ziumban v\u00e9gezte (1903); a kv.-i egyetemen szerzett jog- \u00e9s \u00e1llamtudom\u00e1nyi doktor\u00e1tust (1908). Irodalmi m\u0171k\u00f6d\u00e9se 1905-ben kezd\u0151d\u00f6tt\u00a0: verseit k\u00f6z\u00f6lte az Erd\u00a0\u00e9lyi Lapok Az Ellenz\u00e9k szerkeszt\u0151s\u00e9g\u00e9ben dolgozott (1905\u201310); fogalmaz\u00f3 a kv.i v\u00e1rosh\u00e1z\u00e1n (1910\u2013). A R. K. St\u00e1tus titk\u00e1ra (1910\u2013), a p\u00e1pai Nagy Szent Gergely Rend lovagja, oszt\u00e1lyeln\u00f6ke volt a Nagyv\u00e1radon m\u0171k\u00f6d\u0151 Katolikus Akad\u00e9mi\u00e1nak; a Kolozsmonostori r. k. egyh\u00e1z f\u0151gondnoka volt. Tagja volt a temesv\u00e1ri Arany J\u00e1nos T\u00e1rsas\u00e1gnak \u00e9s a bp.-i Pet\u0151fi T\u00e1rsas\u00e1gnak. felel\u0151s szerkeszt\u0151je a H\u00edrn\u00f6knek (1921\u201344), a Magyar N\u00e9pnek (1943\u201344). Irodalmi m\u0171k\u00f6d\u00e9se 1905-ben kezd\u0151d\u00f6tt\u00a0: \u00edrt verseket, m\u0171kedvel\u0151 sz\u00ednpadok sz\u00e1m\u00e1ra sz\u00edndarabokat, amelyek k\u00f6z\u00fcl kiemelked\u0151 sikert aratott a Th\u00fcringia r\u00f3zs\u00e1ja, amelyet a kv.-i sz\u00ednh\u00e1z mutatott be (1931. nov. 20), reg\u00e9nyeket amelyeknek t\u00e1rgy\u00e1t z\u00f6mmel a szentek \u00e9let\u00e9b\u0151l mer\u00edtette. A rom\u00e1n Csillagrend tisztje kit\u0171ntet\u00e9sek jelzik tev\u00e9kenys\u00e9g\u00e9nek egyh\u00e1zi \u00e9s vil\u00e1gi elismer\u00e9s\u00e9t. \u2013 <strong>F. m.:<\/strong> Embersz\u00edvek (Kv., 1907); Vir\u00e1g\u00e9nek (Kv., 1908); Az \u00e9let mell\u0151l (Kv., 1911); Magyar f\u00f6ld\u00f6n (Kv., 1913); V\u00e9res galamb (Kv., 1918); Halhatatlan hal\u00e1l (Kv., 1922); Pet\u0151fi (Kv., 1923); K\u00f6rbe k\u00f6r\u00e9nk gyermekek (Kv., 1924); Lisieux-i Kis Szent Ter\u00e9z \u00e9lete k\u00e9pekben (Kv., 1926); Ferenc a csod\u00e1latos ember (Kv., 1927); A cs\u00e1sz\u00e1r b\u0171nbakja (Kv., 1927); Sziv\u00e1rv\u00e1ny (Kv., 1929); Mister Nemere (Kv., 1929); Vejemuram (Kv., 1929); Krisztus \u00fatja a K\u00e1lv\u00e1ri\u00e1n (Kv., 1933); Cs\u00f3kol a kir\u00e1ly (Kv., 1934); \u00c9g\u0151 csipkebokor (Kv., 1936); Kir\u00e1ly dali\u00e1ja (Kv., 1935); \u00c1rva viol\u00e1cska (Kv., 1937); F\u00fclem\u00fcle a viharban (Kv., 1937); Elef\u00e1ncsont l\u00e9lek (Kv., 1939); Salg\u00f3i farkasok (Kv., 1943), <strong>antol\u00f3g.:<\/strong> Versekben t\u00fcnd\u00f6kl\u0151 Erd\u00e9ly (Kv., 1941). <br \/><strong>Irod.:<\/strong> EM; F\u00fcl\u00f6p\u2013Ferencz; H\u00e1zsong\u00e1rd; MIL; Molter 1.; Pint\u00e9r; Pomog\u00e1ts 1.; RMIL 4; RNL; Sepsisz\u00e9ki, Sch\u00f6pflin<\/br><\/p>\n","protected":false},"excerpt":{"rendered":"<p>Erd\u0151szentgy\u00f6rgy, 1883. okt. 20., \u2020 Kv., 1945. \u00e1pr. 23.a h\u00e1zsong\u00e1rdi temet\u0151ben nyugszik\u00a0: \u00edr\u00f3, k\u00f6lt\u0151, kritikus, szerkeszt\u0151. \u2013 K\u00f6z\u00e9piskol\u00e1it a sz\u00e9kelyudvarhelyi R. K. Gimn\u00e1ziumban v\u00e9gezte (1903); a kv.-i egyetemen szerzett jog- \u00e9s \u00e1llamtudom\u00e1nyi doktor\u00e1tust (1908). Irodalmi m\u0171k\u00f6d\u00e9se 1905-ben kezd\u0151d\u00f6tt\u00a0: verseit k\u00f6z\u00f6lte az Erd\u00a0\u00e9lyi Lapok Az Ellenz\u00e9k szerkeszt\u0151s\u00e9g\u00e9ben dolgozott (1905\u201310); fogalmaz\u00f3 a kv.i v\u00e1rosh\u00e1z\u00e1n (1910\u2013). A R. [&hellip;]<\/p>\n","protected":false},"featured_media":0,"comment_status":"open","ping_status":"closed","template":"","meta":[],"product_brand":[],"product_cat":[137],"product_tag":[],"class_list":{"0":"post-17559","1":"product","2":"type-product","3":"status-publish","5":"product_cat-maros-megyei-eletrajzi-lexikon","7":"first","8":"instock","9":"shipping-taxable","10":"product-type-simple"},"_links":{"self":[{"href":"https:\/\/uj.adatbank.ro\/lexikon\/wp-json\/wp\/v2\/product\/17559","targetHints":{"allow":["GET"]}}],"collection":[{"href":"https:\/\/uj.adatbank.ro\/lexikon\/wp-json\/wp\/v2\/product"}],"about":[{"href":"https:\/\/uj.adatbank.ro\/lexikon\/wp-json\/wp\/v2\/types\/product"}],"replies":[{"embeddable":true,"href":"https:\/\/uj.adatbank.ro\/lexikon\/wp-json\/wp\/v2\/comments?post=17559"}],"wp:attachment":[{"href":"https:\/\/uj.adatbank.ro\/lexikon\/wp-json\/wp\/v2\/media?parent=17559"}],"wp:term":[{"taxonomy":"product_brand","embeddable":true,"href":"https:\/\/uj.adatbank.ro\/lexikon\/wp-json\/wp\/v2\/product_brand?post=17559"},{"taxonomy":"product_cat","embeddable":true,"href":"https:\/\/uj.adatbank.ro\/lexikon\/wp-json\/wp\/v2\/product_cat?post=17559"},{"taxonomy":"product_tag","embeddable":true,"href":"https:\/\/uj.adatbank.ro\/lexikon\/wp-json\/wp\/v2\/product_tag?post=17559"}],"curies":[{"name":"wp","href":"https:\/\/api.w.org\/{rel}","templated":true}]}}