{"id":1756,"date":"2025-06-28T11:52:08","date_gmt":"2025-06-28T09:52:08","guid":{"rendered":"https:\/\/uj.adatbank.ro\/lexikon\/termek\/aldea-aurel\/"},"modified":"2025-06-28T11:52:08","modified_gmt":"2025-06-28T09:52:08","slug":"aldea-aurel","status":"publish","type":"product","link":"https:\/\/uj.adatbank.ro\/lexikon\/termek\/aldea-aurel\/","title":{"rendered":"ALDEA Aurel"},"content":{"rendered":"<p>? \u2020 ? : ort. pap. \u2013 Ball\u00e1n szolg\u00e1lata idej\u00e9ben (1954\u201364), renov\u00e1lt\u00e1k a r\u00e9gi templomot k\u00edv\u00fclr\u0151l (1956), kicser\u00e9ltette a templom ablakait. <br \/><strong>Irod.:<\/strong> \u015eincan 2006<\/br><\/p>\n","protected":false},"excerpt":{"rendered":"<p>? \u2020 ? : ort. pap. \u2013 Ball\u00e1n szolg\u00e1lata idej\u00e9ben (1954\u201364), renov\u00e1lt\u00e1k a r\u00e9gi templomot k\u00edv\u00fclr\u0151l (1956), kicser\u00e9ltette a templom ablakait. Irod.: \u015eincan 2006<\/p>\n","protected":false},"featured_media":0,"comment_status":"open","ping_status":"closed","template":"","meta":[],"product_brand":[],"product_cat":[137],"product_tag":[],"class_list":{"0":"post-1756","1":"product","2":"type-product","3":"status-publish","5":"product_cat-maros-megyei-eletrajzi-lexikon","7":"first","8":"instock","9":"shipping-taxable","10":"product-type-simple"},"_links":{"self":[{"href":"https:\/\/uj.adatbank.ro\/lexikon\/wp-json\/wp\/v2\/product\/1756","targetHints":{"allow":["GET"]}}],"collection":[{"href":"https:\/\/uj.adatbank.ro\/lexikon\/wp-json\/wp\/v2\/product"}],"about":[{"href":"https:\/\/uj.adatbank.ro\/lexikon\/wp-json\/wp\/v2\/types\/product"}],"replies":[{"embeddable":true,"href":"https:\/\/uj.adatbank.ro\/lexikon\/wp-json\/wp\/v2\/comments?post=1756"}],"wp:attachment":[{"href":"https:\/\/uj.adatbank.ro\/lexikon\/wp-json\/wp\/v2\/media?parent=1756"}],"wp:term":[{"taxonomy":"product_brand","embeddable":true,"href":"https:\/\/uj.adatbank.ro\/lexikon\/wp-json\/wp\/v2\/product_brand?post=1756"},{"taxonomy":"product_cat","embeddable":true,"href":"https:\/\/uj.adatbank.ro\/lexikon\/wp-json\/wp\/v2\/product_cat?post=1756"},{"taxonomy":"product_tag","embeddable":true,"href":"https:\/\/uj.adatbank.ro\/lexikon\/wp-json\/wp\/v2\/product_tag?post=1756"}],"curies":[{"name":"wp","href":"https:\/\/api.w.org\/{rel}","templated":true}]}}