{"id":17561,"date":"2025-07-16T10:19:34","date_gmt":"2025-07-16T08:19:34","guid":{"rendered":"https:\/\/uj.adatbank.ro\/lexikon\/termek\/pap-karoly\/"},"modified":"2025-07-16T10:19:34","modified_gmt":"2025-07-16T08:19:34","slug":"pap-karoly","status":"publish","type":"product","link":"https:\/\/uj.adatbank.ro\/lexikon\/termek\/pap-karoly\/","title":{"rendered":"PAP K\u00e1roly"},"content":{"rendered":"<p>? \u2020\u00a0?:v\u00e1llalkoz\u00f3, polg\u00e1rmester. \u2013 A mozi b\u00e9rl\u0151je, igazgat\u00f3ja Mv.-en (1927. nov.- nov. 1.), v\u00e1rosi f\u0151p\u00e9nzt\u00e1ros dr. (1931. szept. 22.\u2013) Polg\u00e1rmesterhelyettes, v\u00e1rosi tan\u00e1csos Mv.-en (1940\u201343 \u00e9vekben). <br \/><strong>Irod.:<\/strong> Ga\u00e1l: Kv. vonz\u00e1s\u00e1ban<\/br><\/p>\n","protected":false},"excerpt":{"rendered":"<p>? \u2020\u00a0?:v\u00e1llalkoz\u00f3, polg\u00e1rmester. \u2013 A mozi b\u00e9rl\u0151je, igazgat\u00f3ja Mv.-en (1927. nov.- nov. 1.), v\u00e1rosi f\u0151p\u00e9nzt\u00e1ros dr. (1931. szept. 22.\u2013) Polg\u00e1rmesterhelyettes, v\u00e1rosi tan\u00e1csos Mv.-en (1940\u201343 \u00e9vekben). Irod.: Ga\u00e1l: Kv. vonz\u00e1s\u00e1ban<\/p>\n","protected":false},"featured_media":0,"comment_status":"open","ping_status":"closed","template":"","meta":[],"product_brand":[],"product_cat":[137],"product_tag":[],"class_list":{"0":"post-17561","1":"product","2":"type-product","3":"status-publish","5":"product_cat-maros-megyei-eletrajzi-lexikon","7":"first","8":"instock","9":"shipping-taxable","10":"product-type-simple"},"_links":{"self":[{"href":"https:\/\/uj.adatbank.ro\/lexikon\/wp-json\/wp\/v2\/product\/17561","targetHints":{"allow":["GET"]}}],"collection":[{"href":"https:\/\/uj.adatbank.ro\/lexikon\/wp-json\/wp\/v2\/product"}],"about":[{"href":"https:\/\/uj.adatbank.ro\/lexikon\/wp-json\/wp\/v2\/types\/product"}],"replies":[{"embeddable":true,"href":"https:\/\/uj.adatbank.ro\/lexikon\/wp-json\/wp\/v2\/comments?post=17561"}],"wp:attachment":[{"href":"https:\/\/uj.adatbank.ro\/lexikon\/wp-json\/wp\/v2\/media?parent=17561"}],"wp:term":[{"taxonomy":"product_brand","embeddable":true,"href":"https:\/\/uj.adatbank.ro\/lexikon\/wp-json\/wp\/v2\/product_brand?post=17561"},{"taxonomy":"product_cat","embeddable":true,"href":"https:\/\/uj.adatbank.ro\/lexikon\/wp-json\/wp\/v2\/product_cat?post=17561"},{"taxonomy":"product_tag","embeddable":true,"href":"https:\/\/uj.adatbank.ro\/lexikon\/wp-json\/wp\/v2\/product_tag?post=17561"}],"curies":[{"name":"wp","href":"https:\/\/api.w.org\/{rel}","templated":true}]}}