{"id":17563,"date":"2025-07-16T10:19:38","date_gmt":"2025-07-16T08:19:38","guid":{"rendered":"https:\/\/uj.adatbank.ro\/lexikon\/termek\/pap-lorincz\/"},"modified":"2025-07-16T10:19:38","modified_gmt":"2025-07-16T08:19:38","slug":"pap-lorincz","status":"publish","type":"product","link":"https:\/\/uj.adatbank.ro\/lexikon\/termek\/pap-lorincz\/","title":{"rendered":"PAP L\u0151rincz"},"content":{"rendered":"<p>M\u00e1r\u00e9falva, 1837. aug. 24., \u2020\u00a01910. m\u00e1rc. 8.: r. k. pap. \u2013 Papp\u00e1 szentelt\u00e9k (1861. j\u00fal. 3..). K\u00e1pl\u00e1n Mv.-en, Nagyk\u00e1szonban, helyettes pl\u00e9b\u00e1nos Cs\u00edkszentsimonban \u00e9s Cs\u00edkszentimr\u00e9n. Lelkip\u00e1sztor Egrest\u0151n (1866\u201393), Bal\u00e1nb\u00e1ny\u00e1n (1893), nyugd\u00edjazt\u00e1k mint M\u00e1r\u00e9falvi pl\u00e9b\u00e1nos (1903). <br \/><strong>Irod.:<\/strong> Ferenczi S\u00e1ndor 2009<\/br><\/p>\n","protected":false},"excerpt":{"rendered":"<p>M\u00e1r\u00e9falva, 1837. aug. 24., \u2020\u00a01910. m\u00e1rc. 8.: r. k. pap. \u2013 Papp\u00e1 szentelt\u00e9k (1861. j\u00fal. 3..). K\u00e1pl\u00e1n Mv.-en, Nagyk\u00e1szonban, helyettes pl\u00e9b\u00e1nos Cs\u00edkszentsimonban \u00e9s Cs\u00edkszentimr\u00e9n. Lelkip\u00e1sztor Egrest\u0151n (1866\u201393), Bal\u00e1nb\u00e1ny\u00e1n (1893), nyugd\u00edjazt\u00e1k mint M\u00e1r\u00e9falvi pl\u00e9b\u00e1nos (1903). Irod.: Ferenczi S\u00e1ndor 2009<\/p>\n","protected":false},"featured_media":0,"comment_status":"open","ping_status":"closed","template":"","meta":[],"product_brand":[],"product_cat":[137],"product_tag":[],"class_list":{"0":"post-17563","1":"product","2":"type-product","3":"status-publish","5":"product_cat-maros-megyei-eletrajzi-lexikon","7":"first","8":"instock","9":"shipping-taxable","10":"product-type-simple"},"_links":{"self":[{"href":"https:\/\/uj.adatbank.ro\/lexikon\/wp-json\/wp\/v2\/product\/17563","targetHints":{"allow":["GET"]}}],"collection":[{"href":"https:\/\/uj.adatbank.ro\/lexikon\/wp-json\/wp\/v2\/product"}],"about":[{"href":"https:\/\/uj.adatbank.ro\/lexikon\/wp-json\/wp\/v2\/types\/product"}],"replies":[{"embeddable":true,"href":"https:\/\/uj.adatbank.ro\/lexikon\/wp-json\/wp\/v2\/comments?post=17563"}],"wp:attachment":[{"href":"https:\/\/uj.adatbank.ro\/lexikon\/wp-json\/wp\/v2\/media?parent=17563"}],"wp:term":[{"taxonomy":"product_brand","embeddable":true,"href":"https:\/\/uj.adatbank.ro\/lexikon\/wp-json\/wp\/v2\/product_brand?post=17563"},{"taxonomy":"product_cat","embeddable":true,"href":"https:\/\/uj.adatbank.ro\/lexikon\/wp-json\/wp\/v2\/product_cat?post=17563"},{"taxonomy":"product_tag","embeddable":true,"href":"https:\/\/uj.adatbank.ro\/lexikon\/wp-json\/wp\/v2\/product_tag?post=17563"}],"curies":[{"name":"wp","href":"https:\/\/api.w.org\/{rel}","templated":true}]}}