{"id":17565,"date":"2025-07-16T10:19:41","date_gmt":"2025-07-16T08:19:41","guid":{"rendered":"https:\/\/uj.adatbank.ro\/lexikon\/termek\/pap-sandor\/"},"modified":"2025-07-16T10:19:41","modified_gmt":"2025-07-16T08:19:41","slug":"pap-sandor","status":"publish","type":"product","link":"https:\/\/uj.adatbank.ro\/lexikon\/termek\/pap-sandor\/","title":{"rendered":"PAP S\u00e1ndor"},"content":{"rendered":"<p>? \u2020 ?: unit. pap. \u2013 Feles\u00e9ge Cseh Juli\u00e1nna. Nagykad\u00e1csb\u00f3l \u00e9rkezett Szenth\u00e1roms\u00e1gra lelk\u00e9sz-tan\u00edt\u00f3nak (1885. m\u00e1j. 31\u20131919), Kisadorj\u00e1nban is szolg\u00e1lt, majd fia Gyula vette \u00e1t a hely\u00e9t (1914\u201349). Szolg\u00e1lata idej\u00e9n \u00e9p\u00fclt a papi lak, \u00faj iskola, templom. Az Egyh\u00e1zi K\u00e9pvisel\u0151 Tan\u00e1cs k\u00e9r\u00e9s\u00e9re meg\u00edrta a Szenth\u00e1roms\u00e1gi unit egyh\u00e1zk\u00f6zs\u00e9g t\u00f6rt\u00e9net\u00e9t (1911). Idej\u00e9ben Ifj\u00fas\u00e1gi Egylet, Gazdak\u00f6r, EMKE, n\u00e9pk\u00f6nyvt\u00e1r, Olvas\u00f3k\u00f6r m\u0171k\u00f6d\u00f6tt az egyh\u00e1zk\u00f6zs\u00e9gben. <br \/><strong>Irod.:<\/strong> Kisadorj\u00e1n, S\u00e1ndor Szil\u00e1rd; Szenth\u00e1roms\u00e1g<\/br><\/p>\n","protected":false},"excerpt":{"rendered":"<p>? \u2020 ?: unit. pap. \u2013 Feles\u00e9ge Cseh Juli\u00e1nna. Nagykad\u00e1csb\u00f3l \u00e9rkezett Szenth\u00e1roms\u00e1gra lelk\u00e9sz-tan\u00edt\u00f3nak (1885. m\u00e1j. 31\u20131919), Kisadorj\u00e1nban is szolg\u00e1lt, majd fia Gyula vette \u00e1t a hely\u00e9t (1914\u201349). Szolg\u00e1lata idej\u00e9n \u00e9p\u00fclt a papi lak, \u00faj iskola, templom. Az Egyh\u00e1zi K\u00e9pvisel\u0151 Tan\u00e1cs k\u00e9r\u00e9s\u00e9re meg\u00edrta a Szenth\u00e1roms\u00e1gi unit egyh\u00e1zk\u00f6zs\u00e9g t\u00f6rt\u00e9net\u00e9t (1911). Idej\u00e9ben Ifj\u00fas\u00e1gi Egylet, Gazdak\u00f6r, EMKE, n\u00e9pk\u00f6nyvt\u00e1r, Olvas\u00f3k\u00f6r [&hellip;]<\/p>\n","protected":false},"featured_media":0,"comment_status":"open","ping_status":"closed","template":"","meta":[],"product_brand":[],"product_cat":[137],"product_tag":[],"class_list":{"0":"post-17565","1":"product","2":"type-product","3":"status-publish","5":"product_cat-maros-megyei-eletrajzi-lexikon","7":"first","8":"instock","9":"shipping-taxable","10":"product-type-simple"},"_links":{"self":[{"href":"https:\/\/uj.adatbank.ro\/lexikon\/wp-json\/wp\/v2\/product\/17565","targetHints":{"allow":["GET"]}}],"collection":[{"href":"https:\/\/uj.adatbank.ro\/lexikon\/wp-json\/wp\/v2\/product"}],"about":[{"href":"https:\/\/uj.adatbank.ro\/lexikon\/wp-json\/wp\/v2\/types\/product"}],"replies":[{"embeddable":true,"href":"https:\/\/uj.adatbank.ro\/lexikon\/wp-json\/wp\/v2\/comments?post=17565"}],"wp:attachment":[{"href":"https:\/\/uj.adatbank.ro\/lexikon\/wp-json\/wp\/v2\/media?parent=17565"}],"wp:term":[{"taxonomy":"product_brand","embeddable":true,"href":"https:\/\/uj.adatbank.ro\/lexikon\/wp-json\/wp\/v2\/product_brand?post=17565"},{"taxonomy":"product_cat","embeddable":true,"href":"https:\/\/uj.adatbank.ro\/lexikon\/wp-json\/wp\/v2\/product_cat?post=17565"},{"taxonomy":"product_tag","embeddable":true,"href":"https:\/\/uj.adatbank.ro\/lexikon\/wp-json\/wp\/v2\/product_tag?post=17565"}],"curies":[{"name":"wp","href":"https:\/\/api.w.org\/{rel}","templated":true}]}}