{"id":17566,"date":"2025-07-16T10:19:43","date_gmt":"2025-07-16T08:19:43","guid":{"rendered":"https:\/\/uj.adatbank.ro\/lexikon\/termek\/pap-sandor-2\/"},"modified":"2025-07-16T10:19:43","modified_gmt":"2025-07-16T08:19:43","slug":"pap-sandor-2","status":"publish","type":"product","link":"https:\/\/uj.adatbank.ro\/lexikon\/termek\/pap-sandor-2\/","title":{"rendered":"PAP S\u00e1ndor"},"content":{"rendered":"<p>? \u2020\u00a0?: Mv.-en iskolaigazgat\u00f3. \u2013 Sebess D\u00e9nessel ind\u00edtotta \u00e9s szerkesztette a Marosv\u00e1s\u00e1rhely c. h\u00edrlapot (1898\u20131900). A Mv.-i Sz\u00e9kely T\u00e1rsas\u00e1g alap\u00edt\u00f3tagja.<br \/><strong>Irod.:<\/strong> Er\u0151ss, \u00d6kr\u00f6s<\/br><\/p>\n","protected":false},"excerpt":{"rendered":"<p>? \u2020\u00a0?: Mv.-en iskolaigazgat\u00f3. \u2013 Sebess D\u00e9nessel ind\u00edtotta \u00e9s szerkesztette a Marosv\u00e1s\u00e1rhely c. h\u00edrlapot (1898\u20131900). A Mv.-i Sz\u00e9kely T\u00e1rsas\u00e1g alap\u00edt\u00f3tagja.Irod.: Er\u0151ss, \u00d6kr\u00f6s<\/p>\n","protected":false},"featured_media":0,"comment_status":"open","ping_status":"closed","template":"","meta":[],"product_brand":[],"product_cat":[137],"product_tag":[],"class_list":{"0":"post-17566","1":"product","2":"type-product","3":"status-publish","5":"product_cat-maros-megyei-eletrajzi-lexikon","7":"first","8":"instock","9":"shipping-taxable","10":"product-type-simple"},"_links":{"self":[{"href":"https:\/\/uj.adatbank.ro\/lexikon\/wp-json\/wp\/v2\/product\/17566","targetHints":{"allow":["GET"]}}],"collection":[{"href":"https:\/\/uj.adatbank.ro\/lexikon\/wp-json\/wp\/v2\/product"}],"about":[{"href":"https:\/\/uj.adatbank.ro\/lexikon\/wp-json\/wp\/v2\/types\/product"}],"replies":[{"embeddable":true,"href":"https:\/\/uj.adatbank.ro\/lexikon\/wp-json\/wp\/v2\/comments?post=17566"}],"wp:attachment":[{"href":"https:\/\/uj.adatbank.ro\/lexikon\/wp-json\/wp\/v2\/media?parent=17566"}],"wp:term":[{"taxonomy":"product_brand","embeddable":true,"href":"https:\/\/uj.adatbank.ro\/lexikon\/wp-json\/wp\/v2\/product_brand?post=17566"},{"taxonomy":"product_cat","embeddable":true,"href":"https:\/\/uj.adatbank.ro\/lexikon\/wp-json\/wp\/v2\/product_cat?post=17566"},{"taxonomy":"product_tag","embeddable":true,"href":"https:\/\/uj.adatbank.ro\/lexikon\/wp-json\/wp\/v2\/product_tag?post=17566"}],"curies":[{"name":"wp","href":"https:\/\/api.w.org\/{rel}","templated":true}]}}