{"id":17567,"date":"2025-07-16T10:19:45","date_gmt":"2025-07-16T08:19:45","guid":{"rendered":"https:\/\/uj.adatbank.ro\/lexikon\/termek\/pap-sandor-3\/"},"modified":"2025-07-16T10:19:45","modified_gmt":"2025-07-16T08:19:45","slug":"pap-sandor-3","status":"publish","type":"product","link":"https:\/\/uj.adatbank.ro\/lexikon\/termek\/pap-sandor-3\/","title":{"rendered":"PAP S\u00e1ndor"},"content":{"rendered":"<p>? \u2020\u00a0?\u00a0:tan\u00e1r. \u2013 A MOGYE \u00e9s a mv.-i volt Ref. Koll.-ban, az akkori Ranghe\u0163 Fi\u00fal\u00edc-ban, a mai Bolyai Farkas L\u00edc-ban tan\u00edtott testnevel\u00e9st (1947\u201354). <br \/><strong>Irod.:<\/strong> Sk\u00f3la<\/br><\/p>\n","protected":false},"excerpt":{"rendered":"<p>? \u2020\u00a0?\u00a0:tan\u00e1r. \u2013 A MOGYE \u00e9s a mv.-i volt Ref. Koll.-ban, az akkori Ranghe\u0163 Fi\u00fal\u00edc-ban, a mai Bolyai Farkas L\u00edc-ban tan\u00edtott testnevel\u00e9st (1947\u201354). Irod.: Sk\u00f3la<\/p>\n","protected":false},"featured_media":0,"comment_status":"open","ping_status":"closed","template":"","meta":[],"product_brand":[],"product_cat":[137],"product_tag":[],"class_list":{"0":"post-17567","1":"product","2":"type-product","3":"status-publish","5":"product_cat-maros-megyei-eletrajzi-lexikon","7":"first","8":"instock","9":"shipping-taxable","10":"product-type-simple"},"_links":{"self":[{"href":"https:\/\/uj.adatbank.ro\/lexikon\/wp-json\/wp\/v2\/product\/17567","targetHints":{"allow":["GET"]}}],"collection":[{"href":"https:\/\/uj.adatbank.ro\/lexikon\/wp-json\/wp\/v2\/product"}],"about":[{"href":"https:\/\/uj.adatbank.ro\/lexikon\/wp-json\/wp\/v2\/types\/product"}],"replies":[{"embeddable":true,"href":"https:\/\/uj.adatbank.ro\/lexikon\/wp-json\/wp\/v2\/comments?post=17567"}],"wp:attachment":[{"href":"https:\/\/uj.adatbank.ro\/lexikon\/wp-json\/wp\/v2\/media?parent=17567"}],"wp:term":[{"taxonomy":"product_brand","embeddable":true,"href":"https:\/\/uj.adatbank.ro\/lexikon\/wp-json\/wp\/v2\/product_brand?post=17567"},{"taxonomy":"product_cat","embeddable":true,"href":"https:\/\/uj.adatbank.ro\/lexikon\/wp-json\/wp\/v2\/product_cat?post=17567"},{"taxonomy":"product_tag","embeddable":true,"href":"https:\/\/uj.adatbank.ro\/lexikon\/wp-json\/wp\/v2\/product_tag?post=17567"}],"curies":[{"name":"wp","href":"https:\/\/api.w.org\/{rel}","templated":true}]}}